{"id":154,"date":"2024-05-21T16:42:10","date_gmt":"2024-05-21T07:42:10","guid":{"rendered":"https:\/\/www.dhw.ac.jp\/vn\/?page_id=154"},"modified":"2024-05-30T12:45:05","modified_gmt":"2024-05-30T03:45:05","slug":"pp","status":"publish","type":"page","link":"https:\/\/www.dhw.ac.jp\/vn\/pp\/","title":{"rendered":"Ch\u00ednh s\u00e1ch b\u1ea3o m\u1eadt th\u00f4ng tin c\u00e1 nh\u00e2n"},"content":{"rendered":"\n<h2 class=\"wp-block-heading\">Quan \u0111i\u1ec3m c\u1ee7a nh\u00e0 tr\u01b0\u1eddng v\u1ec1 th\u00f4ng tin c\u00e1 nh\u00e2n<\/h2>\n\n\n\n<p>T\u1ea1i \u0110H Digital Hollywood (d\u01b0\u1edbi \u0111\u00e2y g\u1ecdi l\u00e0 DHU), ch\u00fang t\u00f4i ngh\u0129 r\u1eb1ng c\u1ea7n ph\u1ea3i b\u1ea3o m\u1eadt th\u00f4ng tin c\u1ee7a sinh vi\u00ean hi\u1ec7n \u0111ang theo h\u1ecdc t\u1ea1i tr\u01b0\u1eddng, sinh vi\u00ean \u0111\u00e3 t\u1ed1t nghi\u1ec7p, sinh vi\u00ean cao h\u1ecdc, sinh vi\u00ean \u0111\u0103ng k\u00fd h\u1ecdc theo t\u00edn ch\u1ec9, sinh vi\u00ean d\u1ef1 th\u00ednh, nghi\u00ean c\u1ee9u sinh, ng\u01b0\u1eddi d\u1ef1 thi, ng\u01b0\u1eddi b\u1ea3o l\u00e3nh, c\u0169ng nh\u01b0 nh\u1eefng ng\u01b0\u1eddi \u0111\u0103ng k\u00fd, tham gia v\u00e0o c\u00e1c s\u1ef1 ki\u1ec7n (d\u01b0\u1edbi \u0111\u00e2y g\u1ecdi l\u00e0 h\u1ecdc vi\u00ean) v\u00e0 th\u00f4ng tin c\u1ee7a gi\u00e1o vi\u00ean, m\u1ed9t c\u00e1ch ch\u1eb7t ch\u1ebd v\u00e0 coi vi\u1ec7c qu\u1ea3n l\u00fd b\u1ea3o m\u1eadt th\u00f4ng tin l\u00e0 tr\u00e1ch nhi\u1ec7m v\u1edbi x\u00e3 h\u1ed9i. Quan \u0111i\u1ec3m c\u1ee7a nh\u00e0 tr\u01b0\u1eddng v\u1ec1 th\u00f4ng tin c\u00e1 nh\u00e2n \u0111\u01b0\u1ee3c tr\u00ecnh b\u00e0y chi ti\u1ebft nh\u01b0 d\u01b0\u1edbi \u0111\u00e2y.<\/p>\n\n\n\n<h2 class=\"wp-block-heading\">V\u1ec1 vi\u1ec7c thu th\u1eadp th\u00f4ng tin c\u00e1 nh\u00e2n<\/h2>\n\n\n\n<p>T\u1ea1i DHU, ch\u00fang t\u00f4i c\u00f3 y\u00eau c\u1ea7u cung c\u1ea5p th\u00f4ng tin c\u00e1 nh\u00e2n c\u1ee7a sinh vi\u00ean c\u0169ng nh\u01b0 c\u1ee7a gi\u00e1o vi\u00ean v\u00ec l\u00fd do c\u00f4ng vi\u1ec7c h\u00e0nh ch\u00ednh nh\u01b0 \u0111i\u1ec1n form, \u0111\u01a1n \u0111\u0103ng k\u00ed,&#8230; Tr\u01b0\u1edbc khi thu th\u1eadp th\u00f4ng tin, DHU s\u1ebd tr\u00ecnh b\u00e0y r\u00f5 r\u00e0ng l\u00fd do, m\u1ee5c \u0111\u00edch s\u1eed d\u1ee5ng v\u00e0 ch\u1ec9 ti\u1ebfn h\u00e0nh thu th\u1eadp th\u00f4ng tin sau khi nh\u1eadn \u0111\u01b0\u1ee3c s\u1ef1 \u0111\u1ed3ng \u00fd c\u1ee7a sinh vi\u00ean v\u00e0 gi\u00e1o vi\u00ean. Ch\u00fang t\u00f4i tuy\u1ec7t \u0111\u1ed1i kh\u00f4ng ti\u1ebfn h\u00e0nh thu th\u1eadp th\u00f4ng tin m\u00e0 kh\u00f4ng \u0111\u01b0\u1ee3c s\u1ef1 ch\u1ea5p thu\u1eadn c\u1ee7a sinh vi\u00ean v\u00e0 gi\u00e1o vi\u00ean.<\/p>\n\n\n\n<h2 class=\"wp-block-heading\">V\u1ec1 m\u1ee5c \u0111\u00edch s\u1eed d\u1ee5ng th\u00f4ng tin c\u00e1 nh\u00e2n<\/h2>\n\n\n\n<p>Th\u00f4ng tin c\u00e1 nh\u00e2n s\u1ebd ch\u1ec9 \u0111\u01b0\u1ee3c s\u1eed d\u1ee5ng nh\u1eb1m nh\u1eefng m\u1ee5c \u0111\u00edch sau:<\/p>\n\n\n\n<ol class=\"wp-block-list\">\n<li>G\u1eedi c\u00e1c lo\u1ea1i h\u00f3a \u0111\u01a1n<\/li>\n\n\n\n<li>C\u00e1c c\u00f4ng vi\u1ec7c h\u00e0nh ch\u00ednh li\u00ean quan \u0111\u1ebfn h\u01b0\u1edbng d\u1eabn nh\u1eadp h\u1ecdc, k\u1ef3 thi nh\u1eadp h\u1ecdc&#8230;<\/li>\n\n\n\n<li>C\u00e1c c\u00f4ng vi\u1ec7c li\u00ean quan \u0111\u1ebfn gi\u00e1o v\u1ee5, h\u1ecdc v\u1ee5, b\u1ea3o hi\u1ec3m, h\u1ed7 tr\u1ee3 vi\u1ec7c l\u00e0m hay h\u01b0\u1edbng d\u1eabn h\u1ecdc l\u00ean cao<\/li>\n\n\n\n<li>C\u00e1c c\u00f4ng vi\u1ec7c li\u00ean quan \u0111\u1ebfn qu\u1ea3n l\u00fd, x\u00e1c nh\u1eadn sinh vi\u00ean, k\u1ebft qu\u1ea3 h\u1ecdc t\u1eadp, t\u1ed1t nghi\u1ec7p v\u00e0 t\u00ecnh tr\u1ea1ng s\u1ee9c kh\u1ecfe&#8230;<\/li>\n\n\n\n<li>C\u00e1c c\u00f4ng vi\u1ec7c li\u00ean quan \u0111\u1ebfn mua b\u00e1n, cung c\u1ea5p ph\u1ea7n m\u1ec1m, ph\u1ea7n c\u1ee9ng, gi\u00e1o tr\u00ecnh&#8230;<\/li>\n\n\n\n<li>C\u00e1c c\u00f4ng vi\u1ec7c li\u00ean quan \u0111\u1ebfn h\u01b0\u1edbng d\u1eabn qu\u1ea3n l\u00fd&#8230; s\u1ef1 ki\u1ec7n, seminar (h\u1ed9i th\u1ea3o), c\u00e1c kh\u00f3a h\u1ecdc c\u00f4ng khai<\/li>\n\n\n\n<li>C\u00e1c c\u00f4ng vi\u1ec7c li\u00ean quan \u0111\u1ebfn cung c\u1ea5p d\u1ecbch v\u1ee5 email \u0111i\u1ec7n t\u1eed<\/li>\n\n\n\n<li>C\u00e1c c\u00f4ng vi\u1ec7c h\u01b0\u1edbng d\u1eabn v\u00e0 g\u1eedi t\u00e0i li\u1ec7u li\u00ean quan \u0111\u1ebfn th\u00e0nh t\u00edch h\u1ecdc t\u1eadp, h\u1ecdc ph\u00ed, h\u1ecdc b\u1ed5ng, h\u1ecdp h\u1ed9i ph\u1ee5 huynh hay ng\u01b0\u1eddi b\u1ea3o l\u00e3nh\u2026<\/li>\n\n\n\n<li>C\u00e1c c\u00f4ng vi\u1ec7c li\u00ean quan \u0111\u1ebfn thu ti\u1ec1n, qu\u1ea3n l\u00fd h\u00f3a \u0111\u01a1n&#8230;<\/li>\n\n\n\n<li>C\u00e1c c\u00f4ng vi\u1ec7c li\u00ean quan \u0111\u1ebfn d\u1ecbch v\u1ee5 v\u00e0 h\u1ed7 tr\u1ee3 sau t\u1ed1t nghi\u1ec7p<\/li>\n\n\n\n<li>C\u00e1c c\u00f4ng vi\u1ec7c li\u00ean quan \u0111\u1ebfn cung c\u1ea5p th\u00f4ng tin cho c\u00e1c tr\u01b0\u1eddng \u0111\u1ea1i h\u1ecdc c\u00f3 k\u00fd hi\u1ec7p \u01b0\u1edbc li\u00ean k\u1ebft<\/li>\n\n\n\n<li>C\u00e1c c\u00f4ng vi\u1ec7c li\u00ean quan \u0111\u1ebfn nh\u00e2n s\u1ef1, l\u01b0\u01a1ng, lao \u0111\u1ed9ng, b\u1ea3o hi\u1ec3m, tuy\u1ec3n d\u1ee5ng, b\u1ea3o hi\u1ec3m y t\u1ebf, t\u00e0i ch\u00ednh, c\u00e1c nghi\u1ec7p v\u1ee5 chung v\u00e0 c\u00f4ng t\u00e1c \u0111i\u1ec1u h\u00e0nh t\u1ed5 ch\u1ee9c&#8230;<\/li>\n\n\n\n<li>X\u1eed l\u00fd c\u00e1c th\u1eafc m\u1eafc<\/li>\n\n\n\n<li>Ph\u00e2n t\u00edch cho ho\u1ea1t \u0111\u1ed9ng marketing<\/li>\n<\/ol>\n\n\n\n<p>C\u00f3 tr\u01b0\u1eddng h\u1ee3p th\u00f4ng tin c\u00e1 nh\u00e2n \u0111\u01b0\u1ee3c s\u1eed d\u1ee5ng nh\u01b0 m\u1ed9t ph\u01b0\u01a1ng ti\u1ec7n li\u00ean l\u1ea1c ho\u1eb7c ph\u01b0\u01a1ng ti\u1ec7n th\u00f4ng b\u00e1o c\u00e1c ph\u00e1t sinh t\u1eeb nh\u1eefng c\u00f4ng vi\u1ec7c, nghi\u1ec7p v\u1ee5 n\u00eau tr\u00ean.<\/p>\n\n\n\n<h2 class=\"wp-block-heading\">V\u1ec1 vi\u1ec7c s\u1eed d\u1ee5ng th\u00f4ng tin c\u00e1 nh\u00e2n<\/h2>\n\n\n\n<ol class=\"wp-block-list\">\n<li>DHU s\u1ebd ch\u1ec9 s\u1eed d\u1ee5ng th\u00f4ng tin c\u00e1 nh\u00e2n trong ph\u1ea1m vi c\u1ea7n thi\u1ebft \u0111\u1ec3 \u0111\u1ea1t \u0111\u01b0\u1ee3c nh\u1eefng m\u1ee5c \u0111\u00edch nh\u01b0 \u0111\u00e3 n\u00eau v\u00e0 c\u1ed1 g\u1eafng \u0111\u1ea3m b\u1ea3o, kh\u00f4ng g\u00e2y \u1ea3nh h\u01b0\u1edfng \u0111\u1ebfn quy\u1ec1n l\u1ee3i c\u1ee7a sinh vi\u00ean c\u0169ng nh\u01b0 gi\u00e1o vi\u00ean.<\/li>\n\n\n\n<li>Sinh vi\u00ean v\u00e0 gi\u00e1o vi\u00ean g\u1eedi th\u00f4ng tin c\u00e1 nh\u00e2n, s\u1ebd nh\u1eadn \u0111\u01b0\u1ee3c th\u00f4ng tin chi\u1ebfn d\u1ecbch v\u00e0 c\u00e1c th\u00f4ng tin v\u1ec1 c\u00e1c kh\u00f3a h\u1ecdc t\u1eeb tr\u01b0\u1eddng v\u00e0 c\u00f4ng ty Digital Hollywood qua email ho\u1eb7c c\u00e1c h\u00ecnh th\u1ee9c kh\u00e1c. Tr\u01b0\u1eddng h\u1ee3p sinh vi\u00ean v\u00e0 gi\u00e1o vi\u00ean kh\u00f4ng c\u00f3 nguy\u1ec7n v\u1ecdng nh\u1eadn th\u00f4ng tin xin li\u00ean h\u1ec7 v\u1edbi ph\u00f2ng gi\u1ea3i \u0111\u00e1p th\u1eafc m\u1eafc, ch\u00fang t\u00f4i s\u1ebd d\u1eebng vi\u1ec7c g\u1eedi th\u00f4ng tin \u0111i.<\/li>\n<\/ol>\n\n\n\n<h2 class=\"wp-block-heading\">V\u1ec1 qu\u1ea3n l\u00fd v\u00e0 b\u1ea3o h\u1ed9 th\u00f4ng tin c\u00e1 nh\u00e2n<\/h2>\n\n\n\n<ol class=\"wp-block-list\">\n<li>DHU kh\u00f4ng ch\u1ec9 qu\u1ea3n l\u00fd th\u00f4ng tin c\u1ee7a sinh vi\u00ean v\u00e0 gi\u1ea3ng vi\u00ean m\u1ed9t c\u00e1ch th\u00edch h\u1ee3p m\u00e0 c\u00f2n n\u1ed7 l\u1ef1c \u0111\u1ec3 nh\u1eefng th\u00f4ng tin \u0111\u00f3 kh\u00f4ng b\u1ecb l\u01b0u truy\u1ec1n ra ngo\u00e0i. DHU c\u0169ng ti\u1ebfn h\u00e0nh c\u00e1c bi\u1ec7n ph\u00e1p an to\u00e0n v\u00e0 th\u00edch h\u1ee3p \u0111\u1ec3 b\u1ea3o m\u1eadt th\u00f4ng tin c\u00e1 nh\u00e2n c\u1ee7a sinh vi\u00ean v\u00e0 gi\u00e1o vi\u00ean nh\u1eb1m tr\u00e1nh t\u00ecnh tr\u1ea1ng truy c\u1eadp b\u1ea5t h\u1ee3p ph\u00e1p hay b\u1ecb m\u1ea5t, h\u1ecfng, ho\u1eb7c ph\u1ea3i s\u1eeda ch\u1eefa&#8230;<\/li>\n\n\n\n<li>DHU ti\u1ebfn h\u00e0nh qu\u1ea3n l\u00fd ch\u1eb7t ch\u1ebd \u0111\u1ec3 \u0111\u1ea3m b\u1ea3o ch\u1ec9 nh\u1eefng ng\u01b0\u1eddi \u0111\u01b0\u1ee3c quy\u1ec1n truy c\u1eadp trong Digital Hollywood m\u1edbi \u0111\u01b0\u1ee3c s\u1eed d\u1ee5ng c\u01a1 s\u1edf d\u1eef li\u1ec7u ch\u1ee9a th\u00f4ng tin c\u00e1 nh\u00e2n nh\u1eb1m tr\u00e1nh t\u00ecnh tr\u1ea1ng s\u1eed d\u1ee5ng tr\u00e1i ph\u00e9p th\u00f4ng tin ngay trong n\u1ed9i b\u1ed9 c\u00f4ng ty.<\/li>\n\n\n\n<li>DHU kh\u00f4ng cung c\u1ea5p th\u00f4ng tin c\u00e1 nh\u00e2n c\u1ee7a sinh vi\u00ean v\u00e0 gi\u00e1o vi\u00ean cho b\u00ean th\u1ee9 3 n\u1ebfu kh\u00f4ng \u0111\u01b0\u1ee3c s\u1ef1 ch\u1ea5p thu\u1eadn , tr\u1eeb Digital Hollywood, c\u01a1 s\u1edf li\u00ean k\u1ebft v\u1edbi c\u00f4ng ty hay do c\u00f4ng ty \u1ee7y quy\u1ec1n. Tuy nhi\u00ean, c\u00f3 tr\u01b0\u1eddng h\u1ee3p DHU s\u1ebd ti\u1ebfn h\u00e0nh cung c\u1ea5p th\u00f4ng tin n\u1ebfu \u0111\u00f3 l\u00e0 l\u00fd do ch\u00ednh \u0111\u00e1ng, ch\u1eb3ng h\u1ea1n nh\u01b0 \u0111\u01b0\u1ee3c c\u1ea3nh s\u00e1t, t\u00f2a \u00e1n hay c\u01a1 quan lu\u1eadt ph\u00e1p y\u00eau c\u1ea7u cung c\u1ea5p&#8230;<\/li>\n<\/ol>\n\n\n\n<h2 class=\"wp-block-heading\">\u1ee6y quy\u1ec1n<\/h2>\n\n\n\n<p>C\u00f3 tr\u01b0\u1eddng h\u1ee3p DHU \u1ee7y quy\u1ec1n x\u1eed l\u00fd m\u1ed9t ph\u1ea7n ho\u1eb7c to\u00e0n b\u1ed9 th\u00f4ng tin c\u00e1 nh\u00e2n cho c\u00f4ng ty Digital Hollywood \u0111\u1ec3 c\u00f3 th\u1ec3 \u0111\u1ea1t \u0111\u01b0\u1ee3c m\u1ee5c \u0111\u00edch s\u1eed d\u1ee5ng \u0111\u00e3 quy \u0111\u1ecbnh \u1edf m\u1ee5c &#8220;V\u1ec1 m\u1ee5c \u0111\u00edch s\u1eed d\u1ee5ng th\u00f4ng tin c\u00e1 nh\u00e2n&#8221;. Trong nh\u1eefng tr\u01b0\u1eddng h\u1ee3p nh\u01b0 v\u1eady, ph\u00eda \u0111\u01b0\u1ee3c \u1ee7y quy\u1ec1n c\u0169ng ph\u1ea3i c\u00f3 thi\u1ebft l\u1eadp t\u01b0\u01a1ng \u0111\u01b0\u01a1ng v\u1edbi tr\u01b0\u1eddng, v\u00e0 tr\u01b0\u1eddng c\u0169ng th\u01b0\u1eddng xuy\u00ean ki\u1ec3m tra qu\u1ea3n l\u00fd \u0111\u1ec3 \u0111\u1ea3m b\u1ea3o th\u00f4ng tin c\u00e1 nh\u00e2n \u0111\u01b0\u1ee3c b\u1ea3o m\u1eadt.<\/p>\n\n\n\n<h2 class=\"wp-block-heading\">V\u1ec1 vi\u1ec7c c\u00f4ng khai, thay \u0111\u1ed5i hay x\u00f3a b\u1ecf th\u00f4ng tin<\/h2>\n\n\n\n<p>DHU ti\u1ebfp nh\u1eadn y\u00eau c\u1ea7u v\u1ec1 vi\u1ec7c thay \u0111\u1ed5i, x\u00f3a b\u1ecf hay c\u00f4ng khai th\u00f4ng tin qua th\u01b0 \u0111i\u1ec7n t\u1eed tr\u00ean web chuy\u00ean d\u1ee5ng nh\u1eb1m ti\u1ebfn h\u00e0nh qu\u1ea3n l\u00fd th\u00f4ng tin c\u00e1 nh\u00e2n theo c\u00e1c quy \u0111\u1ecbnh c\u1ee7a lu\u1eadt b\u1ea3o h\u1ed9 th\u00f4ng tin c\u00e1 nh\u00e2n<\/p>\n\n\n\n<p><a rel=\"noreferrer noopener\" href=\"https:\/\/www.dhw.ac.jp\/en\/pp\/#\" target=\"_blank\">M\u1eabu \u0111\u01a1n web d\u00e0nh cho th\u00f4ng tin c\u00e1 nh\u00e2n \u1edf \u0111\u00e2y<\/a><\/p>\n\n\n\n<h2 class=\"wp-block-heading\">V\u1ec1 vi\u1ec7c s\u1eed d\u1ee5ng c\u00f4ng ngh\u1ec7 Cookie<\/h2>\n\n\n\n<p>DHU s\u1eed d\u1ee5ng c\u00f4ng ngh\u1ec7 cookie \u0111\u1ec3 n\u00e2ng cao t\u00ednh ti\u1ec7n l\u1ee3i khi truy c\u1eadp v\u00e0 s\u1eed d\u1ee5ng Website c\u1ee7a tr\u01b0\u1eddng. Nh\u1edd c\u00f4ng ngh\u1ec7 n\u00e0y m\u00e0 nh\u1eefng th\u00f4ng tin sinh vi\u00ean v\u00e0 gi\u00e1o vi\u00ean \u0111\u00e3 nh\u1eadp v\u00e0o \u0111\u01a1n s\u1ebd \u0111\u01b0\u1ee3c l\u01b0u tr\u1eef trong m\u1ed9t th\u1eddi gian, gi\u00fap ti\u1ebft ki\u1ec7m th\u1eddi gian trong nh\u1eefng l\u1ea7n truy c\u1eadp sau ho\u1eb7c truy c\u1eadp v\u00e0o trang kh\u00e1c. DHU ch\u1ec9 s\u1eed d\u1ee5ng c\u00f4ng ngh\u1ec7 Cookie \u0111\u1ec3 n\u00e2ng cao t\u00ednh ti\u1ec7n d\u1ee5ng c\u1ee7a d\u1ecbch v\u1ee5, ch\u1ee9 kh\u00f4ng d\u00f9ng \u0111\u1ec3 thu th\u1eadp th\u00f4ng tin c\u00e1 nh\u00e2n.<\/p>\n\n\n\n<h2 class=\"wp-block-heading\">V\u1ec1 vi\u1ec7c s\u1eed d\u1ee5ng \u0111\u1ecba ch\u1ec9 IP<\/h2>\n\n\n\n<p>Th\u00f4ng tin sinh vi\u00ean v\u00e0 gi\u00e1o vi\u00ean truy c\u1eadp website c\u1ee7a tr\u01b0\u1eddng th\u1eddi gian n\u00e0o, truy c\u1eadp t\u1eeb mi\u1ec1n n\u00e0o s\u1ebd \u0111\u01b0\u1ee3c l\u01b0u tr\u1eef tr\u00ean h\u1ec7 th\u1ed1ng m\u00e1y ch\u1ee7 c\u1ee7a Digital Hollywood. Nh\u1eefng d\u1eef li\u1ec7u n\u00e0y ch\u1ec9 \u0111\u01b0\u1ee3c DHU s\u1eed d\u1ee5ng v\u1edbi m\u1ee5c \u0111\u00edch ph\u00e2n t\u00edch th\u1ed1ng k\u00ea h\u1ec7 th\u1ed1ng web, ngo\u00e0i ra kh\u00f4ng s\u1eed d\u1ee5ng v\u00ec m\u1ee5c \u0111\u00edch kh\u00e1c.<\/p>\n\n\n\n<h2 class=\"wp-block-heading\">V\u1ec1 vi\u1ec7c xem x\u00e9t l\u1ea1i ch\u00ednh s\u00e1ch b\u1ea3o m\u1eadt th\u00f4ng tin c\u00e1 nh\u00e2n<\/h2>\n\n\n\n<p>DHU th\u01b0\u1eddng xuy\u00ean xem x\u00e9t l\u1ea1i n\u1ed9i dung c\u00e1c ch\u00ednh s\u00e1ch v\u00e0 n\u1ed7 l\u1ef1c \u0111\u1ec3 c\u1ea3i ti\u1ebfn. Trong tr\u01b0\u1eddng h\u1ee3p c\u00f3 s\u1ef1 thay \u0111\u1ed5i, vi\u1ec7c s\u1eed d\u1ee5ng th\u00f4ng tin c\u00e1 nh\u00e2n c\u0169ng s\u1ebd \u0111\u01b0\u1ee3c th\u1ef1c hi\u1ec7n theo n\u1ed9i dung sau khi thay \u0111\u1ed5i.<\/p>\n\n\n\n<h2 class=\"wp-block-heading\">Th\u1eafc m\u1eafc v\u1ec1 vi\u1ec7c b\u1ea3o m\u1eadt th\u00f4ng tin c\u00e1 nh\u00e2n<\/h2>\n\n\n\n<p>M\u1ecdi th\u1eafc m\u1eafc v\u1ec1 b\u1ea3o m\u1eadt th\u00f4ng tin c\u00e1 nh\u00e2n xin g\u1eedi v\u1ec1 \u0111\u1ecba ch\u1ec9 <a href=\"mailto:daigaku@dhw.co.jp\">daigaku@dhw.co.jp<\/a><\/p>\n\n\n\n<div class=\"wp-block-buttons is-layout-flex wp-block-buttons-is-layout-flex\">\n<div class=\"wp-block-button\"><a class=\"wp-block-button__link wp-element-button\" href=\"\/form\/shiryo\/\">Y\u00eau c\u1ea7u g\u1eedi t\u00e0i li\u1ec7u<\/a><\/div>\n<\/div>\n\n\n\n<div class=\"wp-block-buttons is-layout-flex wp-block-buttons-is-layout-flex\">\n<div class=\"wp-block-button\"><a class=\"wp-block-button__link wp-element-button\" href=\"\/vn\/contact\/\">Li\u00ean h\u1ec7<\/a><\/div>\n<\/div>\n","protected":false},"excerpt":{"rendered":"<p>Quan \u0111i\u1ec3m c\u1ee7a nh\u00e0 tr\u01b0\u1eddng v\u1ec1 th\u00f4ng tin c\u00e1 nh\u00e2n T\u1ea1i \u0110H Digital Hollywood (d\u01b0\u1edbi \u0111\u00e2y g\u1ecdi l\u00e0 DHU), ch\u00fang t\u00f4i ngh\u0129 r [&hellip;]<\/p>\n","protected":false},"author":9,"featured_media":0,"parent":0,"menu_order":0,"comment_status":"closed","ping_status":"closed","template":"page-templates\/hanyo.php","meta":{"_acf_changed":false,"inline_featured_image":false,"footnotes":""},"class_list":{"0":"post-154","1":"page","2":"type-page","3":"status-publish","5":"c-entry"},"acf":[],"_links":{"self":[{"href":"https:\/\/www.dhw.ac.jp\/vn\/wp-json\/wp\/v2\/pages\/154","targetHints":{"allow":["GET"]}}],"collection":[{"href":"https:\/\/www.dhw.ac.jp\/vn\/wp-json\/wp\/v2\/pages"}],"about":[{"href":"https:\/\/www.dhw.ac.jp\/vn\/wp-json\/wp\/v2\/types\/page"}],"author":[{"embeddable":true,"href":"https:\/\/www.dhw.ac.jp\/vn\/wp-json\/wp\/v2\/users\/9"}],"replies":[{"embeddable":true,"href":"https:\/\/www.dhw.ac.jp\/vn\/wp-json\/wp\/v2\/comments?post=154"}],"version-history":[{"count":2,"href":"https:\/\/www.dhw.ac.jp\/vn\/wp-json\/wp\/v2\/pages\/154\/revisions"}],"predecessor-version":[{"id":298,"href":"https:\/\/www.dhw.ac.jp\/vn\/wp-json\/wp\/v2\/pages\/154\/revisions\/298"}],"wp:attachment":[{"href":"https:\/\/www.dhw.ac.jp\/vn\/wp-json\/wp\/v2\/media?parent=154"}],"curies":[{"name":"wp","href":"https:\/\/api.w.org\/{rel}","templated":true}]}}