{"id":156,"date":"2024-05-24T08:56:12","date_gmt":"2024-05-23T23:56:12","guid":{"rendered":"https:\/\/www.dhw.ac.jp\/vn\/?page_id=156"},"modified":"2026-04-08T17:40:24","modified_gmt":"2026-04-08T08:40:24","slug":"about","status":"publish","type":"page","link":"https:\/\/www.dhw.ac.jp\/vn\/about\/","title":{"rendered":"V\u1ec1 DHU"},"content":{"rendered":"\n<h2 class=\"wp-block-heading\">Trang b\u1ecb nh\u1eefng ki\u1ebfn th\u1ee9c cho x\u00e3 h\u1ed9i s\u1ed1, nu\u00f4i d\u01b0\u1ee1ng nh\u1eefng kh\u1ea3 n\u0103ng v\u00f4 t\u1eadn v\u00e0 s\u1ee9c m\u1ea1nh sinh t\u1ed3n \u1edf t\u01b0\u01a1ng lai.<\/h2>\n\n\n\n<p>\u0110\u1ea1i h\u1ecdc Digital Hollywood (DHU) l\u00e0 n\u01a1i sinh vi\u00ean c\u00f3 th\u1ec3 h\u1ecdc t\u1eadp v\u00e0 r\u00e8n luy\u1ec7n, th\u1eed th\u00e1ch v\u1edbi nh\u1eefng s\u00e1ng t\u1ea1o m\u1edbi th\u00f4ng qua giao ti\u1ebfp s\u1ed1. Nh\u1eefng s\u00e1ng t\u1ea1o c\u1ee7a b\u1ea1n s\u1ebd c\u00f3 \u1ea3nh h\u01b0\u1edfng th\u1ebf n\u00e0o \u0111\u1ebfn th\u1ebf gi\u1edbi? \u0110i\u1ec1u g\u00ec c\u1ea7n \u0111\u1ec3 c\u00f3 nh\u1eefng s\u00e1ng t\u1ea1o d\u1ec5 s\u1eed d\u1ee5ng h\u01a1n, \u0111\u1eb9p h\u01a1n v\u00e0 th\u00fa v\u1ecb h\u01a1n? Ch\u00fang t\u00f4i h\u01b0\u1edbng \u0111\u1ebfn vi\u1ec7c t\u1ea1o ra nh\u1eefng gi\u00e1 tr\u1ecb m\u1edbi cho t\u01b0\u01a1ng lai th\u00f4ng qua vi\u1ec7c gi\u00fap sinh vi\u00ean ti\u1ebfp nh\u1eadn ki\u1ebfn th\u1ee9c, k\u1ef9 n\u0103ng v\u00e0 t\u01b0 duy \u0111a chi\u1ec1u trong l\u0129nh v\u1ef1c s\u1ed1 ho\u00e1. Ch\u01b0\u01a1ng tr\u00ecnh \u0111\u00e0o t\u1ea1o b\u1ed1n n\u0103m \u0111\u01b0\u1ee3c thi\u1ebft k\u1ebf \u0111\u1ec3 b\u1ea1n c\u00f3 th\u1ec3 s\u1ed1ng trong x\u00e3 h\u1ed9i \u0111\u1ea7y b\u1ea5t \u1ed5n v\u00e0 ph\u1ee9c t\u1ea1p c\u1ee7a th\u1ebf k\u1ef7 21 theo c\u00e1ch c\u1ee7a ch\u00ednh m\u00ecnh. V\u00e0 \u0111\u1ec3 b\u1ea1n c\u00f3 th\u1ec3 theo \u0111u\u1ed5i nh\u1eefng kh\u1ea3 n\u0103ng c\u1ee7a b\u1ea3n th\u00e2n. T\u01b0\u01a1ng lai c\u1ee7a b\u1ea1n b\u1eaft \u0111\u1ea7u t\u1eeb \u0111\u00e2y.<\/p>\n\n\n\n<div class=\"wp-block-columns is-layout-flex wp-container-core-columns-is-layout-28f84493 wp-block-columns-is-layout-flex\">\n<div class=\"wp-block-column is-layout-flow wp-block-column-is-layout-flow\">\n<figure class=\"wp-block-image size-full is-resized\"><img loading=\"lazy\" decoding=\"async\" width=\"1600\" height=\"1067\" src=\"https:\/\/www.dhw.ac.jp\/vn\/wp-content\/uploads\/sites\/5\/2026\/04\/fujii-naotaka.jpeg\" alt=\"\" class=\"wp-image-348\" style=\"width:627px;height:417px\" srcset=\"https:\/\/www.dhw.ac.jp\/vn\/wp-content\/uploads\/sites\/5\/2026\/04\/fujii-naotaka.jpeg 1600w, https:\/\/www.dhw.ac.jp\/vn\/wp-content\/uploads\/sites\/5\/2026\/04\/fujii-naotaka-300x200.jpeg 300w, https:\/\/www.dhw.ac.jp\/vn\/wp-content\/uploads\/sites\/5\/2026\/04\/fujii-naotaka-1024x683.jpeg 1024w, https:\/\/www.dhw.ac.jp\/vn\/wp-content\/uploads\/sites\/5\/2026\/04\/fujii-naotaka-768x512.jpeg 768w, https:\/\/www.dhw.ac.jp\/vn\/wp-content\/uploads\/sites\/5\/2026\/04\/fujii-naotaka-336x224.jpeg 336w, https:\/\/www.dhw.ac.jp\/vn\/wp-content\/uploads\/sites\/5\/2026\/04\/fujii-naotaka-580x387.jpeg 580w, https:\/\/www.dhw.ac.jp\/vn\/wp-content\/uploads\/sites\/5\/2026\/04\/fujii-naotaka-660x440.jpeg 660w, https:\/\/www.dhw.ac.jp\/vn\/wp-content\/uploads\/sites\/5\/2026\/04\/fujii-naotaka-800x534.jpeg 800w, https:\/\/www.dhw.ac.jp\/vn\/wp-content\/uploads\/sites\/5\/2026\/04\/fujii-naotaka-1100x734.jpeg 1100w, https:\/\/www.dhw.ac.jp\/vn\/wp-content\/uploads\/sites\/5\/2026\/04\/fujii-naotaka-1366x911.jpeg 1366w, https:\/\/www.dhw.ac.jp\/vn\/wp-content\/uploads\/sites\/5\/2026\/04\/fujii-naotaka-1536x1024.jpeg 1536w\" sizes=\"auto, (max-width: 1600px) 100vw, 1600px\" \/><\/figure>\n<\/div>\n\n\n\n<div class=\"wp-block-column is-vertically-aligned-center is-layout-flow wp-block-column-is-layout-flow\">\n<h3 class=\"wp-block-heading\">\u4e16\u754c\u3092\u6e80\u305f\u305b<br>Fill the world<\/h3>\n\n\n\n<div class=\"wp-block-buttons is-layout-flex wp-block-buttons-is-layout-flex\">\n<div class=\"wp-block-button\"><a class=\"wp-block-button__link wp-element-button\" href=\"\/vn\/about\/message\/\">Th\u00f4ng \u0111i\u1ec7p t\u1eeb th\u1ea7y hi\u1ec7u tr\u01b0\u1edfng <\/a><\/div>\n<\/div>\n<\/div>\n<\/div>\n\n\n\n<h2 class=\"wp-block-heading\">\u0110\u1eb7c \u0111i\u1ec3m c\u1ee7a \u0110\u1ea1i h\u1ecdc Digital Hollywood<\/h2>\n\n\n\n<div class=\"wp-block-columns is-layout-flex wp-container-core-columns-is-layout-28f84493 wp-block-columns-is-layout-flex\">\n<div class=\"wp-block-column is-layout-flow wp-block-column-is-layout-flow\" style=\"flex-basis:100%\">\n<div class=\"wp-block-cover c-cover-img\"><img loading=\"lazy\" decoding=\"async\" width=\"1678\" height=\"720\" class=\"wp-block-cover__image-background wp-image-167\" alt=\"\" src=\"https:\/\/www.dhw.ac.jp\/vn\/wp-content\/uploads\/sites\/5\/2024\/05\/img37.jpg\" data-object-fit=\"cover\" \/><span aria-hidden=\"true\" class=\"wp-block-cover__background has-background-dim-10 has-background-dim\"><\/span><div class=\"wp-block-cover__inner-container is-layout-flow wp-block-cover-is-layout-flow\">\n<p class=\"has-text-align-left has-large-font-size\"><strong>\u0110\u00e0o t\u1ea1o<\/strong><\/p>\n<\/div><\/div>\n<\/div>\n<\/div>\n\n\n\n<h3 class=\"wp-block-heading\">M\u1edf ra nh\u1eefng kh\u1ea3 n\u0103ng c\u1ee7a b\u1ea1n v\u00e0 h\u1ecdc t\u1eadp v\u1edbi h\u1ec7 th\u1ed1ng m\u1ed9t ng\u00e0nh m\u1ed9t khoa. <\/h3>\n\n\n\n<p>\u0110\u1eb7c \u0111i\u1ec3m l\u1edbn nh\u1ea5t c\u1ee7a DHU l\u00e0 ch\u01b0\u01a1ng tr\u00ecnh \u0111\u00e0o t\u1ea1o gi\u00fap sinh vi\u00ean c\u00f3 th\u1ec3 trau d\u1ed3i n\u1ed9i dung s\u1ed1 (3DCG\/VFX, Tr\u00f2 ch\u01a1i, Phim, Thi\u1ebft k\u1ebf \u0111\u1ed3 ho\u1ea1, Anime, Web, Ngh\u1ec7 thu\u1eadt s\u1ed1 v.v), l\u00ean k\u1ebf ho\u1ea1ch v\u00e0 giao ti\u1ebfp s\u1ed1 (ho\u1ea1ch \u0111\u1ecbnh kinh doanh, marketing, qu\u1ea3ng c\u00e1o v.v). Sinh vi\u00ean kh\u00f4ng c\u1ea7n ph\u1ea3i l\u1ef1a ch\u1ecdn ng\u00e0nh ho\u1eb7c kho\u00e1 h\u1ecdc tr\u01b0\u1edbc khi nh\u1eadp h\u1ecdc do DHU ch\u1ec9 c\u00f3 m\u1ed9t ng\u00e0nh m\u1ed9t khoa duy nh\u1ea5t. T\u00ednh linh ho\u1ea1t trong vi\u1ec7c l\u1ef1a ch\u1ecdn m\u00f4n h\u1ecdc d\u1ef1a v\u00e0o s\u1edf th\u00edch s\u1ebd l\u00e0 kh\u1edfi \u0111i\u1ec3m c\u1ee7a nh\u1eefng gi\u00e1 tr\u1ecb m\u1edbi.<\/p>\n\n\n\n<div class=\"wp-block-columns c-col2 is-layout-flex wp-container-core-columns-is-layout-28f84493 wp-block-columns-is-layout-flex\">\n<div class=\"wp-block-column is-layout-flow wp-block-column-is-layout-flow\">\n<div class=\"wp-block-group is-layout-constrained wp-block-group-is-layout-constrained\">\n<p><strong>\u0110\u00e0o t\u1ea1o chuy\u00ean nghi\u1ec7p<\/strong><\/p>\n<\/div>\n<\/div>\n\n\n\n<div class=\"wp-block-column is-layout-flow wp-block-column-is-layout-flow\">\n<p>Ti\u1ebfp thu ki\u1ebfn th\u1ee9c v\u00e0 k\u1ef9 n\u0103ng c\u01a1 b\u1ea3n qua c\u00e1c h\u00ecnh th\u1ee9c th\u1ec3 hi\u1ec7n k\u1ef9 thu\u1eadt s\u1ed1 kh\u00e1c nhau<\/p>\n\n\n\n<div class=\"wp-block-group c-img-link-list is-layout-flex wp-block-group-is-layout-flex\">\n<div class=\"wp-block-group is-nowrap is-layout-flex wp-container-core-group-is-layout-6c531013 wp-block-group-is-layout-flex\">\n<div class=\"wp-block-group is-layout-constrained wp-block-group-is-layout-constrained\">\n<div class=\"wp-block-buttons is-layout-flex wp-block-buttons-is-layout-flex\">\n<div class=\"wp-block-button is-style-low\"><a class=\"wp-block-button__link wp-element-button\" href=\"https:\/\/www.dhw.ac.jp\/faculty\/3dcg\/\"><strong>3DCG \/ VFX<\/strong><\/a><\/div>\n<\/div>\n<\/div>\n<\/div>\n\n\n\n<div class=\"wp-block-group is-nowrap is-layout-flex wp-container-core-group-is-layout-6c531013 wp-block-group-is-layout-flex\">\n<div class=\"wp-block-group is-layout-constrained wp-block-group-is-layout-constrained\">\n<div class=\"wp-block-buttons is-layout-flex wp-block-buttons-is-layout-flex\">\n<div class=\"wp-block-button is-style-low\"><a class=\"wp-block-button__link wp-element-button\" href=\"https:\/\/www.dhw.ac.jp\/faculty\/game\/\"><strong>L\u1eadp tr\u00ecnh game<\/strong><\/a><\/div>\n<\/div>\n<\/div>\n<\/div>\n\n\n\n<div class=\"wp-block-group is-nowrap is-layout-flex wp-container-core-group-is-layout-6c531013 wp-block-group-is-layout-flex\">\n<div class=\"wp-block-group is-layout-constrained wp-block-group-is-layout-constrained\">\n<div class=\"wp-block-buttons is-layout-flex wp-block-buttons-is-layout-flex\">\n<div class=\"wp-block-button is-style-low\"><a class=\"wp-block-button__link wp-element-button\" href=\"https:\/\/www.dhw.ac.jp\/faculty\/movie\/\"><strong>L\u00e0m phim<\/strong><\/a><\/div>\n<\/div>\n<\/div>\n<\/div>\n\n\n\n<div class=\"wp-block-group is-nowrap is-layout-flex wp-container-core-group-is-layout-6c531013 wp-block-group-is-layout-flex\">\n<div class=\"wp-block-group is-layout-constrained wp-block-group-is-layout-constrained\">\n<div class=\"wp-block-buttons is-layout-flex wp-block-buttons-is-layout-flex\">\n<div class=\"wp-block-button is-style-low\"><a class=\"wp-block-button__link wp-element-button\" href=\"https:\/\/www.dhw.ac.jp\/faculty\/graphic\/\"><strong>Thi\u1ebft k\u1ebf \u0111\u1ed3 h\u1ecda<\/strong><\/a><\/div>\n<\/div>\n<\/div>\n<\/div>\n\n\n\n<div class=\"wp-block-group is-nowrap is-layout-flex wp-container-core-group-is-layout-6c531013 wp-block-group-is-layout-flex\">\n<div class=\"wp-block-group is-layout-constrained wp-block-group-is-layout-constrained\">\n<div class=\"wp-block-buttons is-layout-flex wp-block-buttons-is-layout-flex\">\n<div class=\"wp-block-button is-style-low\"><a class=\"wp-block-button__link wp-element-button\" href=\"https:\/\/www.dhw.ac.jp\/faculty\/anime\/\"><strong>Anime<\/strong><\/a><\/div>\n<\/div>\n<\/div>\n<\/div>\n\n\n\n<div class=\"wp-block-group is-nowrap is-layout-flex wp-container-core-group-is-layout-6c531013 wp-block-group-is-layout-flex\">\n<div class=\"wp-block-group is-layout-constrained wp-block-group-is-layout-constrained\">\n<div class=\"wp-block-buttons is-layout-flex wp-block-buttons-is-layout-flex\">\n<div class=\"wp-block-button is-style-low\"><a class=\"wp-block-button__link wp-element-button\" href=\"https:\/\/www.dhw.ac.jp\/faculty\/web\/\"><strong>Web<\/strong><\/a><\/div>\n<\/div>\n<\/div>\n<\/div>\n\n\n\n<div class=\"wp-block-group is-nowrap is-layout-flex wp-container-core-group-is-layout-6c531013 wp-block-group-is-layout-flex\">\n<div class=\"wp-block-group is-layout-constrained wp-block-group-is-layout-constrained\">\n<div class=\"wp-block-buttons is-layout-flex wp-block-buttons-is-layout-flex\">\n<div class=\"wp-block-button is-style-low\"><a class=\"wp-block-button__link wp-element-button\" href=\"https:\/\/www.dhw.ac.jp\/faculty\/media\/\"><strong>VR \/ AR \/ Ngh\u1ec7 thu\u1eadt s\u1ed1<\/strong><\/a><\/div>\n<\/div>\n<\/div>\n<\/div>\n\n\n\n<div class=\"wp-block-group is-nowrap is-layout-flex wp-container-core-group-is-layout-6c531013 wp-block-group-is-layout-flex\">\n<div class=\"wp-block-group is-layout-constrained wp-block-group-is-layout-constrained\">\n<div class=\"wp-block-buttons is-layout-flex wp-block-buttons-is-layout-flex\">\n<div class=\"wp-block-button is-style-low\"><a class=\"wp-block-button__link wp-element-button\" href=\"https:\/\/www.dhw.ac.jp\/faculty\/business\/\"><strong>Qu\u1ea3ng c\u00e1o &amp; Kh\u1edfi nghi\u1ec7p<\/strong><\/a><\/div>\n<\/div>\n<\/div>\n<\/div>\n<\/div>\n<\/div>\n<\/div>\n\n\n\n<div class=\"wp-block-columns c-col2 is-layout-flex wp-container-core-columns-is-layout-28f84493 wp-block-columns-is-layout-flex\">\n<div class=\"wp-block-column is-layout-flow wp-block-column-is-layout-flow\">\n<div class=\"wp-block-group is-layout-constrained wp-block-group-is-layout-constrained\">\n<p><strong>Gi\u00e1o d\u1ee5c \u0111\u1ea1i c\u01b0\u01a1ng<\/strong><\/p>\n<\/div>\n<\/div>\n\n\n\n<div class=\"wp-block-column is-layout-flow wp-block-column-is-layout-flow\">\n<p>Ti\u1ebfp thu nh\u1eefng ki\u1ebfn th\u1ee9c t\u1ed5ng quan \u0111\u1ec3 c\u00f3 th\u1ec3 t\u1ea1o ra nh\u1eefng \u00fd t\u01b0\u1edfng m\u1edbi v\u00e0 nu\u00f4i d\u01b0\u1ee1ng s\u1ef1 s\u00e1ng t\u1ea1o kh\u00f4ng bao gi\u1edd ch\u1ebft<\/p>\n\n\n\n<div class=\"wp-block-group c-img-link-list is-layout-flex wp-block-group-is-layout-flex\">\n<div class=\"wp-block-group is-nowrap is-layout-flex wp-container-core-group-is-layout-6c531013 wp-block-group-is-layout-flex\">\n<div class=\"wp-block-group is-layout-constrained wp-block-group-is-layout-constrained\">\n<div class=\"wp-block-buttons is-layout-flex wp-block-buttons-is-layout-flex\">\n<div class=\"wp-block-button is-style-low\"><a class=\"wp-block-button__link wp-element-button\" href=\"\/vn\/academics\/general\/\"><strong>Gi\u00e1o d\u1ee5c \u0111\u1ea1i c\u01b0\u01a1ng<\/strong><\/a><\/div>\n<\/div>\n<\/div>\n<\/div>\n<\/div>\n<\/div>\n<\/div>\n\n\n\n<div class=\"wp-block-columns c-col2 is-layout-flex wp-container-core-columns-is-layout-28f84493 wp-block-columns-is-layout-flex\">\n<div class=\"wp-block-column is-layout-flow wp-block-column-is-layout-flow\">\n<div class=\"wp-block-group is-layout-constrained wp-block-group-is-layout-constrained\">\n<p><strong>Gi\u00e1o d\u1ee5c qu\u1ed1c t\u1ebf<\/strong><\/p>\n<\/div>\n<\/div>\n\n\n\n<div class=\"wp-block-column is-layout-flow wp-block-column-is-layout-flow\">\n<p>B\u1ed3i d\u01b0\u1ee1ng t\u01b0 duy qu\u1ed1c t\u1ebf b\u1eb1ng nh\u1eefng gi\u1edd h\u1ecdc ti\u1ebfng Anh th\u00fa v\u1ecb, c\u00e1c ch\u01b0\u01a1ng trinh du h\u1ecdc v\u00e0 giao l\u01b0u v\u1edbi sinh vi\u00ean \u0111\u1ebfn t\u1eeb nhi\u1ec1u qu\u1ed1c gia kh\u00e1c nhau.<\/p>\n\n\n\n<div class=\"wp-block-group c-img-link-list is-layout-flex wp-block-group-is-layout-flex\">\n<div class=\"wp-block-group is-nowrap is-layout-flex wp-container-core-group-is-layout-6c531013 wp-block-group-is-layout-flex\">\n<div class=\"wp-block-group is-layout-constrained wp-block-group-is-layout-constrained\">\n<div class=\"wp-block-buttons is-layout-flex wp-block-buttons-is-layout-flex\">\n<div class=\"wp-block-button is-style-low\"><a class=\"wp-block-button__link wp-element-button\" href=\"\/vn\/academics\/intl\/\"><strong>Ch\u01b0\u01a1ng tr\u00ecnh ti\u1ebfng Anh<\/strong><\/a><\/div>\n<\/div>\n<\/div>\n<\/div>\n\n\n\n<div class=\"wp-block-group is-nowrap is-layout-flex wp-container-core-group-is-layout-6c531013 wp-block-group-is-layout-flex\">\n<div class=\"wp-block-group is-layout-constrained wp-block-group-is-layout-constrained\">\n<div class=\"wp-block-buttons is-layout-flex wp-block-buttons-is-layout-flex\">\n<div class=\"wp-block-button is-style-low\"><a class=\"wp-block-button__link wp-element-button\" href=\"\/faculty\/abroad\/\"><strong>Ch\u01b0\u01a1ng tr\u00ecnh du h\u1ecdc<\/strong><\/a><\/div>\n<\/div>\n<\/div>\n<\/div>\n<\/div>\n<\/div>\n<\/div>\n\n\n\n<div class=\"wp-block-buttons is-layout-flex wp-block-buttons-is-layout-flex\">\n<div class=\"wp-block-button\"><a class=\"wp-block-button__link wp-element-button\" href=\"https:\/\/www.dhw.ac.jp\/vn\/academics\/\">Gi\u1edbi thi\u1ec7u tr\u01b0\u1eddng h\u1ecdc<\/a><\/div>\n<\/div>\n\n\n\n<h3 class=\"wp-block-heading\">H\u1ecdc h\u1ecfi t\u1eeb c\u00e1c chuy\u00ean gia \u0111ang ho\u1ea1t \u0111\u1ed9ng t\u00edch c\u1ef1c trong c\u00e1c l\u0129nh v\u1ef1c<\/h3>\n\n\n\n<p>C\u00e1c chuy\u00ean gia \u0111ang ho\u1ea1t \u0111\u1ed9ng t\u1ea1i tuy\u1ebfn \u0111\u1ea7u ng\u00e0nh, v\u00ed d\u1ee5 nh\u01b0 nh\u00e0 s\u1ea3n xu\u1ea5t video \u00e2m nh\u1ea1c cho c\u00e1c ngh\u1ec7 s\u0129 n\u1ed5i ti\u1ebfng, c\u00e1c nh\u00e0 l\u00ean k\u1ebf ho\u1ea1ch cho nh\u1eefng qu\u1ea3ng c\u00e1o ai ai c\u0169ng bi\u1ebft, v\u00e0 nh\u1eefng nh\u00e0 kh\u1edfi nghi\u1ec7p d\u00e0y d\u1eb7n kinh nghi\u1ec7m. C\u00e1c th\u1ea7y c\u00f4 s\u1ebd s\u1ebd truy\u1ec1n \u0111\u1ea1t cho sinh vi\u00ean nh\u1eefng k\u1ef9 n\u0103ng v\u00e0 ki\u1ebfn th\u1ee9c hi\u1ec7n h\u00e0nh.<\/p>\n\n\n\n<div class=\"wp-block-buttons is-layout-flex wp-block-buttons-is-layout-flex\">\n<div class=\"wp-block-button\"><a class=\"wp-block-button__link wp-element-button\" href=\"\/faculty\/teacher\/\">Gi\u1ea3ng vi\u00ean<\/a><\/div>\n<\/div>\n\n\n\n<h3 class=\"wp-block-heading\">H\u1ecdc t\u1eadp v\u1edbi c\u00e1c nh\u00e0 s\u00e1ng t\u1ea1o h\u00e0ng \u0111\u1ea7u<\/h3>\n\n\n\n<p>C\u00e1c b\u00e0i gi\u1ea3ng \u0111\u1eb7c bi\u1ec7t th\u01b0\u1eddng xuy\u00ean \u0111\u01b0\u1ee3c mang \u0111\u1ebfn b\u1edfi c\u00e1c nh\u00e0 s\u00e1ng t\u1ea1o h\u00e0ng \u0111\u1ea7u Nh\u1eadt B\u1ea3n v\u00e0 tr\u00ean th\u1ebf gi\u1edbi. C\u00e1c c\u00e2u chuy\u1ec7n h\u1eadu tr\u01b0\u1eddng sau c\u00e1c t\u00e1c ph\u1ea9m v\u00e0 \u0111am m\u00ea c\u1ee7a c\u00e1c nh\u00e0 s\u00e1ng t\u1ea1o s\u1ebd k\u00edch th\u00edch \u0111am m\u00ea s\u00e1ng t\u1ea1o c\u1ee7a sinh vi\u00ean.<\/p>\n\n\n\n<div class=\"wp-block-buttons is-layout-flex wp-block-buttons-is-layout-flex\">\n<div class=\"wp-block-button\"><a class=\"wp-block-button__link wp-element-button\" href=\"\/news\/?news_category=lecture\">Gi\u1edd gi\u1ea3ng \u0111\u1eb7c bi\u1ec7t<\/a><\/div>\n<\/div>\n\n\n\n<div class=\"wp-block-columns is-layout-flex wp-container-core-columns-is-layout-28f84493 wp-block-columns-is-layout-flex\">\n<div class=\"wp-block-column is-layout-flow wp-block-column-is-layout-flow\" style=\"flex-basis:100%\">\n<div class=\"wp-block-cover is-light c-cover-img\"><img loading=\"lazy\" decoding=\"async\" width=\"1678\" height=\"720\" class=\"wp-block-cover__image-background wp-image-168\" alt=\"\" src=\"https:\/\/www.dhw.ac.jp\/vn\/wp-content\/uploads\/sites\/5\/2024\/05\/img38.jpg\" data-object-fit=\"cover\" \/><span aria-hidden=\"true\" class=\"wp-block-cover__background has-background-dim-10 has-background-dim\"><\/span><div class=\"wp-block-cover__inner-container is-layout-flow wp-block-cover-is-layout-flow\">\n<p class=\"has-text-align-left has-large-font-size\"><strong>K\u1ebft n\u1ed1i<\/strong><\/p>\n<\/div><\/div>\n<\/div>\n<\/div>\n\n\n\n<h3 class=\"wp-block-heading\">K\u1ebft n\u1ed1i v\u1edbi c\u00e1c c\u00f4ng ty s\u1ebd gi\u00fap bi\u1ebfn gi\u1ea5c m\u01a1 th\u00e0nh hi\u1ec7n th\u1ef1c<\/h3>\n\n\n\n<p>DHU cung c\u1ea5p h\u1ed7 tr\u1ee3 t\u00ecm vi\u1ec7c ph\u00f9 h\u1ee3p v\u1edbi t\u1eebng c\u00e1 nh\u00e2n sinh vi\u00ean. V\u1edbi m\u1ea1ng l\u01b0\u1edbi c\u00f4ng ty \u0111\u1eb7c bi\u1ec7t, ch\u00fang t\u00f4i h\u1ed7 tr\u1ee3 sinh vi\u00ean nh\u1eadn ra \u01b0\u1edbc m\u01a1 c\u1ee7a b\u1ea3n th\u00e2n; \u0111i\u1ec1u m\u00e0 ch\u1ec9 m\u1ed9t tr\u01b0\u1eddng \u0111\u1ea1i h\u1ecdc t\u01b0 m\u1edbi th\u1ef1c hi\u1ec7n \u0111\u01b0\u1ee3c, c\u00f9ng v\u1edbi \u0111\u00f3 l\u00e0 c\u00e1c h\u1ed7 tr\u1ee3 \u0111\u1ecbnh h\u01b0\u1edbng s\u1ef1 nghi\u1ec7p ngay t\u1eeb n\u0103m \u0111\u1ea7u ti\u00ean.<\/p>\n\n\n\n<div class=\"wp-block-buttons is-layout-flex wp-block-buttons-is-layout-flex\">\n<div class=\"wp-block-button\"><a class=\"wp-block-button__link wp-element-button\" href=\"\/employment\/\">H\u01b0\u1edbng nghi\u1ec7p v\u00e0 tuy\u1ec3n vi\u1ec7c <\/a><\/div>\n<\/div>\n\n\n\n<h3 class=\"wp-block-heading\">K\u1ebft n\u1ed1i v\u1edbi c\u00e1c c\u1ef1u sinh vi\u00ean \u0111ang t\u1ecfa s\u00e1ng tr\u00ean kh\u1eafp th\u1ebf gi\u1edbi<\/h3>\n\n\n\n<p>Kho\u1ea3ng 90,000* c\u1ef1u sinh vi\u00ean\/ h\u1ecdc sinh c\u1ee7a Digital Hollywood \u0111ang ch\u1edd b\u1ea1n. H\u1ecd \u0111ang ho\u1ea1t \u0111\u1ed9ng \u1edf nhi\u1ec1u l\u0129nh v\u1ef1c kh\u00e1c nhau d\u01b0\u1edbi t\u01b0 c\u00e1ch nh\u00e0 kh\u1edfi nghi\u1ec7p v\u00e0 nh\u00e0 c\u1ea3i c\u00e1ch. \u0110\u1ed3ng th\u1eddi h\u1ecd c\u0169ng thu\u1ed9c c\u00e1c l\u0129nh v\u1ef1c s\u00e1ng t\u1ea1o n\u1ed9i dung nh\u01b0 CG, video, anime v\u00e0 qu\u1ea3ng c\u00e1o \u1edf trong c\u0169ng nh\u01b0 ngo\u00e0i Nh\u1eadt B\u1ea3n.<br> *S\u1ed1 li\u1ec7u t\u1ed5ng h\u1ee3p t\u1eeb c\u00e1c c\u01a1 s\u1edf gi\u00e1o d\u1ee5c \u0111i\u1ec1u h\u00e0nh b\u1edfi Digital Hollywood bao g\u1ed3m tr\u01b0\u1eddng \u0111\u1ea1i h\u1ecdc, cao h\u1ecdc v\u00e0 tr\u01b0\u1eddng \u0111\u00e0o t\u1ea1o cho ng\u01b0\u1eddi \u0111i l\u00e0m<\/p>\n\n\n\n<div class=\"wp-block-buttons is-layout-flex wp-block-buttons-is-layout-flex\">\n<div class=\"wp-block-button\"><a class=\"wp-block-button__link wp-element-button\" href=\"\/feature\/kouyukai\/\">H\u1ed9i c\u1ef1u sinh vi\u00ean<\/a><\/div>\n<\/div>\n\n\n\n<div class=\"wp-block-columns is-layout-flex wp-container-core-columns-is-layout-28f84493 wp-block-columns-is-layout-flex\">\n<div class=\"wp-block-column is-layout-flow wp-block-column-is-layout-flow\" style=\"flex-basis:100%\">\n<div class=\"wp-block-cover is-light c-cover-img\"><img loading=\"lazy\" decoding=\"async\" width=\"1678\" height=\"720\" class=\"wp-block-cover__image-background wp-image-169\" alt=\"\" src=\"https:\/\/www.dhw.ac.jp\/vn\/wp-content\/uploads\/sites\/5\/2024\/05\/img39.jpg\" data-object-fit=\"cover\" \/><span aria-hidden=\"true\" class=\"wp-block-cover__background has-background-dim-10 has-background-dim\"><\/span><div class=\"wp-block-cover__inner-container is-layout-flow wp-block-cover-is-layout-flow\">\n<p class=\"has-text-align-left has-large-font-size\"><strong>M\u1edf r\u1ed9ng<\/strong><\/p>\n<\/div><\/div>\n<\/div>\n<\/div>\n\n\n\n<h3 class=\"wp-block-heading\">Nu\u00f4i d\u01b0\u1ee1ng t\u01b0 duy qu\u1ed1c t\u1ebf v\u00e0 m\u1edf r\u1ed9ng t\u01b0 duy kh\u1eafp th\u1ebf gi\u1edbi<\/h3>\n\n\n\n<p>Th\u00f4ng qua c\u00e1c l\u1edbp h\u1ecdc ti\u1ebfng Anh \u0111\u01b0\u1ee3c chia l\u1edbp ph\u1ee5 thu\u1ed9c v\u00e0o tr\u00ecnh \u0111\u1ed9, ch\u01b0\u01a1ng tr\u00ecnh du h\u1ecdc n\u01b0\u1edbc ngo\u00e0i kh\u00f4ng c\u1ea7n b\u1ea3o l\u01b0u, v\u00e0 c\u00e1c ch\u01b0\u01a1ng tr\u00ecnh giao l\u01b0u v\u1edbi sinh vi\u00ean qu\u1ed1c t\u1ebf \u0111\u1ebfn t\u1eeb h\u01a1n 40 qu\u1ed1c gia v\u00e0 v\u00f9ng l\u00e3nh th\u1ed5, sinh vi\u00ean s\u1ebd ti\u1ebfp thu t\u01b0 duy qu\u1ed1c t\u1ebf c\u1ea7n thi\u1ebft trong th\u1eddi \u0111\u1ea1i x\u00e3 h\u1ed9i to\u00e0n c\u1ea7u.<\/p>\n\n\n\n<div class=\"wp-block-buttons is-layout-flex wp-block-buttons-is-layout-flex\">\n<div class=\"wp-block-button\"><a class=\"wp-block-button__link wp-element-button\" href=\"\/faculty\/english\/\">Ch\u01b0\u01a1ng tr\u00ecnh ti\u1ebfng Anh<\/a><\/div>\n<\/div>\n\n\n\n<h3 class=\"wp-block-heading\">Ph\u00e1t tri\u1ec3n ph\u1ea1m vi c\u00e1c th\u1eed th\u00e1ch c\u1ee7a b\u1ea3n th\u00e2n<\/h3>\n\n\n\n<p>LabProto d\u00e0nh cho t\u1ea1o m\u1eabu ph\u1ea7n m\u1ec1m, D ROCKETS d\u00e0nh cho c\u00e1c c\u1ef1u sinh vi\u00ean v\u00e0 c\u00e1c ch\u01b0\u01a1ng tr\u00ecnh h\u1ed7 tr\u1ee3 kh\u00e1c s\u1ebd gi\u00fap sinh vi\u00ean d\u1ec5 d\u00e0ng b\u1eaft \u0111\u1ea7u c\u00e1c th\u1eed th\u00e1ch m\u1edbi. \u0110\u00e2y c\u0169ng ch\u00ednh l\u00e0 l\u00fd do ch\u00fang t\u00f4i t\u1ef1 h\u00e0o l\u00e0 m\u1ed9t trong nh\u1eefng ng\u00f4i tr\u01b0\u1eddng c\u00f3 s\u1ed1 l\u01b0\u1ee3ng c\u00f4ng ty kh\u1edfi nghi\u1ec7p l\u1edbn nh\u1ea5t to\u00e0n qu\u1ed1c. (Th\u1ed1ng k\u00ea t\u1eeb B\u1ed9 Kinh t\u1ebf, Th\u01b0\u01a1ng m\u1ea1i v\u00e0 C\u00f4ng nghi\u1ec7p)<\/p>\n\n\n\n<div class=\"wp-block-buttons is-layout-flex wp-block-buttons-is-layout-flex\">\n<div class=\"wp-block-button\"><a class=\"wp-block-button__link wp-element-button\" href=\"\/faculty\/business\/\">Qu\u1ea3ng c\u00e1o &amp; Kh\u1edfi nghi\u1ec7p<\/a><\/div>\n<\/div>\n","protected":false},"excerpt":{"rendered":"<p>Trang b\u1ecb nh\u1eefng ki\u1ebfn th\u1ee9c cho x\u00e3 h\u1ed9i s\u1ed1, nu\u00f4i d\u01b0\u1ee1ng nh\u1eefng kh\u1ea3 n\u0103ng v\u00f4 t\u1eadn v\u00e0 s\u1ee9c m\u1ea1nh sinh t\u1ed3n \u1edf t\u01b0\u01a1ng lai. \u0110\u1ea1i [&hellip;]<\/p>\n","protected":false},"author":9,"featured_media":0,"parent":0,"menu_order":0,"comment_status":"closed","ping_status":"closed","template":"page-templates\/hanyo.php","meta":{"_acf_changed":false,"inline_featured_image":false,"footnotes":""},"class_list":{"0":"post-156","1":"page","2":"type-page","3":"status-publish","5":"c-entry"},"acf":[],"_links":{"self":[{"href":"https:\/\/www.dhw.ac.jp\/vn\/wp-json\/wp\/v2\/pages\/156","targetHints":{"allow":["GET"]}}],"collection":[{"href":"https:\/\/www.dhw.ac.jp\/vn\/wp-json\/wp\/v2\/pages"}],"about":[{"href":"https:\/\/www.dhw.ac.jp\/vn\/wp-json\/wp\/v2\/types\/page"}],"author":[{"embeddable":true,"href":"https:\/\/www.dhw.ac.jp\/vn\/wp-json\/wp\/v2\/users\/9"}],"replies":[{"embeddable":true,"href":"https:\/\/www.dhw.ac.jp\/vn\/wp-json\/wp\/v2\/comments?post=156"}],"version-history":[{"count":8,"href":"https:\/\/www.dhw.ac.jp\/vn\/wp-json\/wp\/v2\/pages\/156\/revisions"}],"predecessor-version":[{"id":351,"href":"https:\/\/www.dhw.ac.jp\/vn\/wp-json\/wp\/v2\/pages\/156\/revisions\/351"}],"wp:attachment":[{"href":"https:\/\/www.dhw.ac.jp\/vn\/wp-json\/wp\/v2\/media?parent=156"}],"curies":[{"name":"wp","href":"https:\/\/api.w.org\/{rel}","templated":true}]}}