{"id":172,"date":"2024-05-24T09:01:16","date_gmt":"2024-05-24T00:01:16","guid":{"rendered":"https:\/\/www.dhw.ac.jp\/vn\/?page_id=172"},"modified":"2025-06-16T20:36:48","modified_gmt":"2025-06-16T11:36:48","slug":"academics","status":"publish","type":"page","link":"https:\/\/www.dhw.ac.jp\/vn\/academics\/","title":{"rendered":"Khoa Giao ti\u1ebfp s\u1ed1 Ng\u00e0nh N\u1ed9i dung s\u1ed1"},"content":{"rendered":"\n<p>\u0110\u1ea1i h\u1ecdc Digital Hollywood l\u00e0 tr\u01b0\u1eddng \u0111\u1ea1i h\u1ecdc ch\u1ec9 c\u00f3 m\u1ed9t ng\u00e0nh m\u1ed9t khoa l\u00e0 Ng\u00e0nh N\u1ed9i dung s\u1ed1, Khoa Giao ti\u1ebfp s\u1ed1. Tr\u01b0\u1eddng s\u1eed d\u1ee5ng ch\u01b0\u01a1ng tr\u00ecnh h\u1ecdc chuy\u00ean bi\u1ec7t, n\u01a1i sinh vi\u00ean c\u00f3 th\u1ec3 h\u1ecdc v\u1ec1 c\u00e1c l\u0129nh v\u1ef1c giao ti\u1ebfp s\u1ed1 ch\u1ec9 v\u1edbi m\u1ed9t ng\u00e0nh m\u1ed9t khoa. C\u00e1c sinh vi\u00ean s\u1ebd \u0111\u01b0\u1ee3c ti\u1ebfp thu c\u00e1c k\u1ef9 n\u0103ng, s\u1ef1 s\u00e1ng t\u1ea1o c\u0169ng nh\u01b0 s\u1ef1 nh\u1ea1y b\u00e9n trong kinh doanh, nh\u1eefng y\u1ebfu t\u1ed1 c\u1ea7n thi\u1ebft trong s\u00e1ng t\u1ea1o n\u1ed9i dung s\u1ed1 v\u00e0 l\u00ean k\u1ebf ho\u1ea1ch giao ti\u1ebfp. Sinh vi\u00ean \u0111\u1ed3ng th\u1eddi c\u0169ng \u0111\u01b0\u1ee3c trao d\u1ed3i c\u00e1c k\u1ef9 n\u0103ng ng\u00f4n ng\u1eef v\u00e0 ki\u1ebfn th\u1ee9c \u0111\u1ec3 ho\u1ea1t \u0111\u1ed9ng tr\u00ean s\u00e2n kh\u1ea5u qu\u1ed1c t\u1ebf, ph\u00e1t tri\u1ec3n c\u00e1c k\u1ef9 n\u0103ng sinh t\u1ed3n trong m\u1ed9t t\u01b0\u01a1ng lai kh\u00f4ng ch\u1eafc ch\u1eafn v\u00e0 kh\u00f4ng th\u1ec3 \u0111o\u00e1n tr\u01b0\u1edbc.<\/p>\n\n\n\n<h2 class=\"wp-block-heading\">Ba ch\u01b0\u01a1ng tr\u00ecnh gi\u00e1o d\u1ee5c \u0111\u1ec1 cao t\u00ednh c\u00e1 nh\u00e2n<\/h2>\n\n\n\n<p>T\u00ednh chuy\u00ean m\u00f4n t\u1ea1o ra s\u1ef1 t\u1ef1 do th\u1ec3 hi\u1ec7n qua c\u00e1c c\u00f4ng ngh\u1ec7 k\u1ef9 thu\u1eadt s\u1ed1. Kh\u1ea3 n\u0103ng ng\u00f4n ng\u1eef h\u1ed7 tr\u1ee3 vi\u1ec7c giao ti\u1ebfp v\u1edbi th\u1ebf gi\u1edbi. V\u00e0 gi\u00e1o d\u1ee5c \u0111\u1ea1i c\u01b0\u01a1ng l\u00e0 kh\u1edfi ngu\u1ed3n c\u1ee7a tr\u00ed t\u01b0\u1edfng t\u01b0\u1ee3ng phong ph\u00fa. Ba y\u1ebfu t\u1ed1 n\u00e0y l\u00e0 &#8220;tr\u1ee5 c\u1ed9t&#8221; trong ch\u01b0\u01a1ng tr\u00ecnh h\u1ecdc c\u1ee7a ch\u00fang t\u00f4i, \u0111\u1ed3ng th\u1eddi l\u00e0 xu\u1ea5t ph\u00e1t \u0111i\u1ec3m cho c\u00e1c ho\u1ea1t \u0111\u1ed9ng gi\u00e1o d\u1ee5c v\u00e0 nghi\u00ean c\u1ee9u ti\u00ean ti\u1ebfn.<\/p>\n\n\n\n<h2 class=\"wp-block-heading\">\u0110\u00e0o t\u1ea1o chuy\u00ean nghi\u1ec7p<\/h2>\n\n\n\n<h3 class=\"wp-block-heading\">T\u00e1m l\u0129nh v\u1ef1c chuy\u00ean bi\u1ec7t c\u00f3 th\u1ec3 \u0111\u01b0\u1ee3c k\u1ebft h\u1ee3p v\u1edbi nhau.<\/h3>\n\n\n\n<p>T\u1ea1i DHU, sinh vi\u00ean c\u00f3 th\u1ec3 t\u1ef1 do k\u1ebft h\u1ee3p trong t\u00e1m l\u0129nh v\u1ef1c h\u1ecdc, t\u1eadp trung v\u00e0o n\u1ed9i dung s\u1ed1 v\u00e0 l\u00ean k\u1ebf ho\u1ea1ch\/ giao ti\u1ebfp. Ng\u00e0nh h\u1ecdc mong mu\u1ed1n c\u1ee7a sinh vi\u00ean ho\u00e0n to\u00e0n c\u00f3 th\u1ec3 thay \u0111\u1ed5i tr\u01b0\u1edbc v\u00e0 sau khi nh\u1eadp h\u1ecdc.<br> Sinh vi\u00ean c\u00f3 th\u1ec3 &#8220;s\u1edf h\u1eefu&#8221; \u0111\u01b0\u1ee3c nh\u1eefng ki\u1ebfn th\u1ee9c v\u00e0 k\u1ef9 n\u0103ng m\u00ecnh mu\u1ed1n, t\u1ea1i th\u1eddi \u0111i\u1ec3m m\u00ecnh mu\u1ed1n.<\/p>\n\n\n\n<div class=\"wp-block-group c-img-link-list is-layout-flex wp-block-group-is-layout-flex\">\n<div class=\"wp-block-group is-nowrap is-layout-flex wp-container-core-group-is-layout-6c531013 wp-block-group-is-layout-flex\">\n<figure class=\"wp-block-image size-large\"><img decoding=\"async\" src=\"\/wp\/wp-content\/uploads\/2023\/07\/img20.jpg\" alt=\"\" \/><\/figure>\n\n\n\n<div class=\"wp-block-group is-layout-constrained wp-block-group-is-layout-constrained\">\n<div class=\"wp-block-buttons is-layout-flex wp-block-buttons-is-layout-flex\">\n<div class=\"wp-block-button is-style-low\"><a class=\"wp-block-button__link wp-element-button\" href=\"\/faculty\/3dcg\/\"><strong><strong>3DCG\u30fbVFX<\/strong><\/strong><\/a><\/div>\n<\/div>\n<\/div>\n<\/div>\n\n\n\n<div class=\"wp-block-group is-nowrap is-layout-flex wp-container-core-group-is-layout-6c531013 wp-block-group-is-layout-flex\">\n<figure class=\"wp-block-image size-large\"><img decoding=\"async\" src=\"\/wp\/wp-content\/uploads\/2023\/07\/img21.jpg\" alt=\"\" \/><\/figure>\n\n\n\n<div class=\"wp-block-group is-layout-constrained wp-block-group-is-layout-constrained\">\n<div class=\"wp-block-buttons is-layout-flex wp-block-buttons-is-layout-flex\">\n<div class=\"wp-block-button is-style-low\"><a class=\"wp-block-button__link wp-element-button\" href=\"\/faculty\/game\/\"><strong>L\u1eadp tr\u00ecnh game<\/strong><\/a><\/div>\n<\/div>\n<\/div>\n<\/div>\n\n\n\n<div class=\"wp-block-group is-nowrap is-layout-flex wp-container-core-group-is-layout-6c531013 wp-block-group-is-layout-flex\">\n<figure class=\"wp-block-image size-large\"><img decoding=\"async\" src=\"\/wp\/wp-content\/uploads\/2023\/07\/img22.jpg\" alt=\"\" \/><\/figure>\n\n\n\n<div class=\"wp-block-group is-layout-constrained wp-block-group-is-layout-constrained\">\n<div class=\"wp-block-buttons is-layout-flex wp-block-buttons-is-layout-flex\">\n<div class=\"wp-block-button is-style-low\"><a class=\"wp-block-button__link wp-element-button\" href=\"\/faculty\/movie\/\"><strong><strong>L\u00e0m phim<\/strong><\/strong><\/a><\/div>\n<\/div>\n<\/div>\n<\/div>\n\n\n\n<div class=\"wp-block-group is-nowrap is-layout-flex wp-container-core-group-is-layout-6c531013 wp-block-group-is-layout-flex\">\n<figure class=\"wp-block-image size-large\"><img decoding=\"async\" src=\"\/wp\/wp-content\/uploads\/2023\/07\/img23.jpg\" alt=\"\" \/><\/figure>\n\n\n\n<div class=\"wp-block-group is-layout-constrained wp-block-group-is-layout-constrained\">\n<div class=\"wp-block-buttons is-layout-flex wp-block-buttons-is-layout-flex\">\n<div class=\"wp-block-button is-style-low\"><a class=\"wp-block-button__link wp-element-button\" href=\"\/faculty\/graphic\/\"><strong><strong>Thi\u1ebft k\u1ebf \u0111\u1ed3 h\u1ecda<\/strong><\/strong><\/a><\/div>\n<\/div>\n<\/div>\n<\/div>\n\n\n\n<div class=\"wp-block-group is-nowrap is-layout-flex wp-container-core-group-is-layout-6c531013 wp-block-group-is-layout-flex\">\n<figure class=\"wp-block-image size-large\"><img decoding=\"async\" src=\"\/wp\/wp-content\/uploads\/2023\/07\/img24.jpg\" alt=\"\" \/><\/figure>\n\n\n\n<div class=\"wp-block-group is-layout-constrained wp-block-group-is-layout-constrained\">\n<div class=\"wp-block-buttons is-layout-flex wp-block-buttons-is-layout-flex\">\n<div class=\"wp-block-button is-style-low\"><a class=\"wp-block-button__link wp-element-button\" href=\"\/faculty\/anime\/\"><strong><strong>Anime<\/strong><\/strong><\/a><\/div>\n<\/div>\n<\/div>\n<\/div>\n\n\n\n<div class=\"wp-block-group is-nowrap is-layout-flex wp-container-core-group-is-layout-6c531013 wp-block-group-is-layout-flex\">\n<figure class=\"wp-block-image size-large\"><img decoding=\"async\" src=\"\/wp\/wp-content\/uploads\/2023\/07\/img25.jpg\" alt=\"\" \/><\/figure>\n\n\n\n<div class=\"wp-block-group is-layout-constrained wp-block-group-is-layout-constrained\">\n<div class=\"wp-block-buttons is-layout-flex wp-block-buttons-is-layout-flex\">\n<div class=\"wp-block-button is-style-low\"><a class=\"wp-block-button__link wp-element-button\" href=\"\/faculty\/web\/\"><strong><strong>Web<\/strong><\/strong><\/a><\/div>\n<\/div>\n<\/div>\n<\/div>\n\n\n\n<div class=\"wp-block-group is-nowrap is-layout-flex wp-container-core-group-is-layout-6c531013 wp-block-group-is-layout-flex\">\n<figure class=\"wp-block-image size-large\"><img decoding=\"async\" src=\"\/wp\/wp-content\/uploads\/2023\/07\/img26.jpg\" alt=\"\" \/><\/figure>\n\n\n\n<div class=\"wp-block-group is-layout-constrained wp-block-group-is-layout-constrained\">\n<div class=\"wp-block-buttons is-layout-flex wp-block-buttons-is-layout-flex\">\n<div class=\"wp-block-button is-style-low\"><a class=\"wp-block-button__link wp-element-button\" href=\"\/faculty\/media\/\"><strong><strong>VR \/ AR \/ Ngh\u1ec7 thu\u1eadt s\u1ed1<\/strong><\/strong><\/a><\/div>\n<\/div>\n<\/div>\n<\/div>\n\n\n\n<div class=\"wp-block-group is-nowrap is-layout-flex wp-container-core-group-is-layout-6c531013 wp-block-group-is-layout-flex\">\n<figure class=\"wp-block-image size-large\"><img decoding=\"async\" src=\"\/wp\/wp-content\/uploads\/2023\/07\/img27.jpg\" alt=\"\" \/><\/figure>\n\n\n\n<div class=\"wp-block-group is-layout-constrained wp-block-group-is-layout-constrained\">\n<div class=\"wp-block-buttons is-layout-flex wp-block-buttons-is-layout-flex\">\n<div class=\"wp-block-button is-style-low\"><a class=\"wp-block-button__link wp-element-button\" href=\"\/faculty\/business\/\"><strong><strong>Qu\u1ea3ng c\u00e1o &amp; Kh\u1edfi nghi\u1ec7p<\/strong><\/strong><\/a><\/div>\n<\/div>\n<\/div>\n<\/div>\n<\/div>\n\n\n\n<h2 class=\"wp-block-heading\">Gi\u00e1o d\u1ee5c \u0111\u1ea1i c\u01b0\u01a1ng<\/h2>\n\n\n\n<h3 class=\"wp-block-heading\">H\u1ecdc v\u1ec1 gi\u00e1o d\u1ee5c \u0111\u1ea1i c\u01b0\u01a1ng \u0111\u1ec3 c\u00f3 th\u1ec3 ti\u1ebfp t\u1ee5c s\u00e1ng t\u1ea1o.<\/h3>\n\n\n\n<p>C\u00e1c l\u1edbp h\u1ecdc \u0111\u1ea1i c\u01b0\u01a1ng c\u1ee7a DHU kh\u00f4ng ch\u1ec9 \u0111\u01a1n thu\u1ea7n l\u00e0 ti\u1ebft h\u1ecdc \u0111\u1ea1i c\u01b0\u01a1ng n\u00f3i chung, m\u00e0 l\u00e0 gi\u00e1o d\u1ee5c \u0111\u1ea1i c\u01b0\u01a1ng d\u00e0nh cho c\u00e1c nh\u00e0 s\u00e1ng t\u1ea1o. C\u00e1c l\u1edbp h\u1ecdc n\u00e0y t\u1eadp trung v\u00e0o vi\u1ec7c n\u00e2ng cao ki\u1ebfn th\u1ee9c c\u1ee7a sinh vi\u00ean trong c\u00e1c l\u0129nh v\u1ef1c li\u00ean quan \u0111\u1ebfn con ng\u01b0\u1eddi, khoa h\u1ecdc x\u00e3 h\u1ed9i v\u00e0 khoa h\u1ecdc t\u1ef1 nhi\u00ean. M\u1ee5c ti\u00eau c\u1ee7a kh\u00f3a h\u1ecdc l\u00e0 gia t\u0103ng \u00fd t\u01b0\u1edfng s\u00e1ng t\u1ea1o c\u1ee7a sinh vi\u00ean. Nh\u1eefng l\u1edbp h\u1ecdc n\u00e0y \u0111\u01b0\u1ee3c s\u1eafp x\u1ebfp t\u1eeb n\u0103m th\u1ee9 hai, sau khi sinh vi\u00ean \u0111\u00e3 ho\u00e0n th\u00e0nh c\u00e1c kh\u00f3a h\u1ecdc k\u1ef9 n\u0103ng c\u01a1 b\u1ea3n v\u00e0 kh\u00f3a h\u1ecdc qu\u1ed1c t\u1ebf. Sinh vi\u00ean c\u00f3 th\u1ec3 ch\u1ecdn c\u00e1c l\u1edbp h\u1ecdc d\u1ef1a tr\u00ean s\u1edf th\u00edch v\u00e0 kh\u1ea3 n\u0103ng h\u1ecdc t\u1eadp c\u1ee7a b\u1ea3n th\u00e2n.<\/p>\n\n\n\n<div class=\"wp-block-buttons is-layout-flex wp-block-buttons-is-layout-flex\">\n<div class=\"wp-block-button\"><a class=\"wp-block-button__link wp-element-button\" href=\"\/vn\/academics\/general\/\">Chi ti\u1ebft<\/a><\/div>\n<\/div>\n\n\n\n<figure class=\"wp-block-image size-large\"><img decoding=\"async\" src=\"\/wp\/wp-content\/uploads\/2023\/08\/img42.jpg\" alt=\"\" \/><\/figure>\n\n\n\n<h2 class=\"wp-block-heading\">Gi\u00e1o d\u1ee5c qu\u1ed1c t\u1ebf<\/h2>\n\n\n\n<h3 class=\"wp-block-heading\">V\u1eeba ph\u00e1t tri\u1ec3n kh\u1ea3 n\u0103ng ti\u1ebfng Anh v\u1eeba t\u1eadn h\u01b0\u1edfng! Gi\u00e1o d\u1ee5c qu\u1ed1c t\u1ebf r\u00e8n luy\u1ec7n t\u1ea7m nh\u00ecn mang t\u00ednh to\u00e0n c\u1ea7u.<\/h3>\n\n\n\n<div class=\"wp-block-buttons is-layout-flex wp-block-buttons-is-layout-flex\">\n<div class=\"wp-block-button\"><a class=\"wp-block-button__link wp-element-button\" href=\"\/vn\/academics\/intl\/\">Chi ti\u1ebft<\/a><\/div>\n<\/div>\n\n\n\n<figure class=\"wp-block-image size-large\"><img decoding=\"async\" src=\"\/wp\/wp-content\/uploads\/2023\/08\/img43.jpg\" alt=\"\" \/><\/figure>\n\n\n\n<p>To\u00e0n b\u1ed9 sinh vi\u00ean qu\u1ed1c t\u1ebf ph\u1ea3i h\u1ecdc l\u1edbp ti\u1ebfng Nh\u1eadt, l\u00e0 m\u1ed9t ph\u1ea7n c\u1ee7a ch\u01b0\u01a1ng tr\u00ecnh h\u1ecdc ch\u00ednh. Sinh vi\u00ean \u0111\u01b0\u1ee3c x\u1ebfp l\u1edbp d\u1ef1a theo tr\u00ecnh \u0111\u1ed9 ti\u1ebfng Nh\u1eadt \u1edf k\u1ef3 thi \u0111\u1ea7u v\u00e0o, nh\u1edd v\u1eadt sinh vi\u00ean s\u1ebd \u0111\u01b0\u1ee3c h\u1ecdc c\u00e1c l\u1edbp ph\u00f9 h\u1ee3p v\u1edbi tr\u00ecnh \u0111\u1ed9 \u0111\u1ec3 c\u00f3 nh\u1eefng tr\u1ea3i nghi\u1ec7m t\u1ed1t nh\u1ea5t khi h\u1ecdc t\u1eadp t\u1ea1i Nh\u1eadt B\u1ea3n, c\u0169ng nh\u01b0 \u0111\u1ec3 trang b\u1ecb cho c\u00e1c c\u01a1 h\u1ed9i vi\u1ec7c l\u00e0m trong t\u01b0\u01a1ng lai. <\/p>\n\n\n\n<p>Ngo\u00e0i vi\u1ec7c h\u1ecdc th\u00eam ngo\u1ea1i ng\u1eef th\u1ee9 hai nh\u01b0 ti\u1ebfng Anh, ti\u1ebfng Trung, ti\u1ebfng H\u00e0n, sinh vi\u00ean qu\u1ed1c t\u1ebf c\u0169ng c\u00f3 th\u1ec3 t\u1eadn h\u01b0\u1edfng cu\u1ed9c s\u1ed1ng sinh vi\u00ean v\u1edbi s\u1ef1 giao thoa c\u1ee7a c\u00e1c n\u1ec1 v\u0103n h\u00f3a v\u00e0 ng\u00f4n ng\u1eef kh\u1eafp th\u1ebf gi\u1edbi, \u0111\u1ed3ng th\u1eddi h\u1ecd c\u0169ng c\u00f3 c\u01a1 h\u1ed9i \u0111\u1ec3 giao ti\u1ebfp v\u1edbi sinh vi\u00ean \u0111\u1ebfn t\u1eeb h\u01a1n 40 qu\u1ed1c gia v\u00e0 v\u00f9ng l\u00e3nh th\u1ed5 tr\u00ean kh\u1eafp th\u1ebf gi\u1edbi. \u0110\u00e2y c\u0169ng l\u00e0 m\u1ed9t \u0111i\u1ec3m r\u1ea5t thu h\u00fat kh\u00e1c c\u1ee7a \u0110\u1ea1i h\u1ecdc Digital Hollywood. <\/p>\n\n\n\n<h3 class=\"wp-block-heading\">Th\u00f4ng \u0111i\u1ec7p t\u1eeb th\u1ea7y tr\u01b0\u1edfng khoa <\/h3>\n\n\n\n<figure class=\"wp-block-image size-large\"><img decoding=\"async\" src=\"\/wp\/wp-content\/uploads\/2024\/04\/teacher_main_takeshi-yoshimura.jpg\" alt=\"\" \/><\/figure>\n\n\n\n<p>Ch\u00fang t\u00f4i mu\u1ed1n c\u00e1c em h\u00e3y tr\u1ea3i nghi\u1ec7m th\u1ebf gi\u1edbi ch\u1ec9 c\u1ee7a n\u1ed9i dung s\u1ed1.<\/p>\n\n\n\n<div class=\"wp-block-buttons is-layout-flex wp-block-buttons-is-layout-flex\">\n<div class=\"wp-block-button\"><a class=\"wp-block-button__link wp-element-button\" href=\"\/faculty\/message-dean\/\">Th\u00f4ng \u0111i\u1ec7p t\u1eeb tr\u01b0\u1edfng khoa <\/a><\/div>\n<\/div>\n\n\n\n<h3 class=\"wp-block-heading\">N\u1ed9i dung li\u00ean quan<\/h3>\n\n\n\n<ul class=\"wp-block-list\">\n<li><a href=\"\/faculty\/teacher\/\">Gi\u1ea3ng vi\u00ean<\/a><\/li>\n\n\n\n<li><a href=\"\/faculty\/abroad\/\">Ch\u01b0\u01a1ng tr\u00ecnh du h\u1ecdc<\/a><\/li>\n\n\n\n<li><a href=\"\/faculty\/subject\/\">Danh s\u00e1ch m\u00f4n<\/a><\/li>\n\n\n\n<li><a href=\"\/faculty\/flow\/\">Ch\u01b0\u01a1ng tr\u00ecnh h\u1ecdc<\/a><\/li>\n\n\n\n<li><a href=\"\/gallery\/\">T\u00e1c ph\u1ea9m t\u1ed1t nghi\u1ec7p<\/a><\/li>\n\n\n\n<li><a href=\"\/faculty\/seminar\/\">Gi\u1edbi thi\u1ec7u l\u1edbp kh\u00f3a lu\u1eadn<\/a><\/li>\n\n\n\n<li><a href=\"\/employment\/company-zemi\/\">H\u1ed9i th\u1ea3o doanh nghi\u1ec7p<\/a><\/li>\n\n\n\n<li><a href=\"\/employment\/internship\/\">Th\u1ef1c t\u1eadp<\/a><\/li>\n<\/ul>\n","protected":false},"excerpt":{"rendered":"<p>\u0110\u1ea1i h\u1ecdc Digital Hollywood l\u00e0 tr\u01b0\u1eddng \u0111\u1ea1i h\u1ecdc ch\u1ec9 c\u00f3 m\u1ed9t ng\u00e0nh m\u1ed9t khoa l\u00e0 Ng\u00e0nh N\u1ed9i dung s\u1ed1, Khoa Giao ti\u1ebfp s\u1ed1. [&hellip;]<\/p>\n","protected":false},"author":9,"featured_media":0,"parent":0,"menu_order":0,"comment_status":"closed","ping_status":"closed","template":"page-templates\/hanyo.php","meta":{"_acf_changed":false,"inline_featured_image":false,"footnotes":""},"class_list":{"0":"post-172","1":"page","2":"type-page","3":"status-publish","5":"c-entry"},"acf":[],"_links":{"self":[{"href":"https:\/\/www.dhw.ac.jp\/vn\/wp-json\/wp\/v2\/pages\/172","targetHints":{"allow":["GET"]}}],"collection":[{"href":"https:\/\/www.dhw.ac.jp\/vn\/wp-json\/wp\/v2\/pages"}],"about":[{"href":"https:\/\/www.dhw.ac.jp\/vn\/wp-json\/wp\/v2\/types\/page"}],"author":[{"embeddable":true,"href":"https:\/\/www.dhw.ac.jp\/vn\/wp-json\/wp\/v2\/users\/9"}],"replies":[{"embeddable":true,"href":"https:\/\/www.dhw.ac.jp\/vn\/wp-json\/wp\/v2\/comments?post=172"}],"version-history":[{"count":6,"href":"https:\/\/www.dhw.ac.jp\/vn\/wp-json\/wp\/v2\/pages\/172\/revisions"}],"predecessor-version":[{"id":341,"href":"https:\/\/www.dhw.ac.jp\/vn\/wp-json\/wp\/v2\/pages\/172\/revisions\/341"}],"wp:attachment":[{"href":"https:\/\/www.dhw.ac.jp\/vn\/wp-json\/wp\/v2\/media?parent=172"}],"curies":[{"name":"wp","href":"https:\/\/api.w.org\/{rel}","templated":true}]}}