{"id":178,"date":"2024-05-24T09:06:46","date_gmt":"2024-05-24T00:06:46","guid":{"rendered":"https:\/\/www.dhw.ac.jp\/vn\/?page_id=178"},"modified":"2025-06-25T15:49:49","modified_gmt":"2025-06-25T06:49:49","slug":"admissions","status":"publish","type":"page","link":"https:\/\/www.dhw.ac.jp\/vn\/admissions\/","title":{"rendered":"Th\u00f4ng tin tuy\u1ec3n sinh"},"content":{"rendered":"\n<p>Tham kh\u1ea3o h\u01b0\u1edbng d\u1eabn tuy\u1ec3n sinh \u0111\u1ec3 bi\u1ebft th\u00eam chi ti\u1ebft.<br>\n(H\u01b0\u1edbng d\u1eabn tuy\u1ec3n sinh ch\u1ec9 c\u00f3 ti\u1ebfng Nh\u1eadt)<\/p>\n\n\n\n<h2 class=\"wp-block-heading\">Y\u00eau c\u1ea7u \u0111\u1ed1i v\u1edbi b\u1eadc \u0110\u1ea1i h\u1ecdc (s\u01a1 l\u01b0\u1ee3c)<\/h2>\n\n\n\n<p>C\u00e1c c\u00e1 nh\u00e2n \u0111\u00e1p \u1ee9ng \u0111\u01b0\u1ee3c m\u1ed9t trong c\u00e1c y\u00eau c\u1ea7u sau t\u1ea1i th\u1eddi \u0111i\u1ec3m nh\u1eadp h\u1ecdc c\u00f3 \u0111\u1ee7 \u0111i\u1ec1u ki\u1ec7n \u0111\u1ec3 n\u1ed9p h\u1ed3 s\u01a1.<\/p>\n\n\n\n<ol class=\"wp-block-list\">\n<li>T\u1ed1t nghi\u1ec7p THPT ho\u1eb7c t\u01b0\u01a1ng \u0111\u01b0\u01a1ng<br>Th\u00ed sinh ph\u1ea3i t\u1ed1t nghi\u1ec7p THPT ho\u1eb7c ch\u01b0\u01a1ng tr\u00ecnh gi\u00e1o d\u1ee5c ph\u1ed5 th\u00f4ng 12 n\u0103m.<\/li>\n<\/ol>\n\n\n\n<p>L\u01b0u \u00fd: C\u00e1c th\u00ed sinh ho\u00e0n th\u00e0nh ch\u01b0\u01a1ng tr\u00ecnh gi\u00e1o d\u1ee5c \u00edt h\u01a1n 12 n\u0103m, ph\u1ea3i ho\u00e0n th\u00e0nh ch\u01b0\u01a1ng tr\u00ecnh h\u1ecdc d\u1ef1 b\u1ecb t\u1ea1i c\u00e1c c\u01a1 s\u1edf gi\u00e1o d\u1ee5c \u0111\u01b0\u1ee3c c\u00f4ng nh\u1eadn.<\/p>\n\n\n\n<ol class=\"wp-block-list\" start=\"2\">\n<li>C\u00f3 visa du h\u1ecdc sinh<\/li>\n<\/ol>\n\n\n\n<p>Th\u00ed sinh ph\u1ea3i c\u00f3 visa du h\u1ecdc sinh \u0111\u01b0\u1ee3c quy \u0111\u1ecbnh b\u1edfi Lu\u1eadt ki\u1ec3m so\u00e1t nh\u1eadp c\u01b0 v\u00e0 c\u00f4ng nh\u1eadn di tr\u00fa \u0111\u1ec3 \u0111\u1ee7 \u0111i\u1ec1u ki\u1ec7n n\u1ed9p h\u1ed3 s\u01a1.<br>C\u00e1c th\u00ed sinh c\u00f3 d\u1ef1 \u0111\u1ecbnh nh\u1eadp h\u1ecdc b\u1eb1ng t\u01b0 c\u00e1ch l\u01b0u tr\u00fa kh\u00e1c ngo\u00e0i &#8220;du h\u1ecdc sinh&#8221; ph\u1ea3i b\u00e1o tr\u01b0\u1edbc v\u1edbi nh\u00e0 tr\u01b0\u1eddng. (VD: visa gia \u0111\u00ecnh, v\u0129nh tr\u00fa v.v)<\/p>\n\n\n\n<ol class=\"wp-block-list\" start=\"3\">\n<li>K\u1ef3 thi n\u0103ng l\u1ef1c ti\u1ebfng Nh\u1eadt (JLPT)<\/li>\n<\/ol>\n\n\n\n<p>Th\u00ed sinh \u0111\u0103ng k\u00fd thi ph\u1ea3i thi \u0111\u1ed7 JLPT N2 ho\u1eb7c c\u00f3 \u0111i\u1ec3m EJU 220 \u0111i\u1ec3m cho ph\u1ea7n thi ti\u1ebfng Nh\u1eadt, ho\u1eb7c c\u00f3 k\u1ef9 n\u0103ng ti\u1ebfng Nh\u1eadt t\u01b0\u01a1ng \u0111\u01b0\u01a1ng.<br>Kh\u00f4ng b\u1eaft bu\u1ed9c ph\u1ea3i n\u1ed9p b\u1eb1ng JLPT t\u1ea1i th\u1eddi \u0111i\u1ec3m thi. Th\u00ed sinh c\u00f3 th\u1ec3 \u0111\u0103ng k\u00fd n\u1ebfu kh\u1ea3 n\u0103ng ti\u1ebfng Nh\u1eadt t\u01b0\u01a1ng \u0111\u01b0\u01a1ng JLPT N2.<\/p>\n\n\n\n<h2 class=\"wp-block-heading\">H\u00ecnh th\u1ee9c d\u1ef1 thi<\/h2>\n\n\n\n<p>Ph\u1ee5 thu\u1ed9c v\u00e0o t\u01b0 c\u00e1ch l\u01b0u tr\u00fa, qu\u1ed1c t\u1ecbch v\u00e0 visa m\u00e0 h\u00ecnh th\u1ee9c d\u1ef1 thi c\u00f3 th\u1ec3 thay \u0111\u1ed5i. H\u00e3y l\u01b0u \u00fd c\u00e1c \u0111i\u1ec3m d\u01b0\u1edbi \u0111\u00e2y khi \u0111\u0103ng k\u00fd thi.<\/p>\n\n\n\n<figure class=\"wp-block-flexible-table-block-table\"><table class=\"has-fixed-layout\" style=\"width:100%\"><tbody><tr><th style=\"vertical-align:top;width:26%\"><strong>N\u01a1i \u1edf<\/strong><\/th><td style=\"vertical-align:top;width:26%\"><strong>Qu\u1ed1c t\u1ecbch\/ t\u01b0 c\u00e1ch l\u01b0u tr\u00fa<\/strong><\/td><td style=\"vertical-align:top\"><strong>H\u00ecnh th\u1ee9c d\u1ef1 thi<\/strong><\/td><\/tr><tr><th rowspan=\"4\" style=\"vertical-align:top;width:26%\"><strong>T\u1ea1i Nh\u1eadt<\/strong><\/th><td style=\"vertical-align:top;width:26%\">C\u00e1c th\u00ed sinh c\u00f3 qu\u1ed1c t\u1ecbch Nh\u1eadt (bao g\u1ed3m hai qu\u1ed1c t\u1ecbch)<\/td><td rowspan=\"2\" style=\"vertical-align:top\">K\u1ef3 thi t\u1ed5ng h\u1ee3p \u1edf Nh\u1eadt B\u1ea3n<\/td><\/tr><tr><td style=\"vertical-align:top;width:26%\">cho du h\u1ecdc sinh c\u00f3 t\u01b0 c\u00e1ch l\u01b0u tr\u00fa &#8220;v\u0129nh tr\u00fa&#8221; ho\u1eb7c c\u00e1c t\u01b0 c\u00e1ch kh\u00e1c<\/td><\/tr><tr><td style=\"vertical-align:top;width:26%\">C\u00e1c th\u00ed sinh n\u01b0\u1edbc ngo\u00e0i c\u00f3 t\u01b0 c\u00e1ch l\u01b0u tr\u00fa &#8220;du h\u1ecdc&#8221;<\/td><td rowspan=\"2\" style=\"vertical-align:top\">(Sinh vi\u00ean n\u01b0\u1edbc ngo\u00e0i) K\u1ef3 thi t\u1ed5ng h\u1ee3p \u1edf Nh\u1eadt B\u1ea3n<\/td><\/tr><tr><td>C\u00e1c th\u00ed sinh c\u00f3 t\u01b0 c\u00e1ch l\u01b0u tr\u00fa kh\u00f4ng ph\u1ea3i &#8220;du h\u1ecdc&#8221; nh\u01b0ng mu\u1ed1n \u0111\u1ed5i t\u01b0 c\u00e1ch l\u01b0u tr\u00fa tr\u01b0\u1edbc khi nh\u1eadp h\u1ecdc.<\/td><\/tr><tr><td rowspan=\"2\"><strong>C\u00e1c th\u00ed sinh \u1edf n\u01b0\u1edbc ngo\u00e0i<\/strong><\/td><td>C\u00e1c th\u00ed sinh c\u00f3 qu\u1ed1c t\u1ecbch Nh\u1eadt (bao g\u1ed3m c\u00e1c th\u00ed sinh hai qu\u1ed1c t\u1ecbch) <\/td><td>K\u1ef3 thi t\u1ed5ng h\u1ee3p \u1edf Nh\u1eadt B\u1ea3n<\/td><\/tr><tr><td>C\u00e1c th\u00ed sinh ng\u01b0\u1eddi n\u01b0\u1edbc ngo\u00e0i kh\u00f4ng c\u00f3 t\u01b0 c\u00e1ch l\u01b0u tr\u00fa v\u00e0 mu\u1ed1n nh\u1eadp h\u1ecdc v\u1edbi visa &#8220;Du h\u1ecdc&#8221;<\/td><td>(Sinh vi\u00ean n\u01b0\u1edbc ngo\u00e0i) K\u1ef3 tuy\u1ec3n sinh n\u01b0\u1edbc ngo\u00e0i<\/td><\/tr><\/tbody><\/table><\/figure>\n\n\n\n<h2 class=\"wp-block-heading\">H\u01b0\u1edbng d\u1eabn tuy\u1ec3n sinh<\/h2>\n\n\n\n<h3 class=\"wp-block-heading\">K\u1ef3 nh\u1eadp h\u1ecdc th\u00e1ng 4\/2025<\/h3>\n\n\n\n<div class=\"wp-block-buttons is-layout-flex wp-block-buttons-is-layout-flex\">\n<div class=\"wp-block-button\"><a class=\"wp-block-button__link wp-element-button\" href=\"https:\/\/www.dhw.ac.jp\/wp\/wp-content\/uploads\/2024\/07\/DHU_2025_Youkou_residing_inside_japan_0726.pdf\">H\u01b0\u1edbng d\u1eabn tuy\u1ec3n sinh cho du h\u1ecdc sinh n\u0103m 2025<br>(C\u00e1c th\u00ed sinh \u1edf Nh\u1eadt B\u1ea3n)<\/a><\/div>\n<\/div>\n\n\n\n<div class=\"wp-block-buttons is-layout-flex wp-block-buttons-is-layout-flex\">\n<div class=\"wp-block-button\"><a class=\"wp-block-button__link wp-element-button\" href=\"https:\/\/www.dhw.ac.jp\/wp\/wp-content\/uploads\/2024\/07\/DHU_2025_Youkou_residing_outside_japan_0725.pdf\">H\u01b0\u1edbng d\u1eabn tuy\u1ec3n sinh cho du h\u1ecdc sinh n\u0103m 2025<br>(C\u00e1c th\u00ed sinh \u1edf n\u01b0\u1edbc ngo\u00e0i)<\/a><\/div>\n<\/div>\n\n\n\n<h2 class=\"wp-block-heading\">Ch\u00ednh s\u00e1ch tuy\u1ec3n sinh<\/h2>\n\n\n\n<p>\u0110\u1ec3 \u0111\u00e0o t\u1ea1o \u0111\u01b0\u1ee3c c\u00e1c c\u00e1 nh\u00e2n c\u00f3 th\u1ec3 \u0111\u00f3ng g\u00f3p cho c\u1ed9ng \u0111\u1ed3ng qu\u1ed1c t\u1ebf, \u0110\u1ea1i h\u1ecdc Digital Hollywood ti\u1ebfp nh\u1eadn c\u00e1c sinh vi\u00ean \u0111\u1ebfn t\u1eeb c\u1ea3 Nh\u1eadt B\u1ea3n v\u00e0 tr\u00ean to\u00e0n th\u1ebf gi\u1edbi, nh\u1eefng ng\u01b0\u1eddi chia s\u1ebb tinh th\u1ea7n &#8220;Entertainment. It&#8217;s everything!&#8221;<\/p>\n\n\n\n<p>Th\u00eam v\u00e0o \u0111\u00f3, ch\u00fang t\u00f4i vui m\u1eebng ch\u00e0o \u0111\u00f3n nh\u1eefng sinh vi\u00ean sau:<\/p>\n\n\n\n<ul class=\"wp-block-list\">\n<li>Nh\u1eefng ng\u01b0\u1eddi t\u00ecnh nguy\u1ec7n \u0111\u00f3ng g\u00f3p cho x\u00e3 h\u1ed9i lo\u00e0i ng\u01b0\u1eddi th\u00f4ng qua giao ti\u1ebfp s\u1ed1.<\/li>\n\n\n\n<li>Nh\u1eefng ng\u01b0\u1eddi t\u00f4n tr\u1ecdng s\u00e1ng t\u1ea1o c\u1ee7a ng\u01b0\u1eddi kh\u00e1c.<\/li>\n\n\n\n<li>Nh\u1eefng ng\u01b0\u1eddi b\u1eb1ng l\u00f2ng \u0111\u01b0a ra quy\u1ebft \u0111\u1ecbnh d\u1ef1a v\u00e0o l\u01b0\u01a1ng t\u00e2m c\u1ee7a m\u00ecnh<\/li>\n\n\n\n<li>Nh\u1eefng ng\u01b0\u1eddi t\u00f4n tr\u1ecdng c\u00e1c n\u1ec1n v\u0103n h\u00f3a kh\u00e1c nhau v\u1edbi t\u01b0 c\u00e1ch c\u00f4ng d\u00e2n th\u1ebf gi\u1edbi, v\u00e0 b\u1eb1ng l\u00f2ng g\u1eafn k\u1ebft v\u1edbi c\u1ed9ng \u0111\u1ed3ng qu\u1ed1c t\u1ebf.<\/li>\n<\/ul>\n\n\n\n<p>V\u00ec nh\u1eefng l\u00fd do \u0111\u00f3, ngo\u00e0i \u0111\u1ea1t \u0111\u01b0\u1ee3c k\u1ebft qu\u1ea3 cao \u1edf b\u1eadc THPT, \u0110\u1ea1i h\u1ecdc DHU c\u00f2n l\u1ef1a ch\u1ecdn sinh vi\u00ean d\u1ef1a tr\u00ean nh\u1eefng y\u1ebfu t\u1ed1 sau:<br>&#8211; C\u00e1c ho\u1ea1t \u0111\u1ed9ng s\u00e1ng t\u1ea1o m\u00e0 th\u00ed sinh \u0111\u00e3 tham gia v\u00e0 k\u1ebft qu\u1ea3 c\u1ee7a c\u00e1c ho\u1ea1t \u0111\u1ed9ng \u0111\u00f3.<br>&#8211; Ki\u1ebfn th\u1ee9c thu n\u1ea1p \u0111\u01b0\u1ee3c qua vi\u1ec7c ti\u1ebfp x\u00fac v\u1edbi c\u00e1c n\u1ed9i dung s\u1ed1.<br>&#8211; Tr\u1ea3i nghi\u1ec7m c\u00f3 \u0111\u01b0\u1ee3c khi giao ti\u1ebfp v\u1edbi ng\u01b0\u1eddi kh\u00e1c, VD nh\u01b0 ho\u1ea1t \u0111\u1ed9ng ngo\u1ea1i kh\u00f3a.<br>&#8211; Kinh nghi\u1ec7m c\u00f3 \u0111\u01b0\u1ee3c qua vi\u1ec7c s\u1eed d\u1ee5ng ng\u00f4n ng\u1eef kh\u00e1c ngo\u00e0i ng\u00f4n ng\u1eef m\u1eb9 \u0111\u1ebb.<\/p>\n\n\n\n<div class=\"wp-block-buttons is-layout-flex wp-block-buttons-is-layout-flex\">\n<div class=\"wp-block-button\"><a class=\"wp-block-button__link wp-element-button\" href=\"\/vn\/admissions\/tuition\/\">H\u1ecdc ph\u00ed v\u00e0 ph\u00ed nh\u1eadp h\u1ecdc (N\u0103m h\u1ecdc 2025)<\/a><\/div>\n<\/div>\n\n\n\n<h2 class=\"wp-block-heading\">T\u1ed5ng chi ph\u00ed trong 4 n\u0103m<\/h2>\n\n\n\n<p>C\u00e1c sinh vi\u00ean \u0111\u01b0\u1ee3c nh\u1eadn h\u1ecdc b\u1ed5ng ho\u1eb7c h\u1ed7 tr\u1ee3 t\u00e0i ch\u00ednh c\u00f3 th\u1ec3 \u0111\u01b0\u1ee3c gi\u1ea3m h\u1ecdc ph\u00ed.<br>C\u00e1c lo\u1ea1i ph\u00ed c\u00f3 kh\u1ea3 n\u0103ng thay \u0111\u1ed5i.<\/p>\n\n\n\n<h3 class=\"wp-block-heading\">N\u0103m \u0111\u1ea7u<\/h3>\n\n\n\n<figure class=\"wp-block-flexible-table-block-table\"><table class=\"has-fixed-layout\" style=\"width:100%\"><tbody><tr><th colspan=\"2\" style=\"vertical-align:top;width:26%\"><strong>K\u1ef3 \u0111\u1ea7u (nh\u1eadp h\u1ecdc)<\/strong><\/th><\/tr><tr><th style=\"vertical-align:top;width:26%\"><strong>Ph\u00ed nh\u1eadp h\u1ecdc<\/strong><\/th><td style=\"vertical-align:top;width:26%\">250,000<\/td><\/tr><tr><th style=\"vertical-align:top;width:26%\"><strong>H\u1ecdc ph\u00ed<\/strong><\/th><td style=\"vertical-align:top;width:26%\">520,000<\/td><\/tr><tr><th style=\"vertical-align:top;width:26%\"><strong>Ph\u00ed c\u01a1 s\u1edf v\u1eadt ch\u1ea5t<\/strong><\/th><td style=\"vertical-align:top;width:26%\">250,000<\/td><\/tr><tr><th style=\"vertical-align:top;width:26%\"><strong>Ph\u00ed r\u00e8n luy\u1ec7n<\/strong><\/th><td style=\"vertical-align:top;width:26%\">250,000<\/td><\/tr><tr><th>T\u1ed5ng chi ph\u00ed n\u0103m \u0111\u1ea7u<\/th><td>1,270,000<\/td><\/tr><\/tbody><\/table><\/figure>\n\n\n\n<figure class=\"wp-block-flexible-table-block-table\"><table class=\"has-fixed-layout\" style=\"width:100%\"><tbody><tr><th colspan=\"2\" style=\"vertical-align:top;width:26%\"><strong>K\u1ef3 th\u1ee9 2 (Th\u00e1ng 9)\t<\/strong><\/th><\/tr><tr><th style=\"vertical-align:top;width:26%\"><strong>Ph\u00ed nh\u1eadp h\u1ecdc<\/strong><\/th><td style=\"vertical-align:top;width:26%\">\u2212<\/td><\/tr><tr><th style=\"vertical-align:top;width:26%\"><strong>H\u1ecdc ph\u00ed<\/strong><\/th><td style=\"vertical-align:top;width:26%\">520,000<\/td><\/tr><tr><th>Ph\u00ed c\u01a1 s\u1edf v\u1eadt ch\u1ea5t<\/th><td>\u2212<\/td><\/tr><tr><th>Ph\u00ed r\u00e8n luy\u1ec7n<\/th><td>\u2212<\/td><\/tr><tr><th>T\u1ed5ng c\u1ed9ng<\/th><td>520,000<\/td><\/tr><\/tbody><\/table><figcaption>L\u01b0u \u00fd:<br>\n1. H\u1ecdc ph\u00ed c\u00f3 th\u1ec3 \u0111\u01b0\u1ee3c \u0111\u00f3ng th\u00e0nh 2 k\u1ef3 trong m\u1ed9t n\u0103m.<br>\n2. Ph\u00ed cho h\u1ed9i sinh vi\u00ean l\u00e0 (\uffe530,000) v\u00e0 B\u1ea3o hi\u1ec3m tai n\u1ea1n cho nghi\u00ean c\u1ee9u v\u00e0 h\u1ecdc t\u1eadp c\u1ee7a sinh vi\u00ean (\uffe54,600) s\u1ebd \u0111\u01b0\u1ee3c thu v\u00e0o \u0111\u1ea7u n\u0103m nh\u1ea5t<\/figcaption><\/figure>\n\n\n\n<h3 class=\"wp-block-heading\">N\u0103m th\u1ee9 hai \u0111\u1ebfn n\u0103m th\u1ee9 tu (H\u00e0ng n\u0103m)<\/h3>\n\n\n\n<figure class=\"wp-block-flexible-table-block-table\"><table class=\"has-fixed-layout\" style=\"width:100%\"><tbody><tr><th colspan=\"2\" style=\"vertical-align:top;width:26%\"><strong>K\u1ef3 \u0111\u1ea7u (th\u00e1ng 4)<\/strong><\/th><\/tr><tr><th style=\"vertical-align:top;width:26%\"><strong>H\u1ecdc ph\u00ed<\/strong><\/th><td style=\"vertical-align:top;width:26%\">520,000<\/td><\/tr><tr><th style=\"vertical-align:top;width:26%\"><strong>Ph\u00ed c\u01a1 s\u1edf v\u1eadt ch\u1ea5t<\/strong><\/th><td style=\"vertical-align:top;width:26%\">250,000<\/td><\/tr><tr><th style=\"vertical-align:top;width:26%\"><strong>Ph\u00ed r\u00e8n luy\u1ec7n<\/strong><\/th><td style=\"vertical-align:top;width:26%\">250,000<\/td><\/tr><tr><th>T\u1eeb n\u0103m th\u1ee9 2<\/th><td>1,020,000<\/td><\/tr><\/tbody><\/table><\/figure>\n\n\n\n<figure class=\"wp-block-flexible-table-block-table\"><table class=\"has-fixed-layout\" style=\"width:100%\"><tbody><tr><th colspan=\"2\" style=\"vertical-align:top;width:26%\"><strong>K\u1ef3 sau (th\u00e1ng 9)<\/strong><\/th><\/tr><tr><th style=\"vertical-align:top;width:26%\"><strong>H\u1ecdc ph\u00ed<\/strong><\/th><td style=\"vertical-align:top;width:26%\">520,000<\/td><\/tr><tr><th style=\"vertical-align:top;width:26%\"><strong>Ph\u00ed c\u01a1 s\u1edf v\u1eadt ch\u1ea5t<\/strong><\/th><td style=\"vertical-align:top;width:26%\">&#8211;<\/td><\/tr><tr><th style=\"vertical-align:top;width:26%\"><strong>Ph\u00ed r\u00e8n luy\u1ec7n<\/strong><\/th><td style=\"vertical-align:top;width:26%\">&#8211;<\/td><\/tr><tr><th>T\u1ed5ng c\u1ed9ng<\/th><td>520,000<\/td><\/tr><\/tbody><\/table><figcaption>M\u00e1y t\u00ednh\/ ph\u1ea7n m\u1ec1m:<br>&#8211; Sinh vi\u00ean \u0111\u01b0\u1ee3c y\u00eau c\u1ea7u ph\u1ea3i c\u00f3 m\u00e1y t\u00ednh (Mac ho\u1eb7c Windows) t\u1ea1i th\u1eddi \u0111i\u1ec3m nh\u1eadp h\u1ecdc.<br>&#8211; B\u1ea3n quy\u1ec1n cho Microsoft 365 v\u00e0 Adobe Creative Cloud \u0111\u01b0\u1ee3c c\u1ea5p trong qu\u00e1 tr\u00ecnh h\u1ecdc t\u1ea1i tr\u01b0\u1eddng (t\u1eeb th\u00e1ng 4) <br>&#8211; Sinh vi\u00ean s\u1ebd \u0111\u01b0\u1ee3c h\u01b0\u1edbng d\u1eabn v\u1ec1 m\u00e1y t\u00ednh v\u00e0 ph\u1ea7n m\u1ec1m nh\u00e0 tr\u01b0\u1eddng g\u1ee3i \u00fd.<\/figcaption><\/figure>\n\n\n\n<div class=\"wp-block-buttons is-layout-flex wp-block-buttons-is-layout-flex\">\n<div class=\"wp-block-button\"><a class=\"wp-block-button__link wp-element-button\" href=\"\/entrance\/tuition\/\">H\u1ecdc b\u1ed5ng<\/a><\/div>\n<\/div>\n\n\n\n<p>Tham kh\u1ea3o h\u01b0\u1edbng d\u1eabn tuy\u1ec3n sinh \u0111\u1ec3 bi\u1ebft th\u00eam chi ti\u1ebft.<\/p>\n\n\n\n<h3 class=\"wp-block-heading\">H\u1ecdc b\u1ed5ng cho sinh vi\u00ean xu\u1ea5t s\u1eafc<\/h3>\n\n\n\n<p>C\u00e1c sinh vi\u00ean \u01b0u t\u00fa s\u1ebd \u0111\u01b0\u1ee3c l\u1ef1a ch\u1ecdn t\u1eeb k\u1ef3 thi t\u1ed5ng h\u1ee3p &#8211; k\u1ef3 thi h\u1ecdc b\u1ed5ng. H\u1ecdc ph\u00ed s\u1ebd \u0111\u01b0\u1ee3c mi\u1ec5n gi\u1ea3m ph\u1ee5 thu\u1ed9c v\u00e0o k\u1ebft qu\u1ea3 c\u1ee7a b\u00e0i thi.<\/p>\n\n\n\n<h3 class=\"wp-block-heading\">H\u1ecdc b\u1ed5ng cho K\u1ef3 thi ki\u1ebfn th\u1ee9c<\/h3>\n\n\n\n<p>Trong c\u00e1c th\u00ed sinh v\u01b0\u1ee3t qua k\u1ef3 thi ki\u1ebfn th\u1ee9c, c\u00e1c th\u00ed sinh c\u00f3 \u0111i\u1ec3m cao nh\u1ea5t s\u1ebd \u0111\u01b0\u1ee3c l\u1ef1a ch\u1ecdn \u0111\u1ec3 trao h\u1ecdc b\u1ed5ng. H\u1ecdc ph\u00ed s\u1ebd \u0111\u01b0\u1ee3c mi\u1ec5n gi\u1ea3m ph\u1ee5 thu\u1ed9c v\u00e0o k\u1ebft qu\u1ea3 b\u00e0i thi.<\/p>\n\n\n\n<h3 class=\"wp-block-heading\">Mi\u1ec5n gi\u1ea3m h\u1ecdc ph\u00ed<\/h3>\n\n\n\n<p>Ch\u01b0\u01a1ng tr\u00ecnh mi\u1ec5n gi\u1ea3m h\u1ecdc ph\u00ed d\u00e0nh cho sinh vi\u00ean g\u1eb7p kh\u00f3 kh\u0103n v\u1ec1 t\u00e0i ch\u00ednh ho\u1eb7c c\u00e1c bi\u1ebfn c\u1ed1 kh\u00e1c trong qu\u00e1 h\u1ecdc t\u1eadp m\u00e0 kh\u00f4ng \u0111\u1ee7 \u0111i\u1ec1u ki\u1ec7n \u0111\u1ec3 s\u1eed d\u1ee5ng qu\u1ef9 vay gi\u00e0nh cho gi\u00e1o d\u1ee5c.<\/p>\n\n\n\n<h3 class=\"wp-block-heading\">H\u1ecdc b\u1ed5ng ASEAN<\/h3>\n\n\n\n<p>\u0110\u00e2y l\u00e0 ch\u01b0\u01a1ng tr\u00ecnh mi\u1ec5n gi\u1ea3m h\u1ecdc ph\u00ed d\u00e0nh cho du h\u1ecdc sinh du h\u1ecdc t\u1ef1 t\u00fac \u0111\u1ebfn t\u1eeb c\u00e1c n\u01b0\u1edbc ASEAN. H\u1ecdc b\u1ed5ng s\u1ebd \u0111\u01b0\u1ee3c x\u00e9t d\u1ef1a tr\u00ean k\u1ebft qu\u1ea3 c\u1ee7a b\u00e0i thi \u0111\u1ea7u v\u00e0o.<\/p>\n\n\n\n<h2 class=\"wp-block-heading\">Ph\u00f2ng tuy\u1ec3n sinh \u0110\u1ea1i h\u1ecdc Digital Hollywood <\/h2>\n\n\n\n<p><a href=\"mailto:nyushi@dhw.ac.jp\">nyushi@dhw.ac.jp<\/a><\/p>\n","protected":false},"excerpt":{"rendered":"<p>Tham kh\u1ea3o h\u01b0\u1edbng d\u1eabn tuy\u1ec3n sinh \u0111\u1ec3 bi\u1ebft th\u00eam chi ti\u1ebft. (H\u01b0\u1edbng d\u1eabn tuy\u1ec3n sinh ch\u1ec9 c\u00f3 ti\u1ebfng Nh\u1eadt) Y\u00eau c\u1ea7u \u0111\u1ed1i v\u1edbi [&hellip;]<\/p>\n","protected":false},"author":9,"featured_media":0,"parent":0,"menu_order":0,"comment_status":"closed","ping_status":"closed","template":"page-templates\/hanyo.php","meta":{"_acf_changed":false,"inline_featured_image":false,"footnotes":""},"class_list":{"0":"post-178","1":"page","2":"type-page","3":"status-publish","5":"c-entry"},"acf":[],"_links":{"self":[{"href":"https:\/\/www.dhw.ac.jp\/vn\/wp-json\/wp\/v2\/pages\/178","targetHints":{"allow":["GET"]}}],"collection":[{"href":"https:\/\/www.dhw.ac.jp\/vn\/wp-json\/wp\/v2\/pages"}],"about":[{"href":"https:\/\/www.dhw.ac.jp\/vn\/wp-json\/wp\/v2\/types\/page"}],"author":[{"embeddable":true,"href":"https:\/\/www.dhw.ac.jp\/vn\/wp-json\/wp\/v2\/users\/9"}],"replies":[{"embeddable":true,"href":"https:\/\/www.dhw.ac.jp\/vn\/wp-json\/wp\/v2\/comments?post=178"}],"version-history":[{"count":7,"href":"https:\/\/www.dhw.ac.jp\/vn\/wp-json\/wp\/v2\/pages\/178\/revisions"}],"predecessor-version":[{"id":342,"href":"https:\/\/www.dhw.ac.jp\/vn\/wp-json\/wp\/v2\/pages\/178\/revisions\/342"}],"wp:attachment":[{"href":"https:\/\/www.dhw.ac.jp\/vn\/wp-json\/wp\/v2\/media?parent=178"}],"curies":[{"name":"wp","href":"https:\/\/api.w.org\/{rel}","templated":true}]}}