{"id":183,"date":"2024-05-24T09:10:30","date_gmt":"2024-05-24T00:10:30","guid":{"rendered":"https:\/\/www.dhw.ac.jp\/vn\/?page_id=183"},"modified":"2024-06-07T17:17:12","modified_gmt":"2024-06-07T08:17:12","slug":"life","status":"publish","type":"page","link":"https:\/\/www.dhw.ac.jp\/vn\/life\/","title":{"rendered":"Cu\u1ed9c s\u1ed1ng sinh vi\u00ean"},"content":{"rendered":"\n<h1 class=\"wp-block-heading\">C\u01a1 s\u1edf v\u1eadt ch\u1ea5t hi\u1ec7n t\u1ea1i c\u00f9ng h\u1ec7 th\u1ed1ng h\u1ed7 tr\u1ee3 \u0111\u1ec3 sinh vi\u00ean c\u00f3 cu\u1ed9c s\u1ed1ng \u0111\u1ea1i h\u1ecdc tr\u1ecdn v\u1eb9n<\/h1>\n\n\n\n<p>Sinh vi\u00ean DHU c\u00f3 m\u1ed9t cu\u1ed9c s\u1ed1ng sinh vi\u00ean \u0111\u1eb7c bi\u1ec7t, lu\u00f4n theo \u0111u\u1ed5i \u01b0\u1edbc m\u01a1. \u0110\u1ec3 m\u1ed7i sinh vi\u00ean c\u00f3 th\u1ec3 c\u00f3 cu\u1ed9c s\u1ed1ng sinh vi\u00ean tr\u1ecdn v\u1eb9n, \u0110\u1ea1i h\u1ecdc Digital Hollywood \u0111em \u0111\u1ebfn nh\u1eefng c\u01a1 s\u1edf v\u1eadt ch\u1ea5t v\u00e0 m\u00f4i tr\u01b0\u1eddng s\u1ebd khuy\u1ebfn kh\u00edch sinh vi\u00ean ho\u1ea1t \u0111\u1ed9ng s\u00e1ng t\u1ea1o. Th\u00eam v\u00e0o \u0111\u00f3, DHU c\u0169ng h\u1ed7 tr\u1ee3 vi\u1ec7c h\u1ecdc t\u1eadp v\u00e0 \u0111\u1eddi s\u1ed1ng h\u00e0ng ng\u00e0y c\u1ee7a sinh vi\u00ean.<\/p>\n\n\n\n<h2 class=\"wp-block-heading\">H\u1ed7 tr\u1ee3 cho sinh vi\u00ean qu\u1ed1c t\u1ebf<\/h2>\n\n\n\n<p>\u0110\u1ec3 sinh vi\u00ean n\u01b0\u1edbc ngo\u00e0i c\u00f3 th\u1ec3 h\u1ecdc c\u00f9ng l\u1edbp v\u1edbi c\u00e1c sinh vi\u00ean Nh\u1eadt, c\u00e1c sinh vi\u00ean ph\u1ea3i lu\u00f4n trau d\u1ed3i k\u1ef9 n\u0103ng ti\u1ebfng Nh\u1eadt. Trong kh\u00f3a h\u1ecdc &#8220;ti\u1ebfng Nh\u1eadt c\u01a1 b\u1ea3n&#8221; v\u00e0 &#8220;ng\u00f4n ng\u1eef Nh\u1eadt B\u1ea3n&#8221;, tr\u01b0\u1eddng \u0111em \u0111\u1ebfn ch\u01b0\u01a1ng tr\u00ecnh h\u1ecdc d\u1ef1a theo tr\u00ecnh \u0111\u1ed9 c\u1ee7a sinh vi\u00ean, trang b\u1ecb c\u00e1c k\u1ef9 n\u0103ng c\u1ea7n \u0111\u1ec3 h\u1ecdc t\u1eadp \u1edf \u0111\u1ea1i h\u1ecdc v\u00e0 t\u00ecm vi\u1ec7c l\u00e0m sau n\u00e0y. Tr\u01b0\u1eddng c\u0169ng t\u1ed5 ch\u1ee9c c\u00e1c kh\u00f3a t\u00ecm hi\u1ec3u v\u1ec1 t\u00ecm vi\u1ec7c v\u00e0 s\u1ef1 ki\u1ec7n giao l\u01b0u d\u00e0nh cho du h\u1ecdc sinh, gi\u00fap c\u00e1c b\u1ea1n th\u1ea5y ni\u1ec1m vui khi h\u1ecdc t\u1eadp \u1edf n\u01b0\u1edbc ngo\u00e0i.<\/p>\n\n\n\n<h2 class=\"wp-block-heading\">H\u1ed7 tr\u1ee3 cho sinh vi\u00ean l\u1ea7n \u0111\u1ea7u d\u00f9ng m\u00e1y t\u00ednh<\/h2>\n\n\n\n<p>M\u00e1y t\u00ednh (Mac\/ Windows) \u0111\u01b0\u1ee3c gi\u1ea3m gi\u00e1 t\u1ea1i DHU. T\u1ea1i bu\u1ed5i h\u01b0\u1edbng d\u1eabn nh\u1eadp h\u1ecdc, c\u00e1c c\u00e1n b\u1ed9 c\u1ee7a tr\u01b0\u1eddng s\u1ebd h\u01b0\u1edbng d\u1eabn c\u1ee5 th\u1ec3 c\u00e1ch s\u1eed d\u1ee5ng m\u00e1y t\u00ednh, c\u00e0i \u0111\u1eb7t ph\u1ea7n m\u1ec1m s\u1eed d\u1ee5ng tr\u00ean l\u1edbp v\u00e0 c\u00e1c \u1ee9ng d\u1ee5ng c\u1ee7a DHU.<\/p>\n\n\n\n<h2 class=\"wp-block-heading\">Ph\u1ea7n m\u1ec1m mi\u1ec5n ph\u00ed<\/h2>\n\n\n\n<p>Sinh vi\u00ean c\u00f3 th\u1ec3 d\u00f9ng mi\u1ec5n ph\u00ed c\u00e1c ph\u1ea7n m\u1ec1m Microsoft Office 365, Adobe Creative Cloud v\u00e0 c\u00e1c d\u1ecbch v\u1ee5 c\u1ee7a Google trong su\u1ed1t qu\u00e1 tr\u00ecnh h\u1ecdc (b\u1ea3n d\u00e0nh cho sinh vi\u00ean ho\u1eb7c c\u01a1 s\u1edf gi\u00e1o d\u1ee5c).<\/p>\n\n\n\n<h2 class=\"wp-block-heading\">ANFT (Qua \u0111\u00eam \u1edf tr\u01b0\u1eddng)<\/h2>\n\n\n\n<p>ANFT \u0111\u01b0\u1ee3c th\u1ef1c hi\u1ec7n 4 ng\u00e0y 1 tu\u1ea7n, v\u00e0o c\u00e1c ng\u00e0y th\u01b0\u1eddng. Sinh vi\u00ean c\u00f3 th\u1ec3 s\u1eed d\u1ee5ng ph\u00f2ng m\u00e1y t\u00ednh cho c\u00e1c ho\u1ea1t \u0111\u1ed9ng s\u00e1ng t\u1ea1o t\u1eeb 10PM &#8211; 8AM ng\u00e0y h\u00f4m sau.<\/p>\n\n\n\n<h2 class=\"wp-block-heading\">ANY (t\u00e0i li\u1ec7u video)<\/h2>\n\n\n\n<p>C\u00e1c t\u00e0i li\u1ec7u video \u0111\u01b0\u1ee3c s\u1eed d\u1ee5ng \u0111\u1ec3 &#8220;h\u1ecdc l\u1ea1i&#8221;. Sinh vi\u00ean c\u00f3 th\u1ec3 h\u1ecdc tr\u00ean l\u1edbp c\u0169ng nh\u01b0 t\u1ef1 h\u1ecdc \u1edf nh\u00e0, ho\u1eb7c th\u1eadm ch\u00ed h\u1ecdc c\u00e1c l\u0129nh v\u1ef1c kh\u00e1c ngo\u00e0i kh\u00f3a h\u1ecdc. T\u1eeb tr\u01b0\u1edbc khi nh\u1eadp h\u1ecdc, sinh vi\u00ean c\u00f3 th\u1ec3 d\u00f9ng c\u00e1c t\u00e0i li\u1ec7u n\u00e0y b\u1ea5t k\u1ef3 l\u00fac n\u00e0o m\u00e0 kh\u00f4ng b\u1ecb gi\u1edbi h\u1ea1n v\u1ec1 s\u1ed1 l\u1ea7n.<\/p>\n\n\n\n<h2 class=\"wp-block-heading\">T\u01b0 v\u1ea5n ch\u1ecdn l\u1edbp h\u1ecdc<\/h2>\n\n\n\n<p>Ph\u1ee5 thu\u1ed9c v\u00e0o s\u1edf th\u00edch v\u00e0 \u0111\u1ecbnh h\u01b0\u1edbng ngh\u1ec1 nghi\u1ec7p t\u01b0\u01a1ng lai c\u1ee7a m\u1ed7i sinh vi\u00ean, DHU s\u1ebd \u0111\u01b0a ra g\u1ee3i \u00fd c\u00e1c kh\u00f3a h\u1ecdc cho m\u1ed7i l\u0129nh v\u1ef1c. C\u00e1c c\u00e1n b\u1ed9 c\u1ee7a ch\u00fang t\u00f4i s\u1ebd \u0111\u01b0a ra l\u1eddi khuy\u00ean c\u1ee5 th\u1ec3.<\/p>\n\n\n\n<h2 class=\"wp-block-heading\">Qu\u1ea3n l\u00fd s\u1ee9c kh\u1ecfe<\/h2>\n\n\n\n<p>Khu\u00f4n vi\u00ean tr\u01b0\u1eddng \u0111\u01b0\u1ee3c trang b\u1ecb ph\u00f2ng \u00fd t\u1ebf v\u00e0 AED. Sinh vi\u00ean \u0111\u01b0\u1ee3c kh\u00e1m s\u1ee9c kh\u1ecfe th\u01b0\u1eddng ni\u00ean. Ngo\u00e0i kh\u1ea3 n\u0103ng ph\u00e1t hi\u1ec7n s\u1edbm c\u00e1c lo\u1ea1i b\u1ec7nh v\u00e0 qu\u1ea3n l\u00fd t\u00ecnh tr\u1ea1ng s\u1ee9c kh\u1ecfe, gi\u1ea5y ch\u1ee9ng nh\u1eadn t\u1eeb c\u00e1c k\u1ef3 kh\u00e1m s\u1ee9c kh\u1ecfe s\u1ebd \u0111\u01b0\u1ee3c d\u00f9ng khi \u0111i xin vi\u1ec7c, h\u1ecdc l\u00ean cao h\u1ecdc ho\u1eb7c c\u00e1c l\u00fd do kh\u00e1c. \u0110\u1ed1i v\u1edbi c\u00e1c th\u1eddi \u0111i\u1ec3m c\u00f3 d\u1ecbch b\u1ec7nh (VD nh\u01b0 c\u00fam m\u00f9a h\u00e0ng n\u0103m), sinh vi\u00ean c\u00f3 th\u1ec3 \u0111\u01b0\u1ee3c ti\u00eam v\u1eafc xin n\u1ebfu c\u00f3 nhu c\u1ea7u. Sinh vi\u00ean c\u0169ng c\u00f3 th\u1ec3 trao \u0111\u1ed5i tr\u1ef1c ti\u1ebfp v\u1edbi chuy\u00ean gia trong tr\u01b0\u1eddng v\u1ec1 c\u00e1c v\u1ea5n \u0111\u1ec1 li\u00ean quan \u0111\u1ebfn \u0111\u1eddi s\u1ed1ng sinh vi\u00ean.<\/p>\n\n\n\n<h2 class=\"wp-block-heading\">K\u00fd t\u00fac x\u00e1 sinh vi\u00ean<\/h2>\n\n\n\n<p>\u0110\u1ed1i v\u1edbi c\u00e1c sinh vi\u00ean s\u1ed1ng xa nh\u00e0, DHU cung c\u1ea5p c\u00e1c th\u00f4ng tin v\u1ec1 k\u00fd t\u00fac x\u00e1 sinh vi\u00ean cung c\u1ea5p m\u1ea1ng m\u00e1y t\u00ednh v\u00e0 c\u00e1c b\u1eefa \u0103n \u0111\u01b0\u1ee3c chu\u1ea9n b\u1ecb b\u1edfi chuy\u00ean gia dinh d\u01b0\u01a1ng.<br>\n*Chi ti\u1ebft s\u1ebd \u0111\u01b0\u1ee3c cung c\u1ea5p khi l\u00e0m th\u1ee7 t\u1ee5c nh\u1eadp h\u1ecdc.<\/p>\n\n\n\n<div class=\"wp-block-group c-img-link-list is-layout-flex wp-block-group-is-layout-flex\">\n<div class=\"wp-block-group is-nowrap is-layout-flex wp-container-core-group-is-layout-6c531013 wp-block-group-is-layout-flex\">\n<figure class=\"wp-block-image size-large\"><img decoding=\"async\" src=\"\/wp\/wp-content\/uploads\/2023\/08\/DSC05237-800x533.jpg\" alt=\"\" \/><\/figure>\n\n\n\n<div class=\"wp-block-group is-layout-constrained wp-block-group-is-layout-constrained\">\n<div class=\"wp-block-buttons is-layout-flex wp-block-buttons-is-layout-flex\">\n<div class=\"wp-block-button is-style-low\"><a class=\"wp-block-button__link wp-element-button\" href=\"https:\/\/www.dhw.ac.jp\/vn\/about\/facility\/\"><strong><strong>C\u01a1 s\u1edf v\u1eadt ch\u1ea5t<\/strong><\/strong><\/a><\/div>\n<\/div>\n\n\n\n<p>M\u00f4i tr\u01b0\u1eddng h\u1ecdc t\u1eadp \u0111\u01b0\u1ee3c trang b\u1ecb c\u01a1 s\u1edf v\u1eadt hi\u1ec7n t\u1ea1i v\u00e0 kh\u00f4ng gian n\u1ed9i th\u1ea5t sang tr\u1ecdng. T\u1ed1i \u01b0u cho vi\u1ec7c \u0111\u00e0o t\u1ea1o nh\u00e2n t\u00e0i th\u1ebf h\u1ec7 ti\u1ebfp theo.<\/p>\n<\/div>\n<\/div>\n\n\n\n<div class=\"wp-block-group is-nowrap is-layout-flex wp-container-core-group-is-layout-6c531013 wp-block-group-is-layout-flex\">\n<figure class=\"wp-block-image size-large\"><img decoding=\"async\" src=\"\/wp\/wp-content\/uploads\/2023\/08\/DSC06688-1-800x533.jpg\" alt=\"\" \/><\/figure>\n\n\n\n<div class=\"wp-block-group is-layout-constrained wp-block-group-is-layout-constrained\">\n<div class=\"wp-block-buttons is-layout-flex wp-block-buttons-is-layout-flex\">\n<div class=\"wp-block-button is-style-low\"><a class=\"wp-block-button__link wp-element-button\" href=\"\/life\/club\/\"><strong>Ho\u1ea1t \u0111\u1ed9ng c\u00e2u l\u1ea1c b\u1ed9<\/strong><\/a><\/div>\n<\/div>\n\n\n\n<p>C\u00f3 nhi\u1ec1u c\u00e1c c\u00e2u l\u1ea1c b\u1ed9 thu\u1ed9c c\u00e1c l\u0129nh v\u1ef1c kh\u00e1c nhau nh\u01b0 \u00e2m nh\u1ea1c, s\u00e2n kh\u1ea5u, nh\u1ea3y, 3DCG, video, anime, e-sports v\u00e0 VTuber. H\u00e3y t\u00ecm m\u1ed9t c\u00e2u l\u1ea1c b\u1ed9 ph\u00f9 h\u1ee3p v\u1edbi b\u1ea1n trong ti\u1ec7c ch\u00e0o \u0111\u00f3n sinh vi\u00ean m\u1edbi ho\u1eb7c l\u1ec5 h\u1ed9i tr\u01b0\u1eddng v\u00e0o m\u00f9a thu<\/p>\n<\/div>\n<\/div>\n\n\n\n<div class=\"wp-block-group is-nowrap is-layout-flex wp-container-core-group-is-layout-6c531013 wp-block-group-is-layout-flex\">\n<figure class=\"wp-block-image size-large\"><img decoding=\"async\" src=\"\/wp\/wp-content\/uploads\/2023\/08\/2023_02_17_73160506-800x533.jpg\" alt=\"\" \/><\/figure>\n\n\n\n<div class=\"wp-block-group is-layout-constrained wp-block-group-is-layout-constrained\">\n<div class=\"wp-block-buttons is-layout-flex wp-block-buttons-is-layout-flex\">\n<div class=\"wp-block-button is-style-low\"><a class=\"wp-block-button__link wp-element-button\" href=\"\/now\/list\/students\/\"><strong><strong>Ti\u1ebfng n\u00f3i sinh vi\u00ean<\/strong><\/strong><\/a><\/div>\n<\/div>\n\n\n\n<p>NOW l\u00e0 trang web mang DHU &#8220;hi\u1ec7n nay&#8221; \u0111\u1ebfn v\u1edbi m\u1ecdi ng\u01b0\u1eddi. Trang web \u0111\u0103ng t\u1ea3i nh\u1eefng b\u00e0i ph\u1ecfng v\u1ea5n ch\u00e2n th\u1eadt nh\u1ea5t c\u1ee7a sinh vi\u00ean DHU.<\/p>\n<\/div>\n<\/div>\n<\/div>\n","protected":false},"excerpt":{"rendered":"<p>C\u01a1 s\u1edf v\u1eadt ch\u1ea5t hi\u1ec7n t\u1ea1i c\u00f9ng h\u1ec7 th\u1ed1ng h\u1ed7 tr\u1ee3 \u0111\u1ec3 sinh vi\u00ean c\u00f3 cu\u1ed9c s\u1ed1ng \u0111\u1ea1i h\u1ecdc tr\u1ecdn v\u1eb9n Sinh vi\u00ean DHU c\u00f3 m\u1ed9t c [&hellip;]<\/p>\n","protected":false},"author":9,"featured_media":0,"parent":0,"menu_order":0,"comment_status":"closed","ping_status":"closed","template":"page-templates\/hanyo.php","meta":{"_acf_changed":false,"inline_featured_image":false,"footnotes":""},"class_list":{"0":"post-183","1":"page","2":"type-page","3":"status-publish","5":"c-entry"},"acf":[],"_links":{"self":[{"href":"https:\/\/www.dhw.ac.jp\/vn\/wp-json\/wp\/v2\/pages\/183","targetHints":{"allow":["GET"]}}],"collection":[{"href":"https:\/\/www.dhw.ac.jp\/vn\/wp-json\/wp\/v2\/pages"}],"about":[{"href":"https:\/\/www.dhw.ac.jp\/vn\/wp-json\/wp\/v2\/types\/page"}],"author":[{"embeddable":true,"href":"https:\/\/www.dhw.ac.jp\/vn\/wp-json\/wp\/v2\/users\/9"}],"replies":[{"embeddable":true,"href":"https:\/\/www.dhw.ac.jp\/vn\/wp-json\/wp\/v2\/comments?post=183"}],"version-history":[{"count":6,"href":"https:\/\/www.dhw.ac.jp\/vn\/wp-json\/wp\/v2\/pages\/183\/revisions"}],"predecessor-version":[{"id":311,"href":"https:\/\/www.dhw.ac.jp\/vn\/wp-json\/wp\/v2\/pages\/183\/revisions\/311"}],"wp:attachment":[{"href":"https:\/\/www.dhw.ac.jp\/vn\/wp-json\/wp\/v2\/media?parent=183"}],"curies":[{"name":"wp","href":"https:\/\/api.w.org\/{rel}","templated":true}]}}