{"id":189,"date":"2024-05-24T09:13:29","date_gmt":"2024-05-24T00:13:29","guid":{"rendered":"https:\/\/www.dhw.ac.jp\/vn\/?page_id=189"},"modified":"2024-06-07T17:22:29","modified_gmt":"2024-06-07T08:22:29","slug":"career","status":"publish","type":"page","link":"https:\/\/www.dhw.ac.jp\/vn\/career\/","title":{"rendered":"H\u1ed7 tr\u1ee3 ngh\u1ec1 nghi\u1ec7p"},"content":{"rendered":"\n<h1 class=\"wp-block-heading\">T\u1ec9 l\u1ec7 nh\u1eadn \u0111\u01b0\u1ee3c vi\u1ec7c l\u00e0m c\u1ee7a sinh vi\u00ean DHU \u1ed5n \u0111\u1ecbnh tr\u00ean 90%<br>Gi\u1ea3ng vi\u00ean v\u00e0 nh\u00e2n vi\u00ean trong tr\u01b0\u1eddng c\u00f9ng nhau h\u1ed7 tr\u1ee3 sinh vi\u00ean<br>H\u1ed7 tr\u1ee3 t\u00ecm vi\u1ec7c l\u00e0m qua h\u1ec7 th\u1ed1ng ho\u00e0n thi\u1ec7n<\/h1>\n\n\n\n<p>\u0110\u1ea1i h\u1ecdc Digital Hollywood c\u00f3 m\u1ea1ng l\u01b0\u1edbi \u0111\u1ed9c nh\u1ea5t v\u00f4 nh\u1ecb v\u1edbi c\u00e1c c\u00f4ng ty thu\u1ed9c ng\u00e0nh c\u00f4ng nghi\u1ec7p n\u1ed9i dung. C\u00f9ng v\u1edbi \u0111\u00f3 l\u00e0 m\u1ea1ng l\u01b0\u1edbi c\u1ef1u sinh vi\u00ean v\u1edbi h\u01a1n 90,000 c\u00e1 nh\u00e2n. Nh\u1eefng \u0111i\u1ec1u n\u00e0y k\u1ebft h\u1ee3p c\u00f9ng c\u00e1c h\u1ed7 tr\u1ee3 vi\u1ec7c l\u00e0m chi ti\u1ebft ngay t\u1eeb n\u0103m \u0111\u1ea7u c\u1ee7a ch\u00fang t\u00f4i \u0111\u00e3 g\u00f3p ph\u1ea7n v\u00e0o t\u1ec9 l\u1ec7 t\u00ecm \u0111\u01b0\u1ee3c vi\u1ec7c l\u00e0m tr\u00ean 90% tr\u01b0\u1edbc khi t\u1ed1t nghi\u1ec7p. Ch\u00fang t\u00f4i h\u1ed7 tr\u1ee3 sinh vi\u00ean nh\u1eadn ra \u01b0\u1edbc m\u01a1 c\u1ee7a b\u1ea3n th\u00e2n th\u00f4ng qua vi\u1ec7c t\u1ed5 ch\u1ee9c nhi\u1ec1u bu\u1ed5i h\u01b0\u1edbng nghi\u1ec7p trong v\u00e0 ngo\u00e0i khu\u00f4n vi\u00ean tr\u01b0\u1eddng.<\/p>\n\n\n\n<div class=\"wp-block-buttons is-layout-flex wp-block-buttons-is-layout-flex\">\n<div class=\"wp-block-button\"><a class=\"wp-block-button__link wp-element-button\" href=\"\/employment\/list\/\">C\u00f4ng vi\u1ec7c sau khi t\u1ed1t nghi\u1ec7p<\/a><\/div>\n<\/div>\n\n\n\n<h2 class=\"wp-block-heading\">H\u1ed7 tr\u1ee3 \u0111\u1ecbnh h\u01b0\u1edbng ngh\u1ec1 nghi\u1ec7p gi\u00fap sinh vi\u00ean ho\u00e0n th\u00e0nh \u01b0\u1edbc m\u01a1<\/h2>\n\n\n\n<div class=\"wp-block-columns is-layout-flex wp-container-core-columns-is-layout-28f84493 wp-block-columns-is-layout-flex\">\n<div class=\"wp-block-column is-layout-flow wp-block-column-is-layout-flow\">\n<figure class=\"wp-block-image size-large\"><img decoding=\"async\" src=\"\/wp\/wp-content\/uploads\/2023\/08\/DSC07479.jpg\" alt=\"\" \/><\/figure>\n<\/div>\n\n\n\n<div class=\"wp-block-column is-layout-flow wp-block-column-is-layout-flow\">\n<h3 class=\"wp-block-heading\">Gi\u00e1o d\u1ee5c ngh\u1ec1 nghi\u1ec7p t\u1eeb n\u0103m \u0111\u1ea7u s\u1ebd h\u1ed7 tr\u1ee3 sinh vi\u00ean trong c\u00f4ng cu\u1ed9c t\u00ecm vi\u1ec7c.<\/h3>\n\n\n\n<p>\u0110\u1ec3 c\u00f3 \u0111\u01b0\u1ee3c ngh\u1ec1 nghi\u1ec7p m\u01a1 \u01b0\u1edbc sau khi t\u1ed1t nghi\u1ec7p, chu\u1ea9n b\u1ecb s\u1edbm l\u00e0 vi\u1ec7c quan tr\u1ecdng. DHU \u0111em \u0111\u1ebfn cho sinh vi\u00ean v\u00f4 v\u00e0n c\u01a1 h\u1ed9i \u0111\u1ec3 k\u1ebft n\u1ed1i v\u1edbi c\u00e1c doanh nghi\u1ec7p v\u00e0 kh\u00e1m ph\u00e1 ch\u00ednh b\u1ea3n th\u00e2n m\u00ecnh qua c\u00e1c ch\u01b0\u01a1ng tr\u00ecnh \u0111\u1ecbnh h\u01b0\u1edbng ngh\u1ec1 nghi\u1ec7p t\u1eeb n\u0103m \u0111\u1ea7u. Th\u00eam v\u00e0o \u0111\u00f3, ph\u00e1t tri\u1ec3n c\u00e1c k\u1ef9 n\u0103ng m\u1ec1m nh\u01b0 kh\u1ea3 n\u0103ng giao ti\u1ebfp, sinh vi\u00ean s\u1ebd \u0111\u01b0\u1ee3c trang b\u1ecb \u0111\u1ea7y \u0111\u1ee7 \u0111\u1ec3 b\u1eaft \u0111\u1ea7u t\u00ecm vi\u1ec7c t\u1eeb n\u0103m ba.<\/p>\n<\/div>\n<\/div>\n\n\n\n<div class=\"wp-block-columns is-layout-flex wp-container-core-columns-is-layout-28f84493 wp-block-columns-is-layout-flex\">\n<div class=\"wp-block-column is-layout-flow wp-block-column-is-layout-flow\">\n<figure class=\"wp-block-image size-large\"><img decoding=\"async\" src=\"\/wp\/wp-content\/uploads\/2023\/08\/DSC07015.jpg\" alt=\"\" \/><\/figure>\n<\/div>\n\n\n\n<div class=\"wp-block-column is-layout-flow wp-block-column-is-layout-flow\">\n<h3 class=\"wp-block-heading\">Gi\u1ea3ng vi\u00ean v\u00e0 c\u00e1c nh\u00e2n vi\u00ean k\u1ebft h\u1ee3p \u0111\u1ec3 h\u1ed7 tr\u1ee3 sinh vi\u00ean \u0111\u1ecbnh h\u01b0\u1edbng ngh\u1ec1 nghi\u1ec7p<\/h3>\n\n\n\n<p>M\u1ed9t l\u00fd do khi\u1ebfn DHU c\u00f3 \u01b0u th\u1ebf khi t\u00ecm vi\u1ec7c l\u00e0 nh\u1edd s\u1ef1 h\u1ed7 tr\u1ee3 t\u1eadn t\u00ecnh c\u1ee7a c\u00e1c gi\u1ea3ng vi\u00ean v\u00e0 c\u00e1n b\u1ed9 c\u00f4ng nh\u00e2n vi\u00ean t\u1ea1i tr\u01b0\u1eddng. Nh\u1eefng gi\u1ea3ng vi\u00ean nhi\u1ec7t t\u00ecnh v\u00e0 c\u00e1c c\u00e1n b\u1ed9 chuy\u00ean nghi\u1ec7p s\u1ebd l\u00e0m vi\u1ec7c m\u1eadt thi\u1ebft v\u1edbi nhau \u0111\u1ec3 h\u1ed7 tr\u1ee3 h\u00e0nh tr\u00ecnh c\u1ee7a sinh vi\u00ean.<\/p>\n\n\n\n<div class=\"wp-block-buttons is-layout-flex wp-block-buttons-is-layout-flex\">\n<div class=\"wp-block-button\"><a class=\"wp-block-button__link wp-element-button\" href=\"https:\/\/www.dhw.ac.jp\/vn\/career\/\">Trung t\u00e2m h\u01b0\u1edbng nghi\u1ec7p<\/a><\/div>\n<\/div>\n<\/div>\n<\/div>\n\n\n\n<div class=\"wp-block-columns is-layout-flex wp-container-core-columns-is-layout-28f84493 wp-block-columns-is-layout-flex\">\n<div class=\"wp-block-column is-layout-flow wp-block-column-is-layout-flow\">\n<figure class=\"wp-block-image size-large\"><img decoding=\"async\" src=\"\/wp\/wp-content\/uploads\/2023\/07\/DSC06036-scaled.jpg\" alt=\"\" \/><\/figure>\n<\/div>\n\n\n\n<div class=\"wp-block-column is-layout-flow wp-block-column-is-layout-flow\">\n<h3 class=\"wp-block-heading\">V\u00f4 s\u1ed1 h\u1ed9i th\u1ea3o tuy\u1ec3n d\u1ee5ng v\u00e0 h\u01b0\u1edbng d\u1eabn c\u00e1 nh\u00e2n chuy\u00ean nghi\u1ec7p \u0111em \u0111\u1ebfn th\u00e0nh c\u00f4ng c\u1ee7a sinh vi\u00ean<\/h3>\n\n\n\n<p>B\u1ea5t k\u1ec3 sinh vi\u00ean mu\u1ed1n tr\u1edf th\u00e0nh nh\u00e0 thi\u1ebft k\u1ebf hay chuy\u00ean vi\u00ean, hay th\u1eadm ch\u00ed l\u00e0 ng\u01b0\u1eddi l\u00ean k\u1ebf ho\u1ea1ch, DHU c\u00f3 v\u00f4 s\u1ed1 h\u1ed9i th\u1ea3o ph\u00f9 h\u1ee3p v\u1edbi b\u1ea1n. Ch\u00fang t\u00f4i c\u0169ng cung c\u1ea5p c\u00e1c h\u01b0\u1edbng d\u1eabn \u0111\u01b0\u1ee3c c\u00e1 nh\u00e2n h\u00f3a k\u1ef9 c\u00e0ng cho m\u1ed7i sinh vi\u00ean, bao g\u1ed3m vi\u1ec7c vi\u1ebft CV v\u00e0 chu\u1ea9n b\u1ecb ph\u1ecfng v\u1ea5n.<\/p>\n<\/div>\n<\/div>\n","protected":false},"excerpt":{"rendered":"<p>T\u1ec9 l\u1ec7 nh\u1eadn \u0111\u01b0\u1ee3c vi\u1ec7c l\u00e0m c\u1ee7a sinh vi\u00ean DHU \u1ed5n \u0111\u1ecbnh tr\u00ean 90%Gi\u1ea3ng vi\u00ean v\u00e0 nh\u00e2n vi\u00ean trong tr\u01b0\u1eddng c\u00f9ng nhau h\u1ed7 t [&hellip;]<\/p>\n","protected":false},"author":9,"featured_media":0,"parent":0,"menu_order":0,"comment_status":"closed","ping_status":"closed","template":"page-templates\/hanyo.php","meta":{"_acf_changed":false,"inline_featured_image":false,"footnotes":""},"class_list":{"0":"post-189","1":"page","2":"type-page","3":"status-publish","5":"c-entry"},"acf":[],"_links":{"self":[{"href":"https:\/\/www.dhw.ac.jp\/vn\/wp-json\/wp\/v2\/pages\/189","targetHints":{"allow":["GET"]}}],"collection":[{"href":"https:\/\/www.dhw.ac.jp\/vn\/wp-json\/wp\/v2\/pages"}],"about":[{"href":"https:\/\/www.dhw.ac.jp\/vn\/wp-json\/wp\/v2\/types\/page"}],"author":[{"embeddable":true,"href":"https:\/\/www.dhw.ac.jp\/vn\/wp-json\/wp\/v2\/users\/9"}],"replies":[{"embeddable":true,"href":"https:\/\/www.dhw.ac.jp\/vn\/wp-json\/wp\/v2\/comments?post=189"}],"version-history":[{"count":6,"href":"https:\/\/www.dhw.ac.jp\/vn\/wp-json\/wp\/v2\/pages\/189\/revisions"}],"predecessor-version":[{"id":312,"href":"https:\/\/www.dhw.ac.jp\/vn\/wp-json\/wp\/v2\/pages\/189\/revisions\/312"}],"wp:attachment":[{"href":"https:\/\/www.dhw.ac.jp\/vn\/wp-json\/wp\/v2\/media?parent=189"}],"curies":[{"name":"wp","href":"https:\/\/api.w.org\/{rel}","templated":true}]}}