{"id":195,"date":"2024-05-24T09:17:23","date_gmt":"2024-05-24T00:17:23","guid":{"rendered":"https:\/\/www.dhw.ac.jp\/vn\/?page_id=195"},"modified":"2024-06-08T11:36:49","modified_gmt":"2024-06-08T02:36:49","slug":"contact","status":"publish","type":"page","link":"https:\/\/www.dhw.ac.jp\/vn\/contact\/","title":{"rendered":"Li\u00ean h\u1ec7"},"content":{"rendered":"\n<p>Li\u00ean h\u1ec7 v\u1edbi b\u1ed9 ph\u1eadn ph\u1ee5 tr\u00e1ch<\/p>\n\n\n\n<div class=\"wp-block-group is-layout-constrained wp-block-group-is-layout-constrained\">\n<figure class=\"wp-block-flexible-table-block-table\"><table class=\"has-fixed-layout\"><tbody><tr><td><strong>Tuy\u1ec3n sinh b\u1eadc \u0111\u1ea1i h\u1ecdc<\/strong><br><br> L\u01b0u \u00fd: \u0110\u1ecdc k\u1ef9 &#8220;C\u00e1c c\u00e2u h\u1ecfi th\u01b0\u1eddng g\u1eb7p&#8221; tr\u01b0\u1edbc khi li\u00ean h\u1ec7.<br>Th\u00f4ng tin tuy\u1ec3n sinh b\u1eadc cao h\u1ecdc c\u00f3 th\u1ec3 t\u00ecm \u0111\u01b0\u1ee3c \u1edf <a href=\"https:\/\/gs.dhw.ac.jp\/\">\u0111\u00e2y<\/a><\/td><td><strong>V\u0103n ph\u00f2ng tuy\u1ec3n sinh b\u1eadc \u0111\u1ea1i h\u1ecdc<\/strong><br><br> Ng\u00e0y th\u01b0\u1eddng: 10:00 ~ 18:00<br> Hi\u1ec7n t\u1ea1i li\u00ean h\u1ec7 qua \u0111i\u1ec7n tho\u1ea1i \u0111ang t\u1ea1m d\u1eebng.<br> H\u00e3y li\u00ean h\u1ec7 v\u1edbi ch\u00fang t\u00f4i qua m\u1eabu d\u01b0\u1edbi \u0111\u00e2y. <\/td><td><strong><a rel=\"noreferrer noopener\" href=\"https:\/\/dhu.tayori.com\/f\/info134\/\" target=\"_blank\">M\u1eabu li\u00ean h\u1ec7<\/a><\/strong><br><br> TEL\u300003-3526-5785<br> nyushi@dhw.ac.jp<\/td><\/tr><tr><td><strong>Sinh vi\u00ean chu\u1ea9n b\u1ecb nh\u1eadp h\u1ecdc\/ Sinh vi\u00ean \u0111ang h\u1ecdc<\/strong><br><strong><br> <\/strong>&#8211; Quy tr\u00ecnh nh\u1eadp h\u1ecdc<br> &#8211; \u0110\u0103ng k\u00fd tr\u01b0\u1eddng h\u1ecdc\/ L\u1edbp h\u1ecdc\/ Ki\u1ec3m tra\/ \u0110i\u1ec3m s\u1ed1<br> &#8211; Ch\u1ee9ng nh\u1eadn<br> &#8211; Ho\u1ea1t \u0111\u1ed9ng c\u1ee7a c\u00e2u l\u1ea1c b\u1ed9 e-sports<br> &#8211; V\u1ea5n \u0111\u1ec1 kh\u00e1c li\u00ean quan \u0111\u1ebfn \u0111\u1eddi s\u1ed1ng sinh vi\u00ean<\/td><td><strong>V\u0103n ph\u00f2ng sinh vi\u00ean (B\u1eadc \u0111\u1ea1i h\u1ecdc) <\/strong><br><br> Ng\u00e0y th\u01b0\u1eddng 10:00 ~ 18:00<br> (Tr\u1eeb ng\u00e0y l\u1ec5)<\/td><td><strong><a rel=\"noreferrer noopener\" href=\"https:\/\/dhu.tayori.com\/f\/info134\/\" target=\"_blank\">M\u1eabu li\u00ean h\u1ec7<\/a><\/strong><br><br> TEL\uff1a03-5297-5787<br> FAX\uff1a 03-5297-5788<br> dhu@dhw.ac.jp<\/td><\/tr><tr><td><strong>Sinh vi\u00ean \u0111ang h\u1ecdc<\/strong><br><strong><br> <\/strong>&#8211; N\u1ed9p h\u1ecdc ph\u00ed<br> &#8211; H\u1ecdc b\u1ed5ng<br> &#8211; H\u1ec7 th\u1ed1ng h\u1ecdc b\u1ed5ng cao h\u1ecdc m\u1edbi <\/td><td><strong>V\u0103n ph\u00f2ng sinh vi\u00ean<\/strong><br><br> Ng\u00e0y th\u01b0\u1eddng 8:00 ~ 16:30<br> (Tr\u1eeb ng\u00e0y l\u1ec5)<br> Hi\u1ec7n t\u1ea1i li\u00ean h\u1ec7 qua \u0111i\u1ec7n tho\u1ea1i \u0111ang t\u1ea1m d\u1eebng.<br> H\u00e3y li\u00ean h\u1ec7 v\u1edbi ch\u00fang t\u00f4i qua m\u1eabu d\u01b0\u1edbi \u0111\u00e2y.<\/td><td><strong><a rel=\"noreferrer noopener\" href=\"https:\/\/dhu.tayori.com\/f\/info134\/\" target=\"_blank\">M\u1eabu li\u00ean h\u1ec7<\/a><\/strong><br><br> TEL\uff1a03-5296-9801<br> FAX\uff1a03-5297-5788<\/td><\/tr><tr><td><strong>Sinh vi\u00ean \u0111ang h\u1ecdc, c\u1ef1u sinh vi\u00ean v\u00e0 doanh nghi\u1ec7p &#8211; H\u01b0\u1edbng nghi\u1ec7p v\u00e0 tuy\u1ec3n vi\u1ec7c<\/strong><br><strong><br><\/strong> &#8211; T\u00ecm vi\u1ec7c v\u00e0 l\u1eddi m\u1eddi tuy\u1ec3n d\u1ee5ng<br> &#8211; Th\u1ef1c t\u1eadp<br> &#8211; H\u1ed9i th\u1ea3o doanh nghi\u1ec7p<\/td><td><strong>V\u0103n ph\u00f2ng h\u01b0\u1edbng nghi\u1ec7p<\/strong><br><br> Ng\u00e0y th\u01b0\u1eddng 11:00 ~ 19:00<br> (Tr\u1eeb ng\u00e0y l\u1ec5)<\/td><td><strong><a rel=\"noreferrer noopener\" href=\"https:\/\/dhu.tayori.com\/f\/info134\/\" target=\"_blank\">M\u1eabu li\u00ean h\u1ec7<\/a><\/strong><br><br> career@dhw.co.jp<\/td><\/tr><tr><td><strong>Kh\u00e1c<\/strong><br><strong><br><\/strong> &#8211; S\u1eed d\u1ee5ng Studio s\u00e1ng t\u1ea1o Hachioji<br> Sinh vi\u00ean ho\u1eb7c gi\u1ea3ng vi\u00ean xin li\u00ean h\u1ec7 v\u0103n ph\u00f2ng sinh vi\u00ean<\/td><td><strong>Hachioji Studio<\/strong><br><br> Ng\u00e0y th\u01b0\u1eddng 8:00 ~ 17:00<br> (Tr\u1eeb ng\u00e0y l\u1ec5)<\/td><td><strong><a rel=\"noreferrer noopener\" href=\"https:\/\/dhu.tayori.com\/f\/info138\/\" target=\"_blank\">M\u1eabu li\u00ean h\u1ec7<\/a><\/strong><br><br> TEL\uff1a042-670-2340<br> FAX\uff1a042-675-5675<\/td><\/tr><tr><td><strong>Truy\u1ec1n th\u00f4ng<\/strong><br><strong><br><\/strong> &#8211; Qu\u1ea3ng c\u00e1o<br> &#8211; Quay ch\u1ee5p<\/td><td><strong>Ph\u00f2ng PR<\/strong><br><br> Ng\u00e0y th\u01b0\u1eddng 10:00 ~ 18:00<br> (Tr\u1eeb ng\u00e0y l\u1ec5)<\/td><td><strong><a rel=\"noreferrer noopener\" href=\"https:\/\/dhu.tayori.com\/f\/info141\/\" target=\"_blank\">M\u1eabu li\u00ean h\u1ec7<\/a><\/strong><br><br> TEL\uff1a03-5289-9241<br> press@dhw.co.jp<\/td><\/tr><\/tbody><\/table><\/figure>\n<\/div>\n","protected":false},"excerpt":{"rendered":"<p>Li\u00ean h\u1ec7 v\u1edbi b\u1ed9 ph\u1eadn ph\u1ee5 tr\u00e1ch<\/p>\n","protected":false},"author":9,"featured_media":0,"parent":0,"menu_order":0,"comment_status":"closed","ping_status":"closed","template":"page-templates\/hanyo.php","meta":{"_acf_changed":false,"inline_featured_image":false,"footnotes":""},"class_list":{"0":"post-195","1":"page","2":"type-page","3":"status-publish","5":"c-entry"},"acf":[],"_links":{"self":[{"href":"https:\/\/www.dhw.ac.jp\/vn\/wp-json\/wp\/v2\/pages\/195","targetHints":{"allow":["GET"]}}],"collection":[{"href":"https:\/\/www.dhw.ac.jp\/vn\/wp-json\/wp\/v2\/pages"}],"about":[{"href":"https:\/\/www.dhw.ac.jp\/vn\/wp-json\/wp\/v2\/types\/page"}],"author":[{"embeddable":true,"href":"https:\/\/www.dhw.ac.jp\/vn\/wp-json\/wp\/v2\/users\/9"}],"replies":[{"embeddable":true,"href":"https:\/\/www.dhw.ac.jp\/vn\/wp-json\/wp\/v2\/comments?post=195"}],"version-history":[{"count":2,"href":"https:\/\/www.dhw.ac.jp\/vn\/wp-json\/wp\/v2\/pages\/195\/revisions"}],"predecessor-version":[{"id":300,"href":"https:\/\/www.dhw.ac.jp\/vn\/wp-json\/wp\/v2\/pages\/195\/revisions\/300"}],"wp:attachment":[{"href":"https:\/\/www.dhw.ac.jp\/vn\/wp-json\/wp\/v2\/media?parent=195"}],"curies":[{"name":"wp","href":"https:\/\/api.w.org\/{rel}","templated":true}]}}