{"id":197,"date":"2024-05-24T09:22:47","date_gmt":"2024-05-24T00:22:47","guid":{"rendered":"https:\/\/www.dhw.ac.jp\/vn\/?page_id=197"},"modified":"2024-06-07T17:12:33","modified_gmt":"2024-06-07T08:12:33","slug":"faq","status":"publish","type":"page","link":"https:\/\/www.dhw.ac.jp\/vn\/faq\/","title":{"rendered":"C\u00e1c c\u00e2u h\u1ecfi th\u01b0\u1eddng g\u1eb7p"},"content":{"rendered":"\n<p>D\u01b0\u1edbi \u0111\u00e2y l\u00e0 t\u1ed5ng h\u1ee3p c\u00e1c c\u00e2u h\u1ecfi th\u01b0\u1eddng g\u1eb7p.<\/p>\n\n\n\n<div class=\"wp-block-group js-page-index is-layout-constrained wp-block-group-is-layout-constrained\">\n<p><\/p>\n<\/div>\n\n\n\n<h2 class=\"wp-block-heading\">1. V\u1ec1 DHU<\/h2>\n\n\n\n<div class=\"wp-block-group js-toggle is-faq is-vertical is-layout-flex wp-container-core-group-is-layout-fe9cc265 wp-block-group-is-layout-flex\">\n<div class=\"wp-block-group js-toggle__block is-layout-constrained wp-block-group-is-layout-constrained\">\n<p class=\"js-toggle__title\"><strong>\u0110\u1ea1i h\u1ecdc Digital Hollywood n\u1eb1m \u1edf \u0111\u00e2u?<\/strong><\/p>\n\n\n\n<div class=\"wp-block-columns js-toggle__panel is-layout-flex wp-container-core-columns-is-layout-28f84493 wp-block-columns-is-layout-flex\">\n<div class=\"wp-block-column js-toggle__body is-layout-flow wp-block-column-is-layout-flow\">\n<div class=\"wp-block-group js-toggle__content is-layout-constrained wp-block-group-is-layout-constrained\">\n<p>DHU t\u1ecda l\u1ea1c \u1edf Ochanomizu, Tokyo. C\u00e1ch Akihabara 10 ph\u00fat \u0111i b\u1ed9; c\u00e1ch Shinjuku v\u00e0 Shibuya kho\u1ea3ng 15 ph\u00fat \u0111i t\u00e0u.<\/p>\n<\/div>\n<\/div>\n<\/div>\n<\/div>\n\n\n\n<div class=\"wp-block-group js-toggle__block is-layout-constrained wp-block-group-is-layout-constrained\">\n<p class=\"js-toggle__title\"><strong>Em kh\u00f4ng c\u00f3 m\u00e1y t\u00ednh, c\u0169ng kh\u00f4ng c\u00f3 kinh nghi\u1ec7m ho\u1ea1t \u0111\u1ed9ng s\u00e1ng t\u1ea1o. Em c\u00f3 theo k\u1ecbp l\u1edbp kh\u00f4ng?<\/strong><\/p>\n\n\n\n<div class=\"wp-block-columns js-toggle__panel is-layout-flex wp-container-core-columns-is-layout-28f84493 wp-block-columns-is-layout-flex\">\n<div class=\"wp-block-column js-toggle__body is-layout-flow wp-block-column-is-layout-flow\">\n<div class=\"wp-block-group js-toggle__content is-layout-constrained wp-block-group-is-layout-constrained\">\n<p>Ch\u00fang t\u00f4i c\u00f3 c\u00e1c ti\u1ebft h\u1ecdc v\u1ec1 c\u00e1ch s\u1eed d\u1ee5ng m\u00e1y t\u00ednh c\u01a1 b\u1ea3n nh\u01b0 c\u00e1ch t\u1ea3i ph\u1ea7n m\u1ec1m \u0111\u01b0\u1ee3c s\u1eed d\u1ee5ng tr\u00ean l\u1edbp, c\u00e1ch s\u1eed d\u1ee5ng email v\u00e0 c\u00e1c ti\u1ec7n \u00edch c\u1ee7a tr\u01b0\u1eddng cho ng\u01b0\u1eddi m\u1edbi b\u1eaft \u0111\u1ea7u. Ngo\u00e0i ra, c\u00e1c sinh vi\u00ean kh\u00f3a tr\u00ean c\u0169ng s\u1ebd l\u00e0m TA \u0111\u1ec3 h\u1ed7 tr\u1ee3 trong c\u00e1c l\u1edbp m\u00e1y t\u00ednh, v\u00ec v\u1eady kh\u00f4ng c\u1ea7n lo l\u1eafng.<\/p>\n<\/div>\n<\/div>\n<\/div>\n<\/div>\n\n\n\n<div class=\"wp-block-group js-toggle__block is-layout-constrained wp-block-group-is-layout-constrained\">\n<p class=\"js-toggle__title\"><strong>Tr\u01b0\u1eddng c\u00f3 h\u1ecdc b\u1ed5ng ho\u1eb7c ch\u01b0\u01a1ng tr\u00ecnh gi\u1ea3m h\u1ecdc ph\u00ed kh\u00f4ng?<\/strong><\/p>\n\n\n\n<div class=\"wp-block-columns js-toggle__panel is-layout-flex wp-container-core-columns-is-layout-28f84493 wp-block-columns-is-layout-flex\">\n<div class=\"wp-block-column js-toggle__body is-layout-flow wp-block-column-is-layout-flow\">\n<div class=\"wp-block-group js-toggle__content is-layout-constrained wp-block-group-is-layout-constrained\">\n<p>Ngo\u00e0i c\u00e1c ch\u01b0\u01a1ng tr\u00ecnh h\u1ecdc b\u1ed5ng c\u1ee7a JASSO, ph\u1ee5 thu\u1ed9c v\u00e0o k\u1ebft qu\u1ea3 thi \u0111\u1ea7u v\u00e0o m\u00e0 sinh vi\u00ean c\u00f3 th\u1ec3 \u0111\u01b0\u1ee3c mi\u1ec5n gi\u1ea3m h\u1ecdc ph\u00ed. Th\u00f4ng tin chi ti\u1ebft xem h\u01b0\u1edbng d\u1eabn tuy\u1ec3n sinh.<\/p>\n<\/div>\n<\/div>\n<\/div>\n<\/div>\n\n\n\n<div class=\"wp-block-group js-toggle__block is-layout-constrained wp-block-group-is-layout-constrained\">\n<p class=\"js-toggle__title\"><strong>Em c\u00f3 th\u1ec3 h\u1ecdc b\u1eb1ng ti\u1ebfng Anh kh\u00f4ng?<\/strong><\/p>\n\n\n\n<div class=\"wp-block-columns js-toggle__panel is-layout-flex wp-container-core-columns-is-layout-28f84493 wp-block-columns-is-layout-flex\">\n<div class=\"wp-block-column js-toggle__body is-layout-flow wp-block-column-is-layout-flow\">\n<div class=\"wp-block-group js-toggle__content is-layout-constrained wp-block-group-is-layout-constrained\">\n<p>C\u00e1c l\u1edbp h\u1ecdc c\u1ee7a DHU ho\u00e0n to\u00e0n b\u1eb1ng ti\u1ebfng Nh\u1eadt (tr\u1eeb c\u00e1c l\u1edbp ngo\u1ea1i ng\u1eef). V\u00ec v\u1eady sinh vi\u00ean ph\u1ea3i c\u00f3 tr\u00ecnh \u0111\u1ed9 t\u01b0\u01a1ng \u0111\u01b0\u01a1ng JLPT N2 ho\u1eb7c h\u01a1n tr\u01b0\u1edbc khi nh\u1eadp h\u1ecdc.<\/p>\n<\/div>\n<\/div>\n<\/div>\n<\/div>\n<\/div>\n\n\n\n<h2 class=\"wp-block-heading\">2. V\u1ec1 vi\u1ec7c \u0111\u0103ng k\u00fd d\u1ef1 thi<\/h2>\n\n\n\n<div class=\"wp-block-group js-toggle is-faq is-vertical is-layout-flex wp-container-core-group-is-layout-fe9cc265 wp-block-group-is-layout-flex\">\n<div class=\"wp-block-group js-toggle__block is-layout-constrained wp-block-group-is-layout-constrained\">\n<p class=\"js-toggle__title\"><strong>Em c\u00f3 th\u1ec3 \u0111\u0103ng k\u00fd thi khi ch\u01b0a t\u1ed1t nghi\u1ec7p trung h\u1ecdc ph\u1ed5 th\u00f4ng kh\u00f4ng?<\/strong><\/p>\n\n\n\n<div class=\"wp-block-columns js-toggle__panel is-layout-flex wp-container-core-columns-is-layout-28f84493 wp-block-columns-is-layout-flex\">\n<div class=\"wp-block-column js-toggle__body is-layout-flow wp-block-column-is-layout-flow\">\n<div class=\"wp-block-group js-toggle__content is-layout-constrained wp-block-group-is-layout-constrained\">\n<p>C\u00f3 th\u1ec3. Th\u00ed sinh c\u00f3 th\u1ec3 \u0111\u0103ng k\u00fd thi khi ch\u01b0a t\u1ed1t nghi\u1ec7p THPT v\u1edbi \u0111i\u1ec1u ki\u1ec7n \u0111\u00e3 t\u1ed1t nghi\u1ec7p THPT t\u1ea1i th\u1eddi \u0111i\u1ec3m nh\u1eadp h\u1ecdc. Chi ti\u1ebft tham kh\u1ea3o h\u01b0\u1edbng d\u1eabn tuy\u1ec3n sinh.<\/p>\n<\/div>\n<\/div>\n<\/div>\n<\/div>\n\n\n\n<div class=\"wp-block-group js-toggle__block is-layout-constrained wp-block-group-is-layout-constrained\">\n<p class=\"js-toggle__title\"><strong>\u0110\u0103ng k\u00fd thi \u1edf \u0111\u00e2u?<\/strong><\/p>\n\n\n\n<div class=\"wp-block-columns js-toggle__panel is-layout-flex wp-container-core-columns-is-layout-28f84493 wp-block-columns-is-layout-flex\">\n<div class=\"wp-block-column js-toggle__body is-layout-flow wp-block-column-is-layout-flow\">\n<div class=\"wp-block-group js-toggle__content is-layout-constrained wp-block-group-is-layout-constrained\">\n<p>\u0110\u1ea7u ti\u00ean th\u00ed sinh ph\u1ea3i \u0111\u0103ng k\u00fd thi online tr\u01b0\u1edbc. Website \u0111\u0103ng k\u00fd \u0111\u01b0\u1ee3c m\u1edf l\u00fac 10 gi\u1edd s\u00e1ng (gi\u1edd Nh\u1eadt) v\u00e0o ng\u00e0y m\u1edf \u0111\u0103ng k\u00fd.<\/p>\n\n\n\n<div class=\"wp-block-buttons is-layout-flex wp-block-buttons-is-layout-flex\">\n<div class=\"wp-block-button\"><a class=\"wp-block-button__link wp-element-button\" href=\"https:\/\/e-apply.jp\/ds\/dhw\/\" target=\"_blank\" rel=\"noreferrer noopener\">\u0110\u0103ng k\u00fd online<\/a><\/div>\n<\/div>\n<\/div>\n<\/div>\n<\/div>\n<\/div>\n\n\n\n<div class=\"wp-block-group js-toggle__block is-layout-constrained wp-block-group-is-layout-constrained\">\n<p class=\"js-toggle__title\"><strong>Em mu\u1ed1n trao \u0111\u1ed5i ri\u00eang v\u1ec1 vi\u1ec7c tuy\u1ec3n sinh v\u00e0 h\u1ed3 s\u01a1 d\u1ef1 thi.<\/strong><\/p>\n\n\n\n<div class=\"wp-block-columns js-toggle__panel is-layout-flex wp-container-core-columns-is-layout-28f84493 wp-block-columns-is-layout-flex\">\n<div class=\"wp-block-column js-toggle__body is-layout-flow wp-block-column-is-layout-flow\">\n<div class=\"wp-block-group js-toggle__content is-layout-constrained wp-block-group-is-layout-constrained\">\n<p>Ch\u00fang t\u00f4i c\u00f3 c\u00e1c bu\u1ed5i t\u01b0 v\u1ea5n ri\u00eang online. Tham kh\u1ea3o link b\u00ean d\u01b0\u1edbi \u0111\u1ec3 xem l\u1ecbch v\u00e0 \u0111\u1eb7t l\u1ecbch.<\/p>\n\n\n\n<div class=\"wp-block-buttons is-layout-flex wp-block-buttons-is-layout-flex\">\n<div class=\"wp-block-button\"><a class=\"wp-block-button__link wp-element-button\" href=\"\/news\/onlineconsultation\/\" rel=\"noreferrer noopener\">T\u01b0 v\u1ea5n ri\u00eang (online)<\/a><\/div>\n<\/div>\n<\/div>\n<\/div>\n<\/div>\n<\/div>\n<\/div>\n\n\n\n<h2 class=\"wp-block-heading\">3. V\u1ec1 k\u1ef3 thi \u0111\u1ea7u v\u00e0o<\/h2>\n\n\n\n<div class=\"wp-block-group js-toggle is-faq is-vertical is-layout-flex wp-container-core-group-is-layout-fe9cc265 wp-block-group-is-layout-flex\">\n<div class=\"wp-block-group js-toggle__block is-layout-constrained wp-block-group-is-layout-constrained\">\n<p class=\"js-toggle__title\"><strong>K\u1ef3 thi \u0111\u1ea7u v\u00e0o \u0111\u01b0\u1ee3c t\u1ed5 ch\u1ee9c nh\u01b0 th\u1ebf n\u00e0o?<\/strong><\/p>\n\n\n\n<div class=\"wp-block-columns js-toggle__panel is-layout-flex wp-container-core-columns-is-layout-28f84493 wp-block-columns-is-layout-flex\">\n<div class=\"wp-block-column js-toggle__body is-layout-flow wp-block-column-is-layout-flow\">\n<div class=\"wp-block-group js-toggle__content is-layout-constrained wp-block-group-is-layout-constrained\">\n<p>K\u1ef3 thi t\u1ed5ng h\u1ee3p t\u1ed5 ch\u1ee9c online v\u00e0 k\u1ef3 thi vi\u1ebft (D\u1ea1ng A, B) \u0111\u01b0\u1ee3c t\u1ed5 ch\u1ee9c t\u1ea1i campus ch\u00ednh c\u1ee7a tr\u01b0\u1eddng. Ph\u1ea7n l\u1edbn sinh vi\u00ean qu\u1ed1c t\u1ebf l\u1ef1a ch\u1ecdn k\u1ef3 thi t\u1ed5ng h\u1ee3p.<\/p>\n<\/div>\n<\/div>\n<\/div>\n<\/div>\n\n\n\n<div class=\"wp-block-group js-toggle__block is-layout-constrained wp-block-group-is-layout-constrained\">\n<p class=\"js-toggle__title\"><strong>Trong k\u1ef3 thi t\u1ed5ng h\u1ee3p th\u00ec d\u1ea1ng &#8220;T\u1eadp trung v\u00e0o t\u00e1c ph\u1ea9m&#8221; hay &#8220;T\u1eadp trung v\u00e0o ho\u1ea1t \u0111\u1ed9ng&#8221; c\u00f3 l\u1ee3i th\u1ebf h\u01a1n?<\/strong><\/p>\n\n\n\n<div class=\"wp-block-columns js-toggle__panel is-layout-flex wp-container-core-columns-is-layout-28f84493 wp-block-columns-is-layout-flex\">\n<div class=\"wp-block-column js-toggle__body is-layout-flow wp-block-column-is-layout-flow\">\n<div class=\"wp-block-group js-toggle__content is-layout-constrained wp-block-group-is-layout-constrained\">\n<p>C\u1ea3 hai \u0111\u1ec1u \u0111\u01b0\u1ee3c \u0111\u00e1nh gi\u00e1 c\u00f4ng b\u1eb1ng. Kh\u00f4ng c\u00f3 vi\u1ec7c \u01b0u ti\u00ean h\u01a1n cho c\u00e1c t\u00e1c ph\u1ea9m s\u00e1ng t\u1ea1o hay kinh nghi\u1ec7m s\u1eed d\u1ee5ng c\u00e1c ph\u1ea7n m\u1ec1m s\u00e1ng t\u1ea1o. V\u00ec v\u1eady h\u00e3y ch\u1ecdn h\u00ecnh th\u1ee9c thi ph\u00f9 h\u1ee3p nh\u1ea5t v\u1edbi m\u00ecnh.<\/p>\n<\/div>\n<\/div>\n<\/div>\n<\/div>\n\n\n\n<div class=\"wp-block-group js-toggle__block is-layout-constrained wp-block-group-is-layout-constrained\">\n<p class=\"js-toggle__title\"><strong>Em c\u00f3 c\u1ea7n g\u1eedi portfolio qua \u0111\u01b0\u1eddng b\u01b0u \u0111i\u1ec7n kh\u00f4ng?<\/strong><\/p>\n\n\n\n<div class=\"wp-block-columns js-toggle__panel is-layout-flex wp-container-core-columns-is-layout-28f84493 wp-block-columns-is-layout-flex\">\n<div class=\"wp-block-column js-toggle__body is-layout-flow wp-block-column-is-layout-flow\">\n<div class=\"wp-block-group js-toggle__content is-layout-constrained wp-block-group-is-layout-constrained\">\n<p>Kh\u00f4ng b\u1eaft bu\u1ed9c. C\u00e1c t\u00e0i li\u1ec7u \u0111\u00ednh k\u00e8m bao g\u1ed3m portfolio ph\u1ea3i \u0111\u01b0\u1ee3c n\u1ed9p tr\u00ean e-apply.<br>\nD\u00f9 th\u00ed sinh n\u1ed9p b\u1ea3n g\u1ed1c qua \u0111\u01b0\u1eddng b\u01b0u \u0111i\u1ec7n, c\u00e1c t\u00e0i li\u1ec7u kh\u00f4ng \u0111\u01b0\u1ee3c n\u1ed9p tr\u00ean e-apply s\u1ebd kh\u00f4ng \u0111\u01b0\u1ee3c \u0111\u00e1nh gi\u00e1.<\/p>\n<\/div>\n<\/div>\n<\/div>\n<\/div>\n\n\n\n<div class=\"wp-block-group js-toggle__block is-layout-constrained wp-block-group-is-layout-constrained\">\n<p class=\"js-toggle__title\"><strong>Em c\u00f3 th\u1ec3 mang t\u00e0i li\u1ec7u ho\u1eb7c cho c\u00e1c gi\u00e1o vi\u00ean ph\u1ecfng v\u1ea5n xem t\u00e0i li\u1ec7u \u0111\u01b0\u1ee3c kh\u00f4ng?<\/strong><\/p>\n\n\n\n<div class=\"wp-block-columns js-toggle__panel is-layout-flex wp-container-core-columns-is-layout-28f84493 wp-block-columns-is-layout-flex\">\n<div class=\"wp-block-column js-toggle__body is-layout-flow wp-block-column-is-layout-flow\">\n<div class=\"wp-block-group js-toggle__content is-layout-constrained wp-block-group-is-layout-constrained\">\n<p>Kh\u00f4ng. Th\u00ed sinh kh\u00f4ng \u0111\u01b0\u1ee3c s\u1eed d\u1ee5ng t\u00ednh n\u0103ng chia s\u1ebb m\u00e0n h\u00ecnh ho\u1eb7c c\u00e1c t\u00ednh n\u0103ng kh\u00e1c c\u1ee7a Zoom.<br>\nTo\u00e0n b\u1ed9 h\u1ed3 s\u01a1 d\u1ef1 thi bao g\u1ed3m portfolio, b\u1ea3n k\u1ebf ho\u1ea1ch, b\u00e1o c\u00e1o ho\u1ea1t \u0111\u1ed9ng v.v ph\u1ea3i \u0111\u01b0\u1ee3c n\u1ed9p t\u1ea1i th\u1eddi \u0111i\u1ec3m \u0111\u0103ng k\u00fd thi.<br>\nTrong ng\u00e0y thi, th\u00ed sinh ch\u1ec9 \u0111\u01b0\u1ee3c s\u1eed d\u1ee5ng c\u00e1c v\u1eadt sau:<br>\n1. Th\u1ebb d\u1ef1 thi<br>\n2. B\u00fat<br>\n3. Gi\u1ea5y tr\u1eafng (\u0111\u1ec3 ghi ch\u00e9p)<br>\n4. M\u00e1y t\u00ednh ho\u1eb7c iPad<\/p>\n<\/div>\n<\/div>\n<\/div>\n<\/div>\n<\/div>\n\n\n\n<h2 class=\"wp-block-heading\">4. Quy tr\u00ecnh nh\u1eadp h\u1ecdc v\u00e0 xin visa<\/h2>\n\n\n\n<div class=\"wp-block-group js-toggle is-faq is-vertical is-layout-flex wp-container-core-group-is-layout-fe9cc265 wp-block-group-is-layout-flex\">\n<div class=\"wp-block-group js-toggle__block is-layout-constrained wp-block-group-is-layout-constrained\">\n<p class=\"js-toggle__title\"><strong>Quy tr\u00ecnh d\u1ef1 thi, nh\u1eadp h\u1ecdc v\u00e0 xin visa v\u1edbi c\u00e1c th\u00ed sinh t\u1eeb n\u01b0\u1edbc ngo\u00e0i nh\u01b0 th\u1ebf n\u00e0o?<\/strong><\/p>\n\n\n\n<div class=\"wp-block-columns js-toggle__panel is-layout-flex wp-container-core-columns-is-layout-28f84493 wp-block-columns-is-layout-flex\">\n<div class=\"wp-block-column js-toggle__body is-layout-flow wp-block-column-is-layout-flow\">\n<div class=\"wp-block-group js-toggle__content is-layout-constrained wp-block-group-is-layout-constrained\">\n<p>Quy tr\u00ecnh b\u00ecnh th\u01b0\u1eddng s\u1ebd theo c\u00e1c b\u01b0\u1edbc sau.<br>\nC\u00e1c th\u00ed sinh thi \u0111\u1ed7 s\u1ebd \u0111\u01b0\u1ee3c h\u01b0\u1edbng d\u1eabn chi ti\u1ebft h\u01a1n sau b\u01b0\u1edbc th\u1ee9 3.<\/p>\n\n\n\n<p>\n1. L\u00e0m h\u1ed9 chi\u1ebfu (n\u1ebfu ch\u01b0a c\u00f3)<br>\n2. Thi \u0111\u1ea7u v\u00e0o (v\u00e0 \u0111\u1ed7)<br>\n3. Ho\u00e0n th\u00e0nh th\u1ee7 th\u1ee5c nh\u1eadp h\u1ecdc<br>\n4. Xin CoE<br>\n5. Chu\u1ea9n b\u1ecb h\u1ed3 s\u01a1 \u0111\u1ec3 xin visa<br>\n6. Xin visa<br>\n7. T\u00ecm v\u00e9 m\u00e1y bay v\u00e0 ph\u00f2ng \u1edf<br>\n8. \u0110\u1ebfn Nh\u1eadt<\/p>\n<\/div>\n<\/div>\n<\/div>\n<\/div>\n\n\n\n<div class=\"wp-block-group js-toggle__block is-layout-constrained wp-block-group-is-layout-constrained\">\n<p class=\"js-toggle__title\"><strong>Khi n\u00e0o em ph\u1ea3i n\u1ed9p h\u1ecdc ph\u00ed?<\/strong><\/p>\n\n\n\n<div class=\"wp-block-columns js-toggle__panel is-layout-flex wp-container-core-columns-is-layout-28f84493 wp-block-columns-is-layout-flex\">\n<div class=\"wp-block-column js-toggle__body is-layout-flow wp-block-column-is-layout-flow\">\n<div class=\"wp-block-group js-toggle__content is-layout-constrained wp-block-group-is-layout-constrained\">\n<p>T\u1ea1i th\u1eddi \u0111i\u1ec3m nh\u1eadp h\u1ecdc, sinh vi\u00ean ph\u1ea3i n\u1ed9p ph\u00ed nh\u1eadp h\u1ecdc, h\u1ecdc ph\u00ed v\u00e0 c\u00e1c ph\u1ee5 ph\u00ed kh\u00e1c. Sau khi nh\u1eadp h\u1ecdc, h\u1ecdc ph\u00ed c\u00f3 th\u1ec3 \u0111\u01b0\u1ee3c chia l\u00e0m hai l\u1ea7n \u0111\u1ec3 \u0111\u00f3ng: k\u1ef3 \u0111\u1ea7u (th\u00e1ng 4 \u0111\u1ebfn th\u00e1ng 9) v\u00e0 k\u1ef3 sau (th\u00e1ng 10 \u0111\u1ebfn th\u00e1ng 3).<\/p>\n<\/div>\n<\/div>\n<\/div>\n<\/div>\n\n\n\n<div class=\"wp-block-group js-toggle__block is-layout-constrained wp-block-group-is-layout-constrained\">\n<p class=\"js-toggle__title\"><strong>L\u00e0m th\u1ebf n\u00e0o \u0111\u1ec3 \u0111\u0103ng k\u00fd CoE?<\/strong><\/p>\n\n\n\n<div class=\"wp-block-columns js-toggle__panel is-layout-flex wp-container-core-columns-is-layout-28f84493 wp-block-columns-is-layout-flex\">\n<div class=\"wp-block-column js-toggle__body is-layout-flow wp-block-column-is-layout-flow\">\n<div class=\"wp-block-group js-toggle__content is-layout-constrained wp-block-group-is-layout-constrained\">\n<p>CoE \u0111\u01b0\u1ee3c xin c\u1ea5p t\u1ea1i C\u1ee5c xu\u1ea5t nh\u1eadp c\u1ea3nh t\u1ea1i Nh\u1eadt, nh\u00e0 tr\u01b0\u1eddng s\u1ebd thay m\u1eb7t sinh vi\u00ean n\u1ed9p \u0111\u01a1n sau khi nh\u1eadn \u0111\u01b0\u1ee3c \u0111\u1ea7y \u0111\u1ee7 h\u1ed3 s\u01a1 qua \u0111\u01b0\u1eddng b\u01b0u \u0111i\u1ec7n. Qu\u00e1 tr\u00ecnh xin CoE th\u01b0\u1eddng m\u1ea5t kho\u1ea3ng 1 \u0111\u1ebfn 2 th\u00e1ng, v\u00ec v\u1eady h\u00e3y chu\u1ea9n b\u1ecb s\u1edbm nh\u1ea5t c\u00f3 th\u1ec3.\n<\/p>\n\n\n\n<p> Chi ti\u1ebft v\u1ec1 h\u1ed3 s\u01a1 c\u1ea7n thi\u1ebft xin tham kh\u1ea3o website c\u1ee7a C\u1ee5c qu\u1ea3n l\u00fd xu\u1ea5t nh\u1eadp c\u1ea3nh. Trong c\u00e1c h\u1ed3 s\u01a1 c\u1ea7n thi\u1ebft, \u0111\u01a1n xin c\u1ea5p CoE (ph\u1ea7n c\u01a1 s\u1edf ti\u1ebfp nh\u1eadn chu\u1ea9n b\u1ecb) v\u00e0 Gi\u1ea5y nh\u1eadp h\u1ecdc s\u1ebd \u0111\u01b0\u1ee3c chu\u1ea9n b\u1ecb sau khi sinh vi\u00ean ho\u00e0n th\u00e0nh th\u1ee7 t\u1ee5c nh\u1eadp h\u1ecdc.<\/p>\n\n\n\n<div class=\"wp-block-buttons is-layout-flex wp-block-buttons-is-layout-flex\">\n<div class=\"wp-block-button\"><a class=\"wp-block-button__link wp-element-button\" href=\"https:\/\/www.moj.go.jp\/isa\/applications\/status\/index.html\" target=\"_blank\" rel=\"noreferrer noopener\">Tham kh\u1ea3o<\/a><\/div>\n<\/div>\n<\/div>\n<\/div>\n<\/div>\n<\/div>\n<\/div>\n\n\n\n<h2 class=\"wp-block-heading\">5. Cu\u1ed9c s\u1ed1ng sinh vi\u00ean<\/h2>\n\n\n\n<div class=\"wp-block-group js-toggle is-faq is-vertical is-layout-flex wp-container-core-group-is-layout-fe9cc265 wp-block-group-is-layout-flex\">\n<div class=\"wp-block-group js-toggle__block is-layout-constrained wp-block-group-is-layout-constrained\">\n<p class=\"js-toggle__title\"><strong>DHU c\u00f3 k\u00fd t\u00fac x\u00e1 kh\u00f4ng?<\/strong><\/p>\n\n\n\n<div class=\"wp-block-columns js-toggle__panel is-layout-flex wp-container-core-columns-is-layout-28f84493 wp-block-columns-is-layout-flex\">\n<div class=\"wp-block-column js-toggle__body is-layout-flow wp-block-column-is-layout-flow\">\n<div class=\"wp-block-group js-toggle__content is-layout-constrained wp-block-group-is-layout-constrained\">\n<p>DHU kh\u00f4ng c\u00f3 k\u00fd t\u00fac x\u00e1 c\u1ee7a tr\u01b0\u1eddng. Trong tr\u01b0\u1eddng h\u1ee3p sinh vi\u00ean mu\u1ed1n \u1edf k\u00fd t\u00fac x\u00e1 c\u00f3 li\u00ean k\u1ebft v\u1edbi tr\u01b0\u1eddng, ch\u00fang t\u00f4i s\u1ebd h\u1ed7 tr\u1ee3 cung c\u1ea5p th\u00f4ng tin.<\/p>\n<\/div>\n<\/div>\n<\/div>\n<\/div>\n\n\n\n<div class=\"wp-block-group js-toggle__block is-layout-constrained wp-block-group-is-layout-constrained\">\n<p class=\"js-toggle__title\"><strong>Tr\u01b0\u1eddng c\u00f3 gi\u1edbi thi\u1ec7u vi\u1ec7c l\u00e0m th\u00eam kh\u00f4ng?<\/strong><\/p>\n\n\n\n<div class=\"wp-block-columns js-toggle__panel is-layout-flex wp-container-core-columns-is-layout-28f84493 wp-block-columns-is-layout-flex\">\n<div class=\"wp-block-column js-toggle__body is-layout-flow wp-block-column-is-layout-flow\">\n<div class=\"wp-block-group js-toggle__content is-layout-constrained wp-block-group-is-layout-constrained\">\n<p>Career Center c\u1ee7a tr\u01b0\u1eddng lu\u00f4n s\u1eb5n s\u00e0ng gi\u1edbi thi\u1ec7u vi\u1ec7c l\u00e0m th\u00eam v\u00e0 ch\u01b0\u01a1ng tr\u00ecnh th\u1ef1c t\u1eadp cho sinh vi\u00ean.<\/p>\n<\/div>\n<\/div>\n<\/div>\n<\/div>\n\n\n\n<div class=\"wp-block-group js-toggle__block is-layout-constrained wp-block-group-is-layout-constrained\">\n<p class=\"js-toggle__title\"><strong>C\u00f3 nh\u1eefng ho\u1ea1t \u0111\u1ed9ng ngo\u1ea1i kh\u00f3a n\u00e0o?<\/strong><\/p>\n\n\n\n<div class=\"wp-block-columns js-toggle__panel is-layout-flex wp-container-core-columns-is-layout-28f84493 wp-block-columns-is-layout-flex\">\n<div class=\"wp-block-column js-toggle__body is-layout-flow wp-block-column-is-layout-flow\">\n<div class=\"wp-block-group js-toggle__content is-layout-constrained wp-block-group-is-layout-constrained\">\n<p>Th\u00f4ng tin v\u1ec1 c\u00e1c c\u00e2u l\u1ea1c b\u1ed9 ch\u00ednh th\u1ee9c c\u1ee7a tr\u01b0\u1eddng c\u00f3 th\u1ec3 t\u00ecm th\u1ea5y \u1edf link d\u01b0\u1edbi \u0111\u00e2y.<\/p>\n\n\n\n<div class=\"wp-block-buttons is-layout-flex wp-block-buttons-is-layout-flex\">\n<div class=\"wp-block-button\"><a class=\"wp-block-button__link wp-element-button\" href=\"\/life\/club\/\" rel=\"noreferrer noopener\">C\u00e2u l\u1ea1c b\u1ed9 ngo\u1ea1i kh\u00f3a<\/a><\/div>\n<\/div>\n<\/div>\n<\/div>\n<\/div>\n<\/div>\n<\/div>\n","protected":false},"excerpt":{"rendered":"<p>D\u01b0\u1edbi \u0111\u00e2y l\u00e0 t\u1ed5ng h\u1ee3p c\u00e1c c\u00e2u h\u1ecfi th\u01b0\u1eddng g\u1eb7p. 1. V\u1ec1 DHU \u0110\u1ea1i h\u1ecdc Digital Hollywood n\u1eb1m \u1edf \u0111\u00e2u? DHU t\u1ecda l\u1ea1c \u1edf Ocha [&hellip;]<\/p>\n","protected":false},"author":9,"featured_media":0,"parent":0,"menu_order":0,"comment_status":"closed","ping_status":"closed","template":"page-templates\/hanyo.php","meta":{"_acf_changed":false,"inline_featured_image":false,"footnotes":""},"class_list":{"0":"post-197","1":"page","2":"type-page","3":"status-publish","5":"c-entry"},"acf":[],"_links":{"self":[{"href":"https:\/\/www.dhw.ac.jp\/vn\/wp-json\/wp\/v2\/pages\/197","targetHints":{"allow":["GET"]}}],"collection":[{"href":"https:\/\/www.dhw.ac.jp\/vn\/wp-json\/wp\/v2\/pages"}],"about":[{"href":"https:\/\/www.dhw.ac.jp\/vn\/wp-json\/wp\/v2\/types\/page"}],"author":[{"embeddable":true,"href":"https:\/\/www.dhw.ac.jp\/vn\/wp-json\/wp\/v2\/users\/9"}],"replies":[{"embeddable":true,"href":"https:\/\/www.dhw.ac.jp\/vn\/wp-json\/wp\/v2\/comments?post=197"}],"version-history":[{"count":3,"href":"https:\/\/www.dhw.ac.jp\/vn\/wp-json\/wp\/v2\/pages\/197\/revisions"}],"predecessor-version":[{"id":309,"href":"https:\/\/www.dhw.ac.jp\/vn\/wp-json\/wp\/v2\/pages\/197\/revisions\/309"}],"wp:attachment":[{"href":"https:\/\/www.dhw.ac.jp\/vn\/wp-json\/wp\/v2\/media?parent=197"}],"curies":[{"name":"wp","href":"https:\/\/api.w.org\/{rel}","templated":true}]}}