{"id":199,"date":"2024-05-24T09:26:31","date_gmt":"2024-05-24T00:26:31","guid":{"rendered":"https:\/\/www.dhw.ac.jp\/vn\/?page_id=199"},"modified":"2024-05-24T09:26:53","modified_gmt":"2024-05-24T00:26:53","slug":"access","status":"publish","type":"page","link":"https:\/\/www.dhw.ac.jp\/vn\/access\/","title":{"rendered":"Hai campus ch\u00ednh"},"content":{"rendered":"\n<p>\u0110\u1ea1i h\u1ecdc Digital Hollywood c\u00f3 hai campus: Campus Surugadai v\u00e0 Studio s\u1ea3n xu\u1ea5t Hachioji.<\/p>\n\n\n\n<p>C\u00e1c l\u1edbp h\u1ecdc s\u1ebd \u0111\u01b0\u1ee3c di\u1ec5n ra \u1edf campus Surugadai.<br>\nStudio s\u1ea3n xu\u1ea5t Hachioji l\u00e0 m\u1ed9t tr\u01b0\u1eddng ti\u1ec3u h\u1ecdc \u0111\u00e3 b\u1ecb \u0111\u00f3ng c\u1eeda. \u0110\u00e2y l\u00e0 n\u01a1i sinh vi\u00ean c\u00f3 th\u1ec3 th\u1ef1c hi\u1ec7n c\u00e1c b\u00e0i t\u1eadp c\u1ee7a m\u00ecnh, ch\u1ee7 y\u1ebfu l\u00e0 quay ch\u1ee5p trong v\u00e0 ngo\u00e0i tr\u1eddi. \u0110\u1ed3ng th\u1eddi c\u0169ng l\u00e0 n\u01a1i di\u1ec5n ra nhi\u1ec1u ho\u1ea1t \u0111\u1ed9ng ngo\u1ea1i kh\u00f3a nh\u01b0 c\u1eafm tr\u1ea1i cho l\u1edbp kh\u00f3a lu\u1eadn ho\u1eb7c ho\u1ea1t \u0111\u1ed9ng c\u00e2u l\u1ea1c b\u1ed9.<\/p>\n\n\n\n<h2 class=\"wp-block-heading\">Surugadai Campus<\/h2>\n\n\n\n<figure class=\"wp-block-embed is-type-video is-provider-youtube wp-block-embed-youtube wp-embed-aspect-16-9 wp-has-aspect-ratio\"><div class=\"wp-block-embed__wrapper\">\n<div class=\"c-responsive-container-16-9\"><iframe loading=\"lazy\" title=\"\u3010DHU\u3011\u30ad\u30e3\u30f3\u30d1\u30b9\u30c4\u30a2\u30fc2022\u3010\u30c7\u30b8\u30bf\u30eb\u30cf\u30ea\u30a6\u30c3\u30c9\u5927\u5b66\u3011\" width=\"1220\" height=\"686\" src=\"https:\/\/www.youtube.com\/embed\/3zJWzpF6bto?feature=oembed\" frameborder=\"0\" allow=\"accelerometer; autoplay; clipboard-write; encrypted-media; gyroscope; picture-in-picture; web-share\" referrerpolicy=\"strict-origin-when-cross-origin\" allowfullscreen><\/iframe><\/div>\n<\/div><\/figure>\n\n\n\n<p>101-0062 Tokyo, Chiyoda-ku, Kanda Surugadai 4-6, Ochanomizu Sola City Academia 3F\/4F<br>\nTEL\uff1a0120-823-422 Email\uff1a<a href=\"mailto:dhu@dhw.ac.jp\">dhu@dhw.ac.jp<\/a><\/p>\n\n\n\n<div class=\"wp-block-group u-iframe-wrap is-layout-constrained wp-block-group-is-layout-constrained\"><div>\n<iframe loading=\"lazy\" src=\"https:\/\/www.google.com\/maps\/embed?pb=!1m13!1m8!1m3!1d1620.0633221221262!2d139.766216!3d35.698501!3m2!1i1024!2i768!4f13.1!3m2!1m1!2zMzXCsDQxJzU0LjgiTiAxMznCsDQ1JzU5LjQiRQ!5e0!3m2!1sja!2sjp!4v1713229305299!5m2!1sja!2sjp\" width=\"600\" height=\"450\" style=\"border:0\" allowfullscreen=\"\"><\/iframe>\n<\/div><\/div>\n\n\n\n<p>3 ph\u00fat \u0111i b\u1ed9 t\u1eeb ga JR Ochanomizu (C\u1ed5ng ra Seibashi)<br>\n1 ph\u00fat \u0111i b\u1ed9 t\u1eeb Tokyo Metro Chiyoda Line ga Shin-ochanomizu (C\u1ed5ng B2)<br>\n4 ph\u00fat \u0111i b\u1ed9 t\u1eeb Tokyo Metro Marunouchi Line ga Ochanomizu (C\u1ed5ng 1)<br>\n9 ph\u00fat \u0111i b\u1ed9 t\u1eeb ga JR Akihabara<br>\n6 ph\u00fat \u0111i b\u1ed9 t\u1eeb Toei Subway Shinjuku Line ga Ogawamachi Station \n<\/p>\n\n\n\n<h2 class=\"wp-block-heading\">Studio s\u1ea3n xu\u1ea5t Hachioji<\/h2>\n\n\n\n<figure class=\"wp-block-embed is-type-video is-provider-youtube wp-block-embed-youtube wp-embed-aspect-16-9 wp-has-aspect-ratio\"><div class=\"wp-block-embed__wrapper\">\n<div class=\"c-responsive-container-16-9\"><iframe loading=\"lazy\" title=\"\u3010DHU\u3011\u516b\u738b\u5b50\u5236\u4f5c\u30b9\u30bf\u30b8\u30aa \u30b9\u30bf\u30b8\u30aa\u30c4\u30a2\u30fcin2020\u3010\u30c7\u30b8\u30bf\u30eb\u30cf\u30ea\u30a6\u30c3\u30c9\u5927\u5b66\u3011\" width=\"1220\" height=\"686\" src=\"https:\/\/www.youtube.com\/embed\/P1-Fmp6ASno?feature=oembed\" frameborder=\"0\" allow=\"accelerometer; autoplay; clipboard-write; encrypted-media; gyroscope; picture-in-picture; web-share\" referrerpolicy=\"strict-origin-when-cross-origin\" allowfullscreen><\/iframe><\/div>\n<\/div><\/figure>\n\n\n\n<p>192-0354 Tokyo, Hachioji-shi, Matsugaya 1<br>\nTEL\uff1a042-670-2340 Email\uff1a<a href=\"mailto:dd-8@dhw.co.jp\">dd-8@dhw.co.jp<\/a><\/p>\n\n\n\n<div class=\"wp-block-group u-iframe-wrap is-layout-constrained wp-block-group-is-layout-constrained\"><div>\n<iframe loading=\"lazy\" src=\"https:\/\/www.google.com\/maps\/embed?pb=!1m14!1m8!1m3!1d6485.807438651496!2d139.42142!3d35.6301!3m2!1i1024!2i768!4f13.1!3m3!1m2!1s0x6018e339f9dd956d%3A0xadae71f89e20230e!2z44CSMTkyLTAzNTQg5p2x5Lqs6YO95YWr546L5a2Q5biC5p2-44GM6LC377yR!5e0!3m2!1sja!2sjp!4v1713229474663!5m2!1sja!2sjp\" width=\"600\" height=\"450\" style=\"border:0\" allowfullscreen=\"\"><\/iframe>\n<\/div><\/div>\n\n\n\n<p>1 ph\u00fat \u0111i b\u1ed9 t\u1eeb ga Matsugaya (Tama Urban Monorail)<br>\n10 ph\u00fat \u0111i b\u1ed9 t\u1eeb ga  Keio Tama Center Station (Keio Line)<br>\n10 ph\u00fat \u0111i b\u1ed9 t\u1eeb ga Odakyu Tama Center (Odakyu Line)<\/p>\n","protected":false},"excerpt":{"rendered":"<p>\u0110\u1ea1i h\u1ecdc Digital Hollywood c\u00f3 hai campus: Campus Surugadai v\u00e0 Studio s\u1ea3n xu\u1ea5t Hachioji. C\u00e1c l\u1edbp h\u1ecdc s\u1ebd \u0111\u01b0\u1ee3c di\u1ec5 [&hellip;]<\/p>\n","protected":false},"author":9,"featured_media":0,"parent":0,"menu_order":0,"comment_status":"closed","ping_status":"closed","template":"page-templates\/hanyo.php","meta":{"_acf_changed":false,"inline_featured_image":false,"footnotes":""},"class_list":{"0":"post-199","1":"page","2":"type-page","3":"status-publish","5":"c-entry"},"acf":[],"_links":{"self":[{"href":"https:\/\/www.dhw.ac.jp\/vn\/wp-json\/wp\/v2\/pages\/199","targetHints":{"allow":["GET"]}}],"collection":[{"href":"https:\/\/www.dhw.ac.jp\/vn\/wp-json\/wp\/v2\/pages"}],"about":[{"href":"https:\/\/www.dhw.ac.jp\/vn\/wp-json\/wp\/v2\/types\/page"}],"author":[{"embeddable":true,"href":"https:\/\/www.dhw.ac.jp\/vn\/wp-json\/wp\/v2\/users\/9"}],"replies":[{"embeddable":true,"href":"https:\/\/www.dhw.ac.jp\/vn\/wp-json\/wp\/v2\/comments?post=199"}],"version-history":[{"count":3,"href":"https:\/\/www.dhw.ac.jp\/vn\/wp-json\/wp\/v2\/pages\/199\/revisions"}],"predecessor-version":[{"id":202,"href":"https:\/\/www.dhw.ac.jp\/vn\/wp-json\/wp\/v2\/pages\/199\/revisions\/202"}],"wp:attachment":[{"href":"https:\/\/www.dhw.ac.jp\/vn\/wp-json\/wp\/v2\/media?parent=199"}],"curies":[{"name":"wp","href":"https:\/\/api.w.org\/{rel}","templated":true}]}}