{"id":203,"date":"2024-05-24T09:30:50","date_gmt":"2024-05-24T00:30:50","guid":{"rendered":"https:\/\/www.dhw.ac.jp\/vn\/?page_id=203"},"modified":"2026-04-08T19:12:34","modified_gmt":"2026-04-08T10:12:34","slug":"message","status":"publish","type":"page","link":"https:\/\/www.dhw.ac.jp\/vn\/about\/message\/","title":{"rendered":"G\u1eedi t\u1edbi t\u1ea5t c\u1ea3 nh\u1eefng ai quan t\u00e2m \u0111\u1ebfn \u0110\u1ea1i h\u1ecdc Digital Hollywood"},"content":{"rendered":"\n<h2 class=\"wp-block-heading\">\u4e16\u754c\u3092\u6e80\u305f\u305b<br>Fill the world<\/h2>\n\n\n\n<p>V\u1edbi s\u1ef1 ph\u1ed5 bi\u1ebfn nhanh ch\u00f3ng c\u1ee7a AI t\u1ea1o sinh, vi\u1ec7c thu th\u1eadp, s\u1eafp x\u1ebfp v\u00e0 hi\u1ec7n th\u1ef1c h\u00f3a m\u1ed9t l\u01b0\u1ee3ng l\u1edbn tri th\u1ee9c \u0111\u1ec3 gi\u1ea3i quy\u1ebft v\u1ea5n \u0111\u1ec1 \u0111\u00e3 tr\u1edf th\u00e0nh k\u1ef9 n\u0103ng m\u00e0 b\u1ea5t k\u1ef3 ai c\u0169ng c\u00f3 th\u1ec3 l\u00e0m \u0111\u01b0\u1ee3c. Ch\u00ednh v\u00ec v\u1eady, \u0111i\u1ec1u m\u00e0 con ng\u01b0\u1eddi trong th\u1eddi \u0111\u1ea1i m\u1edbi \u0111\u01b0\u1ee3c y\u00eau c\u1ea7u m\u1ea1nh m\u1ebd h\u01a1n bao gi\u1edd h\u1ebft ch\u00ednh l\u00e0 kh\u1ea3 n\u0103ng \u0111\u1eb7t ra nh\u1eefng c\u00e2u h\u1ecfi \u0111\u00fang \u0111\u1eafn. T\u1ea1o ra gi\u00e1 tr\u1ecb th\u00f4ng qua vi\u1ec7c \u201ct\u1ea1o ra \u0111i\u1ec1u g\u00ec \u0111\u00f3\u201d \u0111\u1ec3 tr\u1ea3 l\u1eddi nh\u1eefng c\u00e2u h\u1ecfi \u1ea5y, lay \u0111\u1ed9ng tr\u00e1i tim ng\u01b0\u1eddi kh\u00e1c, tri\u1ec3n khai trong x\u00e3 h\u1ed9i v\u00e0 tr\u1edf th\u00e0nh ng\u01b0\u1eddi ki\u1ebfn t\u1ea1o thay \u0111\u1ed5i cho th\u1ebf gi\u1edbi.<\/p>\n\n\n\n<p>\u0110\u1ea1i h\u1ecdc Digital Hollywood l\u00e0 n\u01a1i nu\u00f4i d\u01b0\u1ee1ng \u201cch\u00ednh m\u00ecnh \u2013 ng\u01b0\u1eddi c\u00f3 th\u1ec3 t\u1ef1 \u0111\u1ecbnh ngh\u0129a v\u00e0 s\u00e1ng t\u1ea1o\u201d \u2013 m\u1ed9t n\u0103ng l\u1ef1c kh\u00f4ng th\u1ec3 thi\u1ebfu trong th\u1eddi \u0111\u1ea1i AI. T\u1ea1i \u0111\u00e2y, b\u1ea1n s\u1ebd h\u1ecdc t\u1eadp xuy\u00ean su\u1ed1t nhi\u1ec1u l\u0129nh v\u1ef1c, v\u1eeba s\u00e1ng t\u1ea1o, th\u1eed nghi\u1ec7m, v\u1eeba ti\u1ebfp nh\u1eadn ph\u1ea3n h\u1ed3i, t\u1eeb \u0111\u00f3 thi\u1ebft k\u1ebf con \u0111\u01b0\u1eddng h\u1ecdc t\u1eadp v\u00e0 s\u1ef1 nghi\u1ec7p ph\u00f9 h\u1ee3p v\u1edbi n\u0103ng l\u1ef1c v\u00e0 \u0111\u1ecbnh h\u01b0\u1edbng c\u1ee7a b\u1ea3n th\u00e2n. Trong su\u1ed1t h\u01a1n 30 n\u0103m qua, nh\u00e0 tr\u01b0\u1eddng \u0111\u00e3 \u0111\u1ed3ng h\u00e0nh c\u00f9ng ng\u00e0nh c\u00f4ng nghi\u1ec7p n\u1ed9i dung v\u00e0 bi\u1ec3u \u0111\u1ea1t s\u1ed1 c\u1ee7a Nh\u1eadt B\u1ea3n, \u0111\u00e0o t\u1ea1o n\u00ean nhi\u1ec1u nh\u00e2n l\u1ef1c \u0111\u00f3ng g\u00f3p cho x\u00e3 h\u1ed9i. H\u1ecdc t\u1eadp t\u1ea1i \u0111\u00e2y ch\u00ednh l\u00e0 b\u01b0\u1edbc ch\u00e2n v\u00e0o th\u1ebf gi\u1edbi v\u1edbi t\u01b0 c\u00e1ch m\u1ed9t ph\u1ea7n c\u1ee7a l\u1ef1c l\u01b0\u1ee3ng \u0111\u1ed5i m\u1edbi trong th\u1eddi \u0111\u1ea1i c\u1ee7a \u201cgi\u00e1 tr\u1ecb tr\u1ea3i nghi\u1ec7m\u201d, bao g\u1ed3m c\u1ea3 ng\u00e0nh c\u00f4ng nghi\u1ec7p gi\u1ea3i tr\u00ed.<\/p>\n\n\n\n<p>\u0110\u1ec3 h\u1ed7 tr\u1ee3 cho m\u00f4i tr\u01b0\u1eddng h\u1ecdc t\u1eadp \u0111\u1ed9c \u0111\u00e1o hi\u1ebfm c\u00f3 n\u00e0y, ch\u00fang t\u00f4i \u0111\u1eb7c bi\u1ec7t nh\u1ea5n m\u1ea1nh ba \u0111\u1eb7c \u0111i\u1ec3m sau:<\/p>\n\n\n\n<p>Th\u1ee9 nh\u1ea5t, \u0111\u00f3 l\u00e0 \u0111\u1ed9i ng\u0169 gi\u1ea3ng vi\u00ean l\u00e0 nh\u1eefng chuy\u00ean gia \u0111ang ho\u1ea1t \u0111\u1ed9ng \u1edf tuy\u1ebfn \u0111\u1ea7u c\u1ee7a ng\u00e0nh. Sinh vi\u00ean kh\u00f4ng ch\u1ec9 h\u1ecdc ki\u1ebfn th\u1ee9c v\u00e0 k\u1ef9 n\u0103ng, m\u00e0 c\u00f2n tr\u1ef1c ti\u1ebfp h\u1ecdc c\u00e1ch t\u1ed5 ch\u1ee9c c\u00f4ng vi\u1ec7c, th\u00e1i \u0111\u1ed9 h\u1ecdc h\u1ecfi kh\u00f4ng ng\u1eebng v\u00e0 c\u00e1ch v\u01b0\u1ee3t qua th\u1eed th\u00e1ch t\u1eeb ch\u00ednh nh\u1eefng ng\u01b0\u1eddi \u0111ang l\u00e0m ngh\u1ec1 \u2013 nh\u1eefng h\u00ecnh m\u1eabu th\u1ef1c t\u1ebf trong ng\u00e0nh.<\/p>\n\n\n\n<p>Th\u1ee9 hai, l\u00e0 h\u1ec7 th\u1ed1ng h\u1ed7 tr\u1ee3 mang t\u00ednh \u201c\u0111\u1ed3ng h\u00e0nh\u201d t\u1eeb ph\u00eda nh\u00e0 tr\u01b0\u1eddng. Ch\u00fang t\u00f4i coi tr\u1ecdng giao ti\u1ebfp tr\u1ef1c ti\u1ebfp trong kh\u00f4ng gian v\u1eadt l\u00fd, lu\u00f4n quan t\u00e2m \u0111\u1ebfn t\u1eebng sinh vi\u00ean, \u0111\u1ed3ng h\u00e0nh v\u00e0 h\u1ed7 tr\u1ee3 khi c\u1ea7n thi\u1ebft \u0111\u1ec3 c\u00f9ng suy ngh\u0129 v\u1ec1 nh\u1eefng l\u1ef1a ch\u1ecdn trong t\u01b0\u01a1ng lai. Kh\u00f4ng \u0111\u1ec3 sinh vi\u00ean b\u1ecb c\u00f4 l\u1eadp, nh\u01b0ng \u0111\u1ed3ng th\u1eddi nu\u00f4i d\u01b0\u1ee1ng t\u00ednh ch\u1ee7 \u0111\u1ed9ng \u2013 s\u1ef1 c\u00e2n b\u1eb1ng n\u00e0y l\u00e0 \u0111i\u1ec1u ch\u00fang t\u00f4i \u0111\u1eb7c bi\u1ec7t tr\u00e2n tr\u1ecdng. \u0110\u00e2y ch\u00ednh l\u00e0 \u0111i\u1ec1u ch\u1ec9 c\u00f3 th\u1ec3 th\u1ef1c hi\u1ec7n \u0111\u01b0\u1ee3c t\u1ea1i m\u1ed9t m\u00f4i tr\u01b0\u1eddng h\u1ecdc t\u1eadp quy m\u00f4 nh\u1ecf v\u1edbi campus th\u1ef1c t\u1ebf.<\/p>\n\n\n\n<p>Th\u1ee9 ba, l\u00e0 m\u1ea1ng l\u01b0\u1edbi c\u1ed9ng \u0111\u1ed3ng chuy\u00ean nghi\u1ec7p v\u1edbi h\u01a1n 90.000 th\u00e0nh vi\u00ean \u0111\u01b0\u1ee3c Digital Hollywood x\u00e2y d\u1ef1ng trong su\u1ed1t 30 n\u0103m qua. M\u1ed1i li\u00ean k\u1ebft gi\u1eefa gi\u1ea3ng vi\u00ean, c\u1ef1u sinh vi\u00ean, sinh vi\u00ean hi\u1ec7n t\u1ea1i v\u00e0 c\u00e1c th\u1ebf h\u1ec7 k\u1ebf ti\u1ebfp t\u1ea1o th\u00e0nh m\u1ed9t m\u1ea1ng l\u01b0\u1edbi \u0111a chi\u1ec1u, tr\u1edf th\u00e0nh n\u1ec1n t\u1ea3ng cho vi\u1ec7c h\u1ecdc t\u1eadp v\u00e0 th\u1eed th\u00e1ch kh\u00f4ng ch\u1ec9 trong th\u1eddi gian h\u1ecdc m\u00e0 c\u00f2n c\u1ea3 sau khi t\u1ed1t nghi\u1ec7p. Gi\u00e1 tr\u1ecb l\u1edbn nh\u1ea5t m\u00e0 b\u1ea1n nh\u1eadn \u0111\u01b0\u1ee3c kh\u00f4ng ch\u1ec9 l\u00e0 k\u1ef9 n\u0103ng hay ki\u1ebfn th\u1ee9c, m\u00e0 c\u00f2n l\u00e0 nh\u1eefng ng\u01b0\u1eddi \u0111\u1ed3ng h\u00e0nh c\u00f9ng b\u1ea1n trong su\u1ed1t h\u00e0nh tr\u00ecnh s\u00e1ng t\u1ea1o v\u00e0 kh\u00e1m ph\u00e1 su\u1ed1t \u0111\u1eddi. Gi\u1ea3ng vi\u00ean, \u0111\u00e0n anh, \u0111\u00e0n em \u2013 t\u1ea5t c\u1ea3 \u0111\u1ec1u t\u00f4n tr\u1ecdng l\u1eabn nhau th\u00f4ng qua t\u00e1c ph\u1ea9m v\u00e0 c\u00f9ng nhau ti\u1ebfn b\u01b0\u1edbc nh\u01b0 nh\u1eefng \u201cng\u01b0\u1eddi \u0111\u1ed3ng \u0111\u1ed9i\u201d. Ch\u00ednh v\u0103n h\u00f3a \u0111\u00f3 l\u00e0 s\u1ee9c m\u1ea1nh c\u1ee7a nh\u00e0 tr\u01b0\u1eddng.<\/p>\n\n\n\n<p>Th\u00f4ng qua ba y\u1ebfu t\u1ed1 n\u00e0y, \u0111i\u1ec1u \u0111\u01b0\u1ee3c nu\u00f4i d\u01b0\u1ee1ng ch\u00ednh l\u00e0 \u201cn\u0103ng l\u1ef1c thi\u1ebft k\u1ebf t\u01b0\u01a1ng lai c\u1ee7a ch\u00ednh m\u00ecnh\u201d. B\u1ea1n kh\u00f4ng c\u1ea7n ph\u1ea3i c\u00f3 \u0111\u1ecbnh h\u01b0\u1edbng r\u00f5 r\u00e0ng ngay t\u1eeb khi nh\u1eadp h\u1ecdc. C\u00f3 th\u1ec3 b\u1ea1n s\u1ebd t\u00ecm ra con \u0111\u01b0\u1eddng c\u1ee7a m\u00ecnh trong qu\u00e1 tr\u00ecnh h\u1ecdc, ho\u1eb7c th\u1eadm ch\u00ed sau khi t\u1ed1t nghi\u1ec7p. \u0110i\u1ec1u quan tr\u1ecdng l\u00e0 trong m\u1ed9t th\u1ebf gi\u1edbi lu\u00f4n thay \u0111\u1ed5i, b\u1ea1n c\u00f3 th\u1ec3 li\u00ean t\u1ee5c l\u1ef1a ch\u1ecdn l\u1ea1i, s\u00e1ng t\u1ea1o, ki\u1ec3m ch\u1ee9ng v\u00e0 c\u1eadp nh\u1eadt b\u1ea3n th\u00e2n.<\/p>\n\n\n\n<p>\u0110\u1ea1i h\u1ecdc Digital Hollywood kh\u00f4ng ph\u1ea3i l\u00e0 n\u01a1i ch\u1ec9 \u0111\u1ec3 t\u1ed1t nghi\u1ec7p. \u0110\u00e2y l\u00e0 m\u1ed9t trung t\u00e2m \u2013 m\u1ed9t c\u1ed9ng \u0111\u1ed3ng \u2013 n\u01a1i b\u1ea1n c\u00f3 th\u1ec3 h\u1ecdc t\u1eadp m\u1ed9t c\u00e1ch ch\u1ee7 \u0111\u1ed9ng su\u1ed1t \u0111\u1eddi.<\/p>\n\n\n\n<p>\u0110\u1ec3 th\u1ec3 hi\u1ec7n ng\u1eafn g\u1ecdn tri\u1ebft l\u00fd \u0111\u00f3, t\u00f4i xin \u0111\u01b0a ra kh\u1ea9u hi\u1ec7u sau:<\/p>\n\n\n\n<p>\u4e16\u754c\u3092\u6e80\u305f\u305b<br>Fill the world<\/p>\n\n\n\n<p>Vi\u1ec7c h\u1ecdc t\u1ea1i \u0111\u00e2y l\u00e0 \u0111\u1ec3 mang \u0111\u1ebfn nh\u1eefng ni\u1ec1m vui v\u00e0 gi\u00e1 tr\u1ecb m\u1edbi cho th\u1ebf gi\u1edbi. T\u1eebng t\u00e1c ph\u1ea9m, t\u1eebng th\u1eed th\u00e1ch c\u1ee7a m\u1ed7i b\u1ea1n s\u1ebd lan t\u1ecfa \u0111\u1ebfn m\u1ecdi ng\u00f3c ng\u00e1ch, l\u00e0m b\u1eebng s\u00e1ng tr\u00e1i tim c\u1ee7a m\u1ecdi ng\u01b0\u1eddi. Ch\u00fang t\u00f4i \u0111ang t\u00ecm ki\u1ebfm nh\u1eefng ng\u01b0\u1eddi \u0111\u1ed3ng h\u00e0nh \u0111\u1ec3 c\u00f9ng nhau t\u1ea1o n\u00ean t\u01b0\u01a1ng lai \u0111\u00f3.<\/p>\n\n\n\n<p>Ng\u00e0y 1 th\u00e1ng 4 n\u0103m 2026<br>Hi\u1ec7u tr\u01b0\u1edfng \u0110\u1ea1i h\u1ecdc Digital Hollywood<br>Naotaka Fujii<\/p>\n\n\n\n<p><\/p>\n\n\n\n<div class=\"wp-block-group has-black-color has-text-color has-background is-layout-constrained wp-block-group-is-layout-constrained\" style=\"background-color:#f4f4f4\">\n<p><strong>\u85e4\u4e95 \u76f4\u656c\u3000Fujii Naotaka<\/strong><\/p>\n\n\n\n<p>T\u1ed1t nghi\u1ec7p Khoa Y, \u0110\u1ea1i h\u1ecdc Tohoku, l\u00e0 b\u00e1c s\u0129 nh\u00e3n khoa. Ho\u00e0n th\u00e0nh ch\u01b0\u01a1ng tr\u00ecnh ti\u1ebfn s\u0129 t\u1ea1i Tr\u01b0\u1eddng Sau \u0111\u1ea1i h\u1ecdc Y khoa, \u0110\u1ea1i h\u1ecdc Tohoku v\u00e0 nh\u1eadn h\u1ecdc v\u1ecb Ti\u1ebfn s\u0129 Y h\u1ecdc.<br>T\u1eeb n\u0103m 1998, l\u00e0m nghi\u00ean c\u1ee9u vi\u00ean t\u1ea1i ph\u00f2ng th\u00ed nghi\u1ec7m Ann Graybiel, Vi\u1ec7n C\u00f4ng ngh\u1ec7 Massachusetts (MIT).<br>N\u0103m 2004 tr\u1edf v\u1ec1 Nh\u1eadt B\u1ea3n, sau khi gi\u1eef ch\u1ee9c Ph\u00f3 tr\u01b0\u1edfng nh\u00f3m t\u1ea1i Trung t\u00e2m Nghi\u00ean c\u1ee9u Khoa h\u1ecdc N\u00e3o b\u1ed9, Vi\u1ec7n RIKEN, t\u1eeb n\u0103m 2008 \u0111\u1ea3m nhi\u1ec7m v\u1ecb tr\u00ed Tr\u01b0\u1edfng nh\u00f3m Nghi\u00ean c\u1ee9u Tr\u00ed tu\u1ec7 Th\u00edch \u1ee9ng, ti\u1ebfn h\u00e0nh nghi\u00ean c\u1ee9u v\u1ec1 ch\u1ee9c n\u0103ng n\u00e3o x\u00e3 h\u1ed9i.<br>N\u0103m 2014, s\u00e1ng l\u1eadp C\u00f4ng ty Hacosco.<br>T\u1eeb n\u0103m 2018, gi\u1eef ch\u1ee9c Gi\u00e1o s\u01b0 t\u1ea1i Tr\u01b0\u1eddng Sau \u0111\u1ea1i h\u1ecdc, \u0110\u1ea1i h\u1ecdc Digital Hollywood; t\u1eeb n\u0103m 2022 l\u00e0 Tr\u1ee3 l\u00fd Hi\u1ec7u tr\u01b0\u1edfng; v\u00e0 t\u1eeb th\u00e1ng 4 n\u0103m 2026, \u0111\u1ea3m nhi\u1ec7m v\u1ecb tr\u00ed Hi\u1ec7u tr\u01b0\u1edfng th\u1ee9 hai c\u1ee7a \u0110\u1ea1i h\u1ecdc Digital Hollywood.<br>Chuy\u00ean m\u00f4n: \u201cKhoa h\u1ecdc Th\u1ef1c t\u1ea1i\u201d (Reality Science).<\/p>\n<\/div>\n\n\n\n<p><\/p>\n","protected":false},"excerpt":{"rendered":"<p>\u4e16\u754c\u3092\u6e80\u305f\u305bFill the world V\u1edbi s\u1ef1 ph\u1ed5 bi\u1ebfn nhanh ch\u00f3ng c\u1ee7a AI t\u1ea1o sinh, vi\u1ec7c thu th\u1eadp, s\u1eafp x\u1ebfp v\u00e0 hi\u1ec7n th\u1ef1c h\u00f3a m\u1ed9t  [&hellip;]<\/p>\n","protected":false},"author":9,"featured_media":348,"parent":156,"menu_order":0,"comment_status":"closed","ping_status":"closed","template":"page-templates\/hanyo.php","meta":{"_acf_changed":false,"inline_featured_image":false,"footnotes":""},"class_list":{"0":"post-203","1":"page","2":"type-page","3":"status-publish","4":"has-post-thumbnail","6":"c-entry"},"acf":[],"_links":{"self":[{"href":"https:\/\/www.dhw.ac.jp\/vn\/wp-json\/wp\/v2\/pages\/203","targetHints":{"allow":["GET"]}}],"collection":[{"href":"https:\/\/www.dhw.ac.jp\/vn\/wp-json\/wp\/v2\/pages"}],"about":[{"href":"https:\/\/www.dhw.ac.jp\/vn\/wp-json\/wp\/v2\/types\/page"}],"author":[{"embeddable":true,"href":"https:\/\/www.dhw.ac.jp\/vn\/wp-json\/wp\/v2\/users\/9"}],"replies":[{"embeddable":true,"href":"https:\/\/www.dhw.ac.jp\/vn\/wp-json\/wp\/v2\/comments?post=203"}],"version-history":[{"count":10,"href":"https:\/\/www.dhw.ac.jp\/vn\/wp-json\/wp\/v2\/pages\/203\/revisions"}],"predecessor-version":[{"id":358,"href":"https:\/\/www.dhw.ac.jp\/vn\/wp-json\/wp\/v2\/pages\/203\/revisions\/358"}],"up":[{"embeddable":true,"href":"https:\/\/www.dhw.ac.jp\/vn\/wp-json\/wp\/v2\/pages\/156"}],"wp:featuredmedia":[{"embeddable":true,"href":"https:\/\/www.dhw.ac.jp\/vn\/wp-json\/wp\/v2\/media\/348"}],"wp:attachment":[{"href":"https:\/\/www.dhw.ac.jp\/vn\/wp-json\/wp\/v2\/media?parent=203"}],"curies":[{"name":"wp","href":"https:\/\/api.w.org\/{rel}","templated":true}]}}