{"id":208,"date":"2024-05-24T09:36:16","date_gmt":"2024-05-24T00:36:16","guid":{"rendered":"https:\/\/www.dhw.ac.jp\/vn\/?page_id=208"},"modified":"2024-05-30T11:05:26","modified_gmt":"2024-05-30T02:05:26","slug":"facility","status":"publish","type":"page","link":"https:\/\/www.dhw.ac.jp\/vn\/about\/facility\/","title":{"rendered":"Gi\u1edbi thi\u1ec7u c\u01a1 s\u1edf v\u1eadt ch\u1ea5t"},"content":{"rendered":"\n<h2 class=\"wp-block-heading\">Surugadai Campus<\/h2>\n\n\n\n<p>Ochanomizu l\u00e0 m\u1ed9t trong nh\u1eefng trung t\u00e2m tr\u00ed tu\u1ec7 c\u1ee7a Nh\u1eadt B\u1ea3n v\u1edbi r\u1ea5t nhi\u1ec1u tr\u01b0\u1eddng \u0111\u1ea1i h\u1ecdc. C\u00f9ng v\u1edbi \u0111\u00f3, Akihabara l\u00e0 trung t\u00e2m v\u0103n h\u00f3a \u0111\u1ea1i ch\u00fang n\u1ed5i ti\u1ebfng kh\u1eafp th\u1ebf gi\u1edbi. \u0110\u1ea1i h\u1ecdc Digital Hollywood t\u1ecda l\u1ea1c \u1edf m\u1ed9t n\u01a1i nh\u01b0 th\u1ebf.<\/p>\n\n\n\n<p>Khu\u00f4n vi\u00ean tr\u01b0\u1eddng \u0111\u01b0\u1ee3c trang b\u1ecb c\u00e1c m\u00e1y t\u00ednh c\u1ea5u h\u00ecnh cao, m\u00e1y in 3D, v\u00e0 c\u00e1c thi\u1ebft b\u1ecb k\u1ef9 thu\u1eadt s\u1ed1 kh\u00e1c. V\u1edbi vi\u1ec7c k\u1ebft n\u1ed1i tr\u1ef1c ti\u1ebfp v\u1edbi ga t\u00e0u g\u1ea7n nh\u1ea5t, DHU c\u0169ng \u0111em \u0111\u1ebfn s\u1ef1 ti\u1ec7n l\u1ee3i cho sinh vi\u00ean, v\u00e0 m\u00f4i tr\u01b0\u1eddng s\u1ea3n xu\u1ea5t s\u00e1ng t\u1ea1o &#8211; n\u01a1i sinh vi\u00ean c\u00f3 th\u1ec3 t\u1eadp trung v\u00e0o t\u00e1c ph\u1ea9m c\u1ee7a b\u1ea3n th\u00e2n.<\/p>\n\n\n\n<div class=\"wp-block-columns is-layout-flex wp-container-core-columns-is-layout-28f84493 wp-block-columns-is-layout-flex\">\n<div class=\"wp-block-column is-layout-flow wp-block-column-is-layout-flow\">\n<figure class=\"wp-block-image size-large\"><img decoding=\"async\" src=\"\/wp\/wp-content\/uploads\/2023\/08\/DSC04713.jpg\" alt=\"\" \/><\/figure>\n\n\n\n<h3 class=\"wp-block-heading\">Th\u01b0 vi\u1ec7n<\/h3>\n\n\n\n<p>Tu s\u1eeda l\u1ea1i v\u00e0o th\u00e1ng 4\/2022. Th\u01b0 vi\u1ec7n tr\u01b0\u1eddng cung c\u1ea5p \u0111\u1ea7y \u0111\u1ee7 c\u00e1c lo\u1ea1i s\u00e1ch, t\u1ea1p ch\u00ed, truy\u1ec7n tranh, s\u00e1ch n\u01b0\u1edbc ngo\u00e0i \u0111\u1ebfn sinh vi\u00ean. Th\u00eam v\u00e0o \u0111\u00f3, trong th\u01b0 vi\u1ec7n c\u0169ng c\u00f3 b\u1ed9 s\u01b0u t\u1eadp DVD phong ph\u00fa. B\u00ean trong th\u01b0 vi\u1ec7n l\u00e0 ph\u00f2ng t\u1ef1 h\u1ecdc, ph\u00f2ng m\u00e1y t\u00ednh v\u00e0 ph\u00f2ng h\u1ecdc nh\u00f3m.<\/p>\n<\/div>\n\n\n\n<div class=\"wp-block-column is-layout-flow wp-block-column-is-layout-flow\">\n<figure class=\"wp-block-image size-large\"><img decoding=\"async\" src=\"\/wp\/wp-content\/uploads\/2023\/08\/DSC04417.jpg\" alt=\"\" \/><\/figure>\n\n\n\n<h3 class=\"wp-block-heading\">Nh\u00e0 \u0103n<\/h3>\n\n\n\n<p>Sinh vi\u00ean c\u00f3 th\u1ec3 \u0103n tr\u01b0a v\u00e0 ngh\u1ec9 ng\u01a1i \u1edf \u0111\u00e2y. Kh\u00f4ng gian m\u1edf c\u00f3 th\u1ec3 nh\u00ecn ra khung c\u1ea3nh c\u1ee7a  Ochanomizu. Nh\u00e0 \u0103n c\u0169ng c\u00f3 khu v\u1ef1c chi\u1ebfu tatami, n\u01a1i sinh vi\u00ean c\u00f3 th\u1ec3 l\u00e0m vi\u1ec7c c\u00e1 nh\u00e2n ho\u1eb7c h\u1ecdp nh\u00f3m \u1edf \u0111\u00e2y.<\/p>\n<\/div>\n<\/div>\n\n\n\n<div class=\"wp-block-columns is-layout-flex wp-container-core-columns-is-layout-28f84493 wp-block-columns-is-layout-flex\">\n<div class=\"wp-block-column is-layout-flow wp-block-column-is-layout-flow\">\n<figure class=\"wp-block-image size-large\"><img decoding=\"async\" src=\"\/wp\/wp-content\/uploads\/2023\/08\/DSC03914.jpg\" alt=\"\" \/><\/figure>\n\n\n\n<h3 class=\"wp-block-heading\">LabProto<\/h3>\n\n\n\n<p>Studio l\u00e0m vi\u1ec7c \u0111\u01b0\u1ee3c trang b\u1ecb m\u00e1y in 3D, m\u00e1y in UV, m\u00e1y c\u1eaft la ze v\u00e0 c\u00e1c thi\u1ebft b\u1ecb \u0111i\u1ec7n t\u1eed kh\u00e1c cho prototype v\u00e0 ho\u00e0n thi\u1ec7n c\u00e1c t\u00e1c ph\u1ea9m.<\/p>\n<\/div>\n\n\n\n<div class=\"wp-block-column is-layout-flow wp-block-column-is-layout-flow\">\n<figure class=\"wp-block-image size-large\"><img decoding=\"async\" src=\"\/wp\/wp-content\/uploads\/2023\/08\/DSC05237-1.jpg\" alt=\"\" \/><\/figure>\n\n\n\n<h3 class=\"wp-block-heading\">S\u1ea3nh ch\u00ednh<\/h3>\n\n\n\n<p>S\u1ea3nh ch\u00ednh v\u1edbi kh\u00f4ng gian r\u1ed9ng m\u1edf l\u00e0 n\u01a1i \u0111\u1ec3 sinh v\u00e0 gi\u1ea3ng vi\u00ean c\u00f3 th\u1ec3 th\u01b0 gi\u00e3n c\u0169ng nh\u01b0 giao l\u01b0u trao \u0111\u1ed5i. S\u1ea3nh ch\u00ednh \u0111\u01b0\u1ee3c trang b\u1ecb c\u00e1c gh\u1ebf sofa v\u00e0 gh\u1ebf d\u1ef1a \u00eam \u00e1i, \u0111\u00e2y c\u0169ng l\u00e0 n\u01a1i \u0111\u01b0\u1ee3c sinh vi\u00ean y\u00eau th\u00edch gi\u1eefa c\u00e1c ti\u1ebft h\u1ecdc ho\u1eb7c cho c\u00e1c bu\u1ed5i h\u1ecdp nh\u00f3m. \u0110\u1ed3ng th\u1eddi c\u0169ng l\u00e0 kh\u00f4ng gian tuy\u00eat v\u1eddi \u0111\u1ec3 h\u1ecdc t\u1eadp.<\/p>\n<\/div>\n<\/div>\n\n\n\n<div class=\"wp-block-columns is-layout-flex wp-container-core-columns-is-layout-28f84493 wp-block-columns-is-layout-flex\">\n<div class=\"wp-block-column is-layout-flow wp-block-column-is-layout-flow\">\n<figure class=\"wp-block-image size-large\"><img decoding=\"async\" src=\"\/wp\/wp-content\/uploads\/2023\/08\/DSC05714.jpg\" alt=\"\" \/><\/figure>\n\n\n\n<h3 class=\"wp-block-heading\">Ph\u00f2ng MA<\/h3>\n\n\n\n<p>Ph\u00f2ng thu \u0111\u01b0\u1ee3c trang b\u1ecb c\u00e1c thi\u1ebft b\u1ecb \u00e2m thanh \u0111\u00fang ti\u00eau chu\u1ea9n trong ng\u00e0nh s\u1ea3n xu\u1ea5t \u00e2m thanh; bao g\u1ed3m Avid&#8217;s ProTools v\u00e0 m\u00e1y t\u00ednh ch\u00ednh MacPro. Studio c\u0169ng h\u1ed7 tr\u1ee3 ch\u1ec9nh s\u1eeda video 4K.<\/p>\n<\/div>\n\n\n\n<div class=\"wp-block-column is-layout-flow wp-block-column-is-layout-flow\">\n<figure class=\"wp-block-image size-large\"><img decoding=\"async\" src=\"\/wp\/wp-content\/uploads\/2023\/08\/DSC04318.jpg\" alt=\"\" \/><\/figure>\n\n\n\n<h3 class=\"wp-block-heading\">H\u1ed9i tr\u01b0\u1eddng Surugadai<\/h3>\n\n\n\n<p>H\u1ed9i tr\u01b0\u1eddng c\u00f3 b\u1ea7u kh\u00f4ng kh\u00ed \u0111\u1ed9c \u0111\u00e1o, tr\u00ean tr\u1ea7n l\u00e0 c\u00e1c \u1ed1ng d\u1eabn c\u00f9ng v\u1edbi c\u00e1c lo\u1ea1i \u00e1nh s\u00e1ng kh\u00e1c nhau. Ngo\u00e0i c\u00e1c gi\u1edd h\u1ecdc, h\u1ed9i tr\u01b0\u1eddng Surugadai c\u00f3 th\u1ec3 d\u00f9ng cho c\u00e1c s\u1ef1 ki\u1ec7n kh\u00e1c nhau.<\/p>\n<\/div>\n<\/div>\n\n\n\n<div class=\"wp-block-columns is-layout-flex wp-container-core-columns-is-layout-28f84493 wp-block-columns-is-layout-flex\">\n<div class=\"wp-block-column is-layout-flow wp-block-column-is-layout-flow\">\n<figure class=\"wp-block-image size-large is-resized\"><img loading=\"lazy\" decoding=\"async\" src=\"\/wp\/wp-content\/uploads\/2023\/08\/pcroomA_p62.jpg\" alt=\"\" width=\"627\" height=\"418\" \/><\/figure>\n\n\n\n<h3 class=\"wp-block-heading\">Ph\u00f2ng m\u00e1y t\u00ednh<\/h3>\n\n\n\n<p>DHU \u0111\u01b0\u1ee3c trang b\u1ecb v\u1edbi h\u01a1n 160 m\u00e1y t\u00ednh Windows v\u00e0 20 m\u00e1y t\u00ednh Mac \u0111\u01b0\u1ee3c thay m\u1edbi hai n\u0103m m\u1ed9t l\u1ea7n. M\u1ed7i d\u00e0n m\u00e1y s\u1ebd c\u00f3 hai m\u00e0n h\u00ecnh \u0111\u1ec3 sinh vi\u00ean c\u00f3 th\u1ec3 nh\u00ecn \u0111\u01b0\u1ee3c m\u00e0n h\u00ecnh c\u1ee7a gi\u00e1o vi\u00ean, cho ph\u00e9p h\u1ecd quan s\u00e1t \u0111\u1ebfn t\u1eebng chi ti\u1ebft nh\u1ecf nh\u1ea5t. Ph\u00f2ng t\u1ef1 h\u1ecdc c\u0169ng \u0111\u01b0\u1ee3c trang b\u1ecb m\u00e1y t\u00ednh c\u1ea5u h\u00ecnh cao \u0111\u1ec3 ch\u1ecbu \u0111\u01b0\u1ee3c c\u00e1c t\u00e1c v\u1ee5 n\u1eb7ng.<\/p>\n<\/div>\n\n\n\n<div class=\"wp-block-column is-layout-flow wp-block-column-is-layout-flow\"><\/div>\n<\/div>\n\n\n\n<h2 class=\"wp-block-heading\">Studio s\u1ea3n xu\u1ea5t Hachioji<\/h2>\n\n\n\n<p>Studio s\u1ea3n xu\u1ea5t \u0111\u01b0\u1ee3c trang b\u1ecb nhi\u1ec1u lo\u1ea1i thi\u1ebft b\u1ecb, t\u1ecda l\u1ea1c trong m\u1ed9t khu\u00f4n vi\u00ean tr\u01b0\u1eddng h\u1ecdc r\u1ee3p b\u00f3ng c\u00e2y xanh. Khu\u00f4n vi\u00ean n\u00e0y c\u0169ng c\u00f3 c\u00e1c ph\u00f2ng m\u00e1y t\u00ednh, ph\u00f2ng chi\u1ebfu v\u1edbi thi\u1ebft k\u1ebf n\u1ed9i th\u1ea5t \u0111\u1ed9c \u0111\u00e1o. C\u00f9ng v\u1edbi \u0111\u00f3 l\u00e0 thi\u1ebft b\u1ecb cho c\u00e1c bu\u1ed5i c\u1eafm tr\u1ea1i hu\u1ea5n luy\u1ec7n, l\u00e0 \u0111\u1ecba \u0111i\u1ec3m quay phim v\u00e0 ho\u1ea1t \u0111\u1ed9ng th\u1ec3 d\u1ee5c th\u1ec3 thao y\u00eau th\u00edch c\u1ee7a sinh vi\u00ean.<\/p>\n\n\n\n<figure class=\"wp-block-embed is-type-video is-provider-youtube wp-block-embed-youtube wp-embed-aspect-16-9 wp-has-aspect-ratio\"><div class=\"wp-block-embed__wrapper\">\n<div class=\"c-responsive-container-16-9\"><iframe loading=\"lazy\" title=\"\u3010DHU\u3011\u516b\u738b\u5b50\u5236\u4f5c\u30b9\u30bf\u30b8\u30aa \u30b9\u30bf\u30b8\u30aa\u30c4\u30a2\u30fcin2020\u3010\u30c7\u30b8\u30bf\u30eb\u30cf\u30ea\u30a6\u30c3\u30c9\u5927\u5b66\u3011\" width=\"1220\" height=\"686\" src=\"https:\/\/www.youtube.com\/embed\/P1-Fmp6ASno?feature=oembed\" frameborder=\"0\" allow=\"accelerometer; autoplay; clipboard-write; encrypted-media; gyroscope; picture-in-picture; web-share\" referrerpolicy=\"strict-origin-when-cross-origin\" allowfullscreen><\/iframe><\/div>\n<\/div><\/figure>\n\n\n\n<figure class=\"wp-block-image size-large\"><img decoding=\"async\" src=\"\/wp\/wp-content\/uploads\/2023\/08\/hachiouji_p62.jpg\" alt=\"\" \/><\/figure>\n","protected":false},"excerpt":{"rendered":"<p>Surugadai Campus Ochanomizu l\u00e0 m\u1ed9t trong nh\u1eefng trung t\u00e2m tr\u00ed tu\u1ec7 c\u1ee7a Nh\u1eadt B\u1ea3n v\u1edbi r\u1ea5t nhi\u1ec1u tr\u01b0\u1eddng \u0111\u1ea1i h\u1ecdc. C\u00f9 [&hellip;]<\/p>\n","protected":false},"author":9,"featured_media":0,"parent":156,"menu_order":0,"comment_status":"closed","ping_status":"closed","template":"page-templates\/hanyo.php","meta":{"_acf_changed":false,"inline_featured_image":false,"footnotes":""},"class_list":{"0":"post-208","1":"page","2":"type-page","3":"status-publish","5":"c-entry"},"acf":[],"_links":{"self":[{"href":"https:\/\/www.dhw.ac.jp\/vn\/wp-json\/wp\/v2\/pages\/208","targetHints":{"allow":["GET"]}}],"collection":[{"href":"https:\/\/www.dhw.ac.jp\/vn\/wp-json\/wp\/v2\/pages"}],"about":[{"href":"https:\/\/www.dhw.ac.jp\/vn\/wp-json\/wp\/v2\/types\/page"}],"author":[{"embeddable":true,"href":"https:\/\/www.dhw.ac.jp\/vn\/wp-json\/wp\/v2\/users\/9"}],"replies":[{"embeddable":true,"href":"https:\/\/www.dhw.ac.jp\/vn\/wp-json\/wp\/v2\/comments?post=208"}],"version-history":[{"count":6,"href":"https:\/\/www.dhw.ac.jp\/vn\/wp-json\/wp\/v2\/pages\/208\/revisions"}],"predecessor-version":[{"id":272,"href":"https:\/\/www.dhw.ac.jp\/vn\/wp-json\/wp\/v2\/pages\/208\/revisions\/272"}],"up":[{"embeddable":true,"href":"https:\/\/www.dhw.ac.jp\/vn\/wp-json\/wp\/v2\/pages\/156"}],"wp:attachment":[{"href":"https:\/\/www.dhw.ac.jp\/vn\/wp-json\/wp\/v2\/media?parent=208"}],"curies":[{"name":"wp","href":"https:\/\/api.w.org\/{rel}","templated":true}]}}