{"id":214,"date":"2024-05-24T17:31:57","date_gmt":"2024-05-24T08:31:57","guid":{"rendered":"https:\/\/www.dhw.ac.jp\/vn\/?page_id=214"},"modified":"2026-04-08T17:41:01","modified_gmt":"2026-04-08T08:41:01","slug":"digest","status":"publish","type":"page","link":"https:\/\/www.dhw.ac.jp\/vn\/about\/digest\/","title":{"rendered":"Tinh th\u1ea7n s\u00e1ng l\u1eadp tr\u01b0\u1eddng"},"content":{"rendered":"\n<h2 class=\"wp-block-heading\">Tinh th\u1ea7n s\u00e1ng l\u1eadp tr\u01b0\u1eddng<\/h2>\n\n\n\n<p>Vi\u1ec7c h\u00ecnh th\u00e0nh v\u00e0 s\u1ebb chia ki\u1ebfn th\u1ee9c v\u1eabn lu\u00f4n l\u00e0 m\u1ed9t ph\u1ea7n c\u1ee7a l\u1ecbch s\u1eed nh\u00e2n lo\u1ea1i, \u0111\u1ed3ng th\u1eddi c\u0169ng l\u00e0 ti\u00eau chu\u1ea9n cho m\u1ed9t n\u1ec1n v\u0103n h\u00f3a, v\u0103n minh ph\u00e1t tri\u1ec3n. \u0110\u1ea1i h\u1ecdc Digital Hollywood \u0111\u1eb7t tr\u1ecdng t\u00e2m v\u00e0o vi\u1ec7c ph\u00e1t tri\u1ec3n nh\u00e2n t\u00e0i c\u00f3 kh\u1ea3 n\u0103ng th\u00fac \u0111\u1ea9y s\u1ef1 ph\u00e1t tri\u1ec3n c\u1ee7a lo\u00e0i ng\u01b0\u1eddi trong ph\u01b0\u01a1ng di\u1ec7n th\u1ec3 hi\u1ec7n tri th\u1ee9c v\u00e0 giao l\u01b0u v\u1edbi ng\u01b0\u1eddi kh\u00e1c, t\u1eeb \u0111\u00f3 b\u1ea3o \u0111\u1ea3m s\u1ef1 ph\u00e1t tri\u1ec3n th\u1ecbnh v\u01b0\u1ee3ng c\u1ee7a lo\u00e0i ng\u01b0\u1eddi trong t\u01b0\u01a1ng lai.<\/p>\n\n\n\n<h2 class=\"wp-block-heading\">S\u1ee9 m\u1ec7nh &#8211; m\u1ee5c \u0111\u00edch<\/h2>\n\n\n\n<p>C\u0103n c\u1ee9 v\u00e0o lu\u1eadt gi\u00e1o d\u1ee5c c\u01a1 b\u1ea3n, tr\u01b0\u1eddng l\u1ea5y vi\u1ec7c gi\u00e1o d\u1ee5c ch\u00e2n thi\u1ec7n m\u1ef9 l\u00e0m c\u0103n b\u1ea3n \u0111\u1ec3 gi\u1ea3ng d\u1ea1y, b\u00ean c\u1ea1nh vi\u1ec7c ph\u00e1t tri\u1ec3n nghi\u00ean c\u1ee9u, nh\u00e0 tr\u01b0\u1eddng \u0111\u00e0o t\u1ea1o nh\u1eefng nh\u00e2n t\u00e0i c\u1ed1ng hi\u1ebfn cho x\u00e3 h\u1ed9i \u0111a s\u1eafc t\u1ed9c. Tr\u01b0\u1eddng quan ni\u1ec7m \u0111\u00f3ng g\u00f3p cho s\u1ef1 ti\u1ebfn b\u1ed9 v\u0103n ho\u00e1 v\u00e0 s\u1ef1 ph\u00e1t tri\u1ec3n x\u00e3 h\u1ed9i th\u00f4ng qua gi\u00e1o d\u1ee5c l\u00e0 s\u1ee9 m\u1ec7nh c\u1ee7a m\u00ecnh.<\/p>\n\n\n\n<h2 class=\"wp-block-heading\">M\u1ee5c \u0111\u00edch nghi\u00ean c\u1ee9u gi\u00e1o d\u1ee5c<\/h2>\n\n\n\n<p>Khoa Digital Communication \u0111\u1eb7t tr\u1ecdng t\u00e2m gi\u00e1o d\u1ee5c v\u00e0o t\u00ednh s\u00e1ng t\u1ea1o, ICT v\u00e0 ti\u1ebfng Anh. M\u1ee5c ti\u00eau c\u1ee7a khoa l\u00e0 \u0111\u00f3ng g\u00f3p cho c\u1ed9ng \u0111\u1ed3ng qu\u1ed1c t\u1ebf \u0111\u1ed9i ng\u0169 nh\u00e2n t\u00e0i c\u00f3 kh\u1ea3 n\u0103ng ph\u00e1n \u0111o\u00e1n, kh\u1ea3 n\u0103ng s\u00e1ng t\u1ea1o v\u00e0 giao ti\u1ebfp th\u00f4ng qua vi\u1ec7c nghi\u00ean c\u1ee9u k\u1ef9 thu\u1eadt chuy\u00ean m\u00f4n v\u00e0 b\u1ed3i d\u01b0\u1ee1ng ki\u1ebfn th\u1ee9c x\u00e3 h\u1ed9i.<\/p>\n\n\n\n<figure class=\"wp-block-flexible-table-block-table\"><table class=\"has-fixed-layout\" style=\"width:100%\"><tbody><tr><th style=\"vertical-align:top;width:26%\"><strong>T\u00ean tr\u01b0\u1eddng<\/strong><\/th><td style=\"vertical-align:top;width:26%\">\u0110\u1ea1i h\u1ecdc Digital Hollywood<\/td><\/tr><tr><th style=\"vertical-align:top;width:26%\"><strong>\u0110\u1ecba \u0111i\u1ec3m<\/strong><\/th><td style=\"vertical-align:top;width:26%\">Surugadai Campus<br>\nTokyo, Chiyoda-ku, Ochanomizu 4-6 Ochanomizu Sola city Academia 3F\/4F\n<\/td><\/tr><tr><th style=\"vertical-align:top;width:26%\"><strong>Lo\u1ea1i h\u00ecnh tr\u01b0\u1eddng h\u1ecdc<\/strong><\/th><td style=\"vertical-align:top;width:26%\">\u0110\u1ea1i h\u1ecdc 4 n\u0103m<\/td><\/tr><tr><th style=\"vertical-align:top;width:26%\"><strong>Kh\u00f3a h\u1ecdc<\/strong><\/th><td style=\"vertical-align:top;width:26%\">Khoa giao ti\u1ebfp s\u1ed1<br>\nNg\u00e0nh n\u1ed9i dung s\u1ed1 (C\u1eed nh\u00e2n n\u1ed9i dung s\u1ed1)<\/td><\/tr><tr><th style=\"vertical-align:top;width:26%\"><strong>S\u1ed1 t\u00edn ch\u1ec9 c\u1ea7n \u0111\u1ec3 t\u1ed1t nghi\u1ec7p<\/strong><\/th><td style=\"vertical-align:top;width:26%\">124<\/td><\/tr><tr><th style=\"vertical-align:top;width:26%\"><strong>Hi\u1ec7u tr\u01b0\u1edfng<\/strong><\/th><td style=\"vertical-align:top;width:26%\">Fujii Naotaka<\/td><\/tr><tr><th style=\"vertical-align:top;width:26%\"><strong>\u0110\u01a1n v\u1ecb cho ph\u00e9p th\u00e0nh l\u1eadp<\/strong><\/th><td style=\"vertical-align:top;width:26%\">B\u1ed9 Gi\u00e1o d\u1ee5c, V\u0103n h\u00f3a, Th\u1ec3 thao, Khoa h\u1ecdc v\u00e0 C\u00f4ng ngh\u1ec7<\/td><\/tr><tr><th style=\"vertical-align:top;width:26%\"><strong>Ng\u00e0y c\u1ea5p ph\u00e9p<\/strong><\/th><td style=\"vertical-align:top;width:26%\">30\/11\/2004<\/td><\/tr><tr><th style=\"vertical-align:top;width:26%\"><strong>Lo\u1ea1i ph\u00e9p<\/strong><\/th><td style=\"vertical-align:top;width:26%\">\u0110\u1ea1i h\u1ecdc \u0111\u01b0\u1ee3c th\u00e0nh l\u1eadp b\u1edfi doanh nghi\u1ec7p \u0111\u01b0\u1ee3c th\u00f4ng qua b\u1edfi lu\u1eadt s\u1eeda \u0111\u1ed5i c\u1ea5u tr\u00fac v\u1ec1 b\u1ed9 lu\u1eadt \u0111\u1eb7c bi\u1ec7t (\u00e1p d\u1ee5ng \u0110i\u1ec1u kho\u1ea3n 1 c\u1ee7a Lu\u1eadt gi\u00e1o d\u1ee5c tr\u01b0\u1eddng h\u1ecdc)<br>\n\u00c1p d\u1ee5ng Lu\u1eadt s\u1eeda \u0111\u1ed5i c\u1ea5u tr\u00fac c\u00e1c l\u0129nh v\u1ef1c \u0111\u1eb7c bi\u1ec7t, tr\u01b0\u1eddng \u0111\u1ea1i h\u1ecdc ph\u1ea3i tu\u00e2n theo c\u00e1c quy \u0111\u1ecbnh \u0111\u1eb7c bi\u1ec7t<br>\n\u0110\u1ea1i h\u1ecdc \u0111\u01b0\u1ee3c th\u00e0nh l\u1eadp b\u1edfi doanh nghi\u1ec7p<br>\n\u0110\u1ea1i h\u1ecdc \u0111\u01b0\u1ee3c th\u00e0nh l\u1eadp d\u1ef1a v\u00e0o vi\u1ec7c gi\u1ea3m ti\u00eau chu\u1ea9n di\u1ec7n t\u00edch tr\u01b0\u1eddng h\u1ecdc<\/td><\/tr><tr><th style=\"vertical-align:top;width:26%\"><strong>Doanh nghi\u1ec7p th\u00e0nh l\u1eadp<\/strong><\/th><td style=\"vertical-align:top;width:26%\">Digital Hollywood Co.,Ltd<\/td><\/tr><tr><th style=\"vertical-align:top;width:26%\"><strong>Ng\u00e0y th\u00e0nh l\u1eadp<\/strong><\/th><td style=\"vertical-align:top;width:26%\">1\/4\/2005<\/td><\/tr><tr><th style=\"vertical-align:top;width:26%\"><strong>K\u1ef3 nh\u1eadp h\u1ecdc<\/strong><\/th><td style=\"vertical-align:top;width:26%\">Th\u00e1ng 4<\/td><\/tr><tr><th style=\"vertical-align:top;width:26%\"><strong>S\u1ee9c ch\u1ee9a<\/strong><\/th><td style=\"vertical-align:top;width:26%\">1,000 sinh vi\u00ean<\/td><\/tr><\/tbody><\/table><\/figure>\n","protected":false},"excerpt":{"rendered":"<p>Tinh th\u1ea7n s\u00e1ng l\u1eadp tr\u01b0\u1eddng Vi\u1ec7c h\u00ecnh th\u00e0nh v\u00e0 s\u1ebb chia ki\u1ebfn th\u1ee9c v\u1eabn lu\u00f4n l\u00e0 m\u1ed9t ph\u1ea7n c\u1ee7a l\u1ecbch s\u1eed nh\u00e2n lo\u1ea1i, \u0111\u1ed3n [&hellip;]<\/p>\n","protected":false},"author":9,"featured_media":0,"parent":156,"menu_order":0,"comment_status":"closed","ping_status":"closed","template":"page-templates\/hanyo.php","meta":{"_acf_changed":false,"inline_featured_image":false,"footnotes":""},"class_list":{"0":"post-214","1":"page","2":"type-page","3":"status-publish","5":"c-entry"},"acf":[],"_links":{"self":[{"href":"https:\/\/www.dhw.ac.jp\/vn\/wp-json\/wp\/v2\/pages\/214","targetHints":{"allow":["GET"]}}],"collection":[{"href":"https:\/\/www.dhw.ac.jp\/vn\/wp-json\/wp\/v2\/pages"}],"about":[{"href":"https:\/\/www.dhw.ac.jp\/vn\/wp-json\/wp\/v2\/types\/page"}],"author":[{"embeddable":true,"href":"https:\/\/www.dhw.ac.jp\/vn\/wp-json\/wp\/v2\/users\/9"}],"replies":[{"embeddable":true,"href":"https:\/\/www.dhw.ac.jp\/vn\/wp-json\/wp\/v2\/comments?post=214"}],"version-history":[{"count":8,"href":"https:\/\/www.dhw.ac.jp\/vn\/wp-json\/wp\/v2\/pages\/214\/revisions"}],"predecessor-version":[{"id":352,"href":"https:\/\/www.dhw.ac.jp\/vn\/wp-json\/wp\/v2\/pages\/214\/revisions\/352"}],"up":[{"embeddable":true,"href":"https:\/\/www.dhw.ac.jp\/vn\/wp-json\/wp\/v2\/pages\/156"}],"wp:attachment":[{"href":"https:\/\/www.dhw.ac.jp\/vn\/wp-json\/wp\/v2\/media?parent=214"}],"curies":[{"name":"wp","href":"https:\/\/api.w.org\/{rel}","templated":true}]}}