{"id":221,"date":"2024-05-24T17:36:25","date_gmt":"2024-05-24T08:36:25","guid":{"rendered":"https:\/\/www.dhw.ac.jp\/vn\/?page_id=221"},"modified":"2024-05-24T17:39:43","modified_gmt":"2024-05-24T08:39:43","slug":"intl","status":"publish","type":"page","link":"https:\/\/www.dhw.ac.jp\/vn\/about\/intl\/","title":{"rendered":"\u0110\u1ed1i t\u00e1c to\u00e0n c\u1ea7u v\u00e0 du h\u1ecdc n\u01b0\u1edbc th\u1ee9 ba"},"content":{"rendered":"\n<h2 class=\"wp-block-heading\">Du h\u1ecdc n\u01b0\u1edbc th\u1ee9 ba<\/h2>\n\n\n\n<p>Sinh vi\u00ean c\u00f3 th\u1ec3 l\u1ef1a ch\u1ecdn ch\u01b0\u01a1ng tr\u00ecnh du h\u1ecdc ph\u00f9 h\u1ee3p v\u1edbi b\u1ea3n th\u00e2n, VD nh\u01b0 ch\u01b0\u01a1ng tr\u00ecnh du h\u1ecdc ph\u00e1i c\u1eed ho\u1eb7c ch\u01b0\u01a1ng tr\u00ecnh du h\u1ecdc ch\u00ednh th\u1ee9c<\/p>\n\n\n\n<h2 class=\"wp-block-heading\">Ch\u01b0\u01a1ng tr\u00ecnh du h\u1ecdc<\/h2>\n\n\n\n<div class=\"wp-block-buttons is-layout-flex wp-block-buttons-is-layout-flex\">\n<div class=\"wp-block-button\"><a class=\"wp-block-button__link wp-element-button\" href=\"\/faculty\/abroad\/\">Du h\u1ecdc n\u01b0\u1edbc ngo\u00e0i<\/a><\/div>\n<\/div>\n\n\n\n<h2 class=\"wp-block-heading\">Ch\u01b0\u01a1ng tr\u00ecnh c\u00e1 nh\u00e2n h\u00f3a<\/h2>\n\n\n\n<p>DHU cung c\u1ea5p c\u00e1c ch\u01b0\u01a1ng tr\u00ecnh \u0111\u01b0\u1ee3c c\u00e1 nh\u00e2n h\u00f3a cho c\u00e1c t\u1ed5 ch\u1ee9c v\u00e0 h\u1ecdc vi\u1ec7n n\u01b0\u1edbc ngo\u00e0i. C\u00e1c ch\u01b0\u01a1ng tr\u00ecnh s\u1ebd \u0111\u01b0\u1ee3c thi\u1ebft k\u1ebf t\u00f9y v\u00e0o nhu c\u1ea7u. M\u1ed9t ch\u01b0\u01a1ng tr\u00ecnh c\u00f3 th\u1ec3 k\u00e9o d\u00e0i t\u1eeb ba ng\u00e0y \u0111\u1ebfn m\u1ed9t th\u00e1ng. Gi\u1ea3ng vi\u00ean l\u00e0 c\u00e1c chuy\u00ean gia trong ng\u00e0nh s\u1ebd \u0111\u01b0\u1ee3c ch\u00fang t\u00f4i l\u1ef1a ch\u1ecdn d\u1ef1a theo m\u00f4n h\u1ecdc. B\u00e0i gi\u1ea3ng, workshop v\u00e0 ho\u1ea1t \u0111\u1ed9ng s\u1ebd \u0111\u01b0\u1ee3c ti\u1ebfn h\u00e0nh b\u1eb1ng ti\u1ebfng Nh\u1eadt c\u00f3 k\u00e8m d\u1ecbch ti\u1ebfng Anh. Ch\u01b0\u01a1ng tr\u00ecnh s\u1ebd \u0111\u01b0\u1ee3c th\u1ef1c hi\u1ec7n t\u1ea1i Surugadai campus.<\/p>\n","protected":false},"excerpt":{"rendered":"<p>Du h\u1ecdc n\u01b0\u1edbc th\u1ee9 ba Sinh vi\u00ean c\u00f3 th\u1ec3 l\u1ef1a ch\u1ecdn ch\u01b0\u01a1ng tr\u00ecnh du h\u1ecdc ph\u00f9 h\u1ee3p v\u1edbi b\u1ea3n th\u00e2n, VD nh\u01b0 ch\u01b0\u01a1ng tr\u00ecnh du  [&hellip;]<\/p>\n","protected":false},"author":9,"featured_media":0,"parent":156,"menu_order":0,"comment_status":"closed","ping_status":"closed","template":"page-templates\/hanyo.php","meta":{"_acf_changed":false,"inline_featured_image":false,"footnotes":""},"class_list":{"0":"post-221","1":"page","2":"type-page","3":"status-publish","5":"c-entry"},"acf":[],"_links":{"self":[{"href":"https:\/\/www.dhw.ac.jp\/vn\/wp-json\/wp\/v2\/pages\/221","targetHints":{"allow":["GET"]}}],"collection":[{"href":"https:\/\/www.dhw.ac.jp\/vn\/wp-json\/wp\/v2\/pages"}],"about":[{"href":"https:\/\/www.dhw.ac.jp\/vn\/wp-json\/wp\/v2\/types\/page"}],"author":[{"embeddable":true,"href":"https:\/\/www.dhw.ac.jp\/vn\/wp-json\/wp\/v2\/users\/9"}],"replies":[{"embeddable":true,"href":"https:\/\/www.dhw.ac.jp\/vn\/wp-json\/wp\/v2\/comments?post=221"}],"version-history":[{"count":5,"href":"https:\/\/www.dhw.ac.jp\/vn\/wp-json\/wp\/v2\/pages\/221\/revisions"}],"predecessor-version":[{"id":226,"href":"https:\/\/www.dhw.ac.jp\/vn\/wp-json\/wp\/v2\/pages\/221\/revisions\/226"}],"up":[{"embeddable":true,"href":"https:\/\/www.dhw.ac.jp\/vn\/wp-json\/wp\/v2\/pages\/156"}],"wp:attachment":[{"href":"https:\/\/www.dhw.ac.jp\/vn\/wp-json\/wp\/v2\/media?parent=221"}],"curies":[{"name":"wp","href":"https:\/\/api.w.org\/{rel}","templated":true}]}}