{"id":227,"date":"2024-05-24T17:51:05","date_gmt":"2024-05-24T08:51:05","guid":{"rendered":"https:\/\/www.dhw.ac.jp\/vn\/?page_id=227"},"modified":"2024-05-30T11:49:08","modified_gmt":"2024-05-30T02:49:08","slug":"expert","status":"publish","type":"page","link":"https:\/\/www.dhw.ac.jp\/vn\/academics\/expert\/","title":{"rendered":"\u0110\u00e0o t\u1ea1o chuy\u00ean nghi\u1ec7p"},"content":{"rendered":"\n<p>H\u1ecdc t\u1eadp nh\u1eefng c\u00e1ch th\u1ee9c bi\u1ec3u \u0111\u1ea1t k\u1ef9 thu\u1eadt s\u1ed1 kh\u00e1c nhau, ti\u1ebfp thu ki\u1ebfn th\u1ee9c v\u00e0 k\u1ef9 n\u0103ng t\u1eeb nh\u1eefng \u0111i\u1ec1u c\u01a1 b\u1ea3n<\/p>\n\n\n\n<h2 class=\"wp-block-heading\">3DCG\/VFX<\/h2>\n\n\n\n<h3 class=\"wp-block-heading\">Ti\u1ebfp thu k\u1ef9 thu\u1eadt 3DCG v\u00e0 VFX t\u00e2n ti\u1ebfn \u0111\u00f3ng vai tr\u00f2 quan tr\u1ecdng v\u1edbi tr\u00f2 ch\u01a1i, anime v\u00e0 phim.<\/h3>\n\n\n\n<p>3DCG \u0111\u01b0\u1ee3c \u1ee9ng d\u1ee5ng trong nhi\u1ec1u l\u0129nh v\u1ef1c, bao g\u1ed3m tr\u00f2 ch\u01a1i, anime, phim, d\u01b0\u1ee3c v\u00e0 thi\u1ebft k\u1ebf c\u00f4ng nghi\u1ec7p. Ch\u01b0\u01a1ng tr\u00ecnh h\u1ecdc s\u1ebd truy\u1ec1n \u0111\u1ea1t cho sinh vi\u00ean nh\u1eefng ki\u1ebfn th\u1ee9c c\u01a1 b\u1ea3n c\u1ee7a 3DCG v\u00e0 gi\u00fap sinh vi\u00ean ph\u00e1t tri\u1ec3n k\u1ef9 n\u0103ng d\u1ef1ng m\u00f4 h\u00ecnh v\u00e0 ho\u1ea1t h\u1ecda. Sinh vi\u00ean c\u0169ng s\u1ebd \u0111\u01b0\u1ee3c h\u1ecdc v\u1ec1 VFX (hi\u1ec7u \u1ee9ng h\u00ecnh \u1ea3nh) th\u01b0\u1eddng \u0111\u01b0\u1ee3c s\u1eed d\u1ee5ng trong c\u00e1c b\u1ed9 phim Hollywood. Kh\u00e1m ph\u00e1 nh\u1eefng \u0111i\u1ec1u th\u00fa v\u1ecb c\u1ee7a \u0111\u1ed3 h\u1ecda m\u00e1y t\u00ednh v\u00e0 s\u1ef1 t\u1ef1 do \u0111\u01b0\u1ee3c s\u00e1ng t\u1ea1o nh\u1eefng th\u1ee9 b\u1ea1n t\u01b0\u1edfng t\u01b0\u1ee3ng ra. <\/p>\n\n\n\n<figure class=\"wp-block-gallery has-nested-images columns-default is-cropped wp-block-gallery-1 is-layout-flex wp-block-gallery-is-layout-flex\">\n<figure class=\"wp-block-image size-large\"><img decoding=\"async\" data-id=\"415\" src=\"\/wp\/wp-content\/uploads\/2023\/07\/img16.jpg\" alt=\"\" class=\"wp-image-415\" \/><\/figure>\n\n\n\n<figure class=\"wp-block-image size-large\"><img decoding=\"async\" data-id=\"314\" src=\"\/wp\/wp-content\/uploads\/2023\/07\/img18.jpg\" alt=\"\" class=\"wp-image-314\" \/><\/figure>\n\n\n\n<figure class=\"wp-block-image size-large\"><img decoding=\"async\" data-id=\"217\" src=\"\/wp\/wp-content\/uploads\/2023\/07\/img17.jpg\" alt=\"\" class=\"wp-image-217\" \/><\/figure>\n<\/figure>\n\n\n\n<h2 class=\"wp-block-heading\">L\u1eadp tr\u00ecnh game<\/h2>\n\n\n\n<h3 class=\"wp-block-heading\">S\u00e1ng t\u1ea1o nh\u1eefng n\u1ed9i dung l\u00e0m ng\u01b0\u1eddi d\u00f9ng v\u00e0 ng\u01b0\u1eddi ch\u01a1i c\u1ea3m \u0111\u1ed9ng<\/h3>\n\n\n\n<p>Nh\u1eefng k\u1ef9 s\u01b0 trong ng\u00e0nh s\u1ebd d\u1ea1y sinh vi\u00ean c\u00e1c ph\u1ea7n m\u1ec1m game (Unity, Unreal Engine) v\u00e0 ng\u00f4n ng\u1eef l\u1eadp tr\u00ecnh (Python, C#, JavaScript, etc.). Sinh vi\u00ean s\u1ebd h\u1ecdc l\u1eadp tr\u00ecnh c\u01a1 b\u1ea3n v\u00e0 c\u00e1ch s\u1eed d\u1ee5ng c\u00e1c c\u00f4ng c\u1ee5, v\u00ec v\u1eady m\u00e0 ng\u01b0\u1eddi m\u1edbi b\u1eaft \u0111\u1ea7u c\u0169ng s\u1ebd kh\u00f4ng g\u1eb7p tr\u1edf ng\u1ea1i g\u00ec khi h\u1ecdc t\u1eadp. H\u00e3y th\u00e1ch th\u1ee9c c\u00f4ng ngh\u1ec7 v\u00e0 c\u00f4ng c\u1ee5 m\u1edbi, t\u1eeb \u0111\u00f3 t\u1ea1o ra nh\u1eefng n\u1ed9i dung khi\u1ebfn ng\u01b0\u1eddi d\u00f9ng v\u00e0 ng\u01b0\u1eddi ch\u01a1i c\u1ea3m \u0111\u1ed9ng.<\/p>\n\n\n\n<figure class=\"wp-block-gallery has-nested-images columns-default is-cropped wp-block-gallery-2 is-layout-flex wp-block-gallery-is-layout-flex\">\n<figure class=\"wp-block-image size-large\"><img decoding=\"async\" data-id=\"415\" src=\"\/wp\/wp-content\/uploads\/2023\/08\/main-game.jpg\" alt=\"\" class=\"wp-image-415\" \/><\/figure>\n\n\n\n<figure class=\"wp-block-image size-large\"><img decoding=\"async\" data-id=\"315\" src=\"\/wp\/wp-content\/uploads\/2023\/07\/DSC03752.jpg\" alt=\"\" class=\"wp-image-315\" \/><\/figure>\n\n\n\n<figure class=\"wp-block-image size-large\"><img decoding=\"async\" data-id=\"314\" src=\"\/wp\/wp-content\/uploads\/2023\/07\/DSC06357.jpg\" alt=\"\" class=\"wp-image-314\" \/><\/figure>\n<\/figure>\n\n\n\n<h2 class=\"wp-block-heading\">L\u00e0m phim<\/h2>\n\n\n\n<h3 class=\"wp-block-heading\">Ti\u1ebfp thu \u0111a d\u1ea1ng c\u00e1c k\u1ef9 n\u0103ng t\u1eeb l\u00ean k\u1ebf ho\u1ea1ch \u0111\u1ebfn quay phim ng\u01b0\u1eddi th\u1eadt, h\u1eadu k\u1ef3 v\u00e0 kinh doanh phim \u1ea3nh.<\/h3>\n\n\n\n<p>Ngo\u00e0i c\u00e1c ph\u01b0\u01a1ng th\u1ee9c truy\u1ec1n th\u00f4ng truy\u1ec1n th\u1ed1ng nh\u01b0 phim \u1ea3nh v\u00e0 TV, ng\u00e0nh c\u00f4ng nghi\u1ec7p h\u00ecnh \u1ea3nh \u0111\u00e3 m\u1edf r\u1ed9ng ra c\u00e1c website, thi\u1ebft b\u1ecb \u0111i\u1ec7n tho\u1ea1i v\u00e0 vi\u1ec7c s\u1ed1 h\u00f3a \u0111ang ng\u00e0y c\u00e0ng ph\u00e1t tri\u1ec3n. <\/p>\n\n\n\n<figure class=\"wp-block-gallery has-nested-images columns-default is-cropped wp-block-gallery-3 is-layout-flex wp-block-gallery-is-layout-flex\">\n<figure class=\"wp-block-image size-large\"><img decoding=\"async\" data-id=\"415\" src=\"\/wp\/wp-content\/uploads\/2023\/08\/DSC05349.jpg-1-scaled.jpeg\" alt=\"\" class=\"wp-image-415\" \/><\/figure>\n\n\n\n<figure class=\"wp-block-image size-large\"><img decoding=\"async\" data-id=\"315\" src=\"\/wp\/wp-content\/uploads\/2023\/08\/DSC07479.jpg-scaled.jpeg\" alt=\"\" class=\"wp-image-315\" \/><\/figure>\n\n\n\n<figure class=\"wp-block-image size-large\"><img decoding=\"async\" data-id=\"314\" src=\"\/wp\/wp-content\/uploads\/2023\/08\/DSC06435-scaled.jpg\" alt=\"\" class=\"wp-image-314\" \/><\/figure>\n<\/figure>\n\n\n\n<h2 class=\"wp-block-heading\">Thi\u1ebft k\u1ebf \u0111\u1ed3 h\u1ecda<\/h2>\n\n\n\n<h3 class=\"wp-block-heading\">Ph\u00e1t tri\u1ec3n kh\u1ea3 n\u0103ng t\u01b0 duy linh \u0111\u1ed9ng v\u00e0 n\u0103ng l\u1ef1c bi\u1ec3u \u0111\u1ea1t phong ph\u00fa c\u1ea7n thi\u1ebft v\u1edbi m\u1ed9t nh\u00e0 thi\u1ebft k\u1ebf chuy\u00ean nghi\u1ec7p<\/h3>\n\n\n\n<p>Thi\u1ebft k\u1ebf \u0111\u1ed3 h\u1ecda truy\u1ec1n \u0111\u1ea1t th\u00f4ng \u0111i\u1ec7p qua ch\u1eef c\u00e1i, minh h\u1ecda, \u1ea3nh v\u00e0 m\u00e0u s\u1eafc; \u0111\u01b0\u1ee3c s\u1eed d\u1ee5ng trong cu\u1ed9c s\u1ed1ng h\u00e0ng ng\u00e0y d\u01b0\u1edbi d\u1ea1ng s\u00e1ch v\u1edf, poster, qu\u1ea3ng c\u00e1o, catalouge, bao b\u00ec s\u1ea3n ph\u1ea9m, logo v\u00e0 nhi\u1ec1u h\u01a1n th\u1ebf n\u1eefa. C\u00f9ng v\u1edbi s\u1ef1 ph\u00e1t tri\u1ec3n c\u1ee7a truy\u1ec1n th\u00f4ng s\u1ed1, hi\u1ec7n nay c\u00e0ng c\u1ea7n nhi\u1ec1u k\u1ef9 thu\u1eadt truy\u1ec1n \u0111\u1ea1t h\u01a1n nh\u01b0 \u1ee9ng d\u1ee5ng web, \u1ea5n ph\u1ea9m \u0111i\u1ec7n t\u1eed v\u00e0 motion graphic. Ch\u00fang t\u00f4i nu\u00f4i d\u01b0\u1ee1ng c\u00e1c nh\u00e0 thi\u1ebft k\u1ebf v\u1edbi tr\u00ed t\u01b0\u1edfng t\u01b0\u1ee3ng phong ph\u00fa v\u00e0 n\u0103ng l\u1ef1c bi\u1ec3u \u0111\u1ea1t m\u1ea1nh m\u1ebd; nh\u1eefng ng\u01b0\u1eddi c\u00f3 th\u1ec3 gia t\u0103ng gi\u00e1 tr\u1ecb s\u1ea3n ph\u1ea9m h\u01a1n l\u00e0 ch\u1ec9 thi\u1ebft k\u1ebf.<\/p>\n\n\n\n<figure class=\"wp-block-gallery has-nested-images columns-default is-cropped wp-block-gallery-4 is-layout-flex wp-block-gallery-is-layout-flex\">\n<figure class=\"wp-block-image size-large\"><img decoding=\"async\" data-id=\"415\" src=\"\/wp\/wp-content\/uploads\/2023\/08\/DSC00995.jpg-1-scaled.jpeg\" alt=\"\" class=\"wp-image-415\" \/><\/figure>\n\n\n\n<figure class=\"wp-block-image size-large\"><img decoding=\"async\" data-id=\"315\" src=\"\/wp\/wp-content\/uploads\/2023\/08\/DSC05607.jpg-1-1-scaled.jpeg\" alt=\"\" class=\"wp-image-315\" \/><\/figure>\n\n\n\n<figure class=\"wp-block-image size-large\"><img decoding=\"async\" data-id=\"314\" src=\"\/wp\/wp-content\/uploads\/2023\/08\/DSC05593.jpg-scaled.jpeg\" alt=\"\" class=\"wp-image-314\" \/><\/figure>\n<\/figure>\n\n\n\n<h2 class=\"wp-block-heading\">Anime<\/h2>\n\n\n\n<h3 class=\"wp-block-heading\">Ti\u1ebfp thu c\u00e1c ki\u1ebfn th\u1ee9c t\u1eeb ch\u1ebf t\u00e1c video \u0111\u1ebfn s\u1ea3n xu\u1ea5t, v\u00e0 ph\u00e1t tri\u1ec3n c\u00e1c k\u1ef9 n\u0103ng \u0111\u1ec3 th\u00e0nh c\u00f4ng trong ng\u00e0nh<\/h3>\n\n\n\n<p>Anime l\u00e0 n\u1ec1n v\u0103n h\u00f3a Nh\u1eadt B\u1ea3n t\u1ef1 h\u00e0o v\u1edbi th\u1ebf gi\u1edbi, \u0111\u1ed3ng th\u1eddi c\u0169ng l\u00e0 l\u0129nh v\u1ef1c \u0111\u00f3ng vai tr\u00f2 trung t\u00e2m trong ng\u00e0nh c\u00f4ng nghi\u1ec7p n\u1ed9i dung qu\u1ed1c n\u1ed9i. DHU \u0111em \u0111\u1ebfn ch\u01b0\u01a1ng tr\u00ecnh h\u1ecdc \u0111\u1ec3 sinh vi\u00ean ti\u1ebfp thu \u0111\u01b0\u1ee3c c\u00e1c k\u1ef9 n\u0103ng v\u00e0 ki\u1ebfn th\u1ee9c c\u1ea7n thi\u1ebft \u0111\u1ec3 h\u1ed7 tr\u1ee3 cho th\u1ebf h\u1ec7 ti\u1ebfp theo c\u1ee7a ng\u00e0nh c\u00f4ng nghi\u1ec7p anime; bao g\u1ed3m h\u1ecda s\u0129, nh\u00e0 s\u1ea3n xu\u1ea5t, bi\u00ean k\u1ecbch, \u0111\u1ea1o di\u1ec5n v.v Sinh vi\u00ean c\u00f3 th\u1ec3 ti\u1ebfp thu c\u00e1c k\u1ef9 thu\u1eadt thay \u0111\u1ed5i theo th\u1eddi gian 2D, 3D, cel look v.v.<\/p>\n\n\n\n<figure class=\"wp-block-gallery has-nested-images columns-default is-cropped wp-block-gallery-5 is-layout-flex wp-block-gallery-is-layout-flex\">\n<figure class=\"wp-block-image size-large\"><img decoding=\"async\" data-id=\"415\" src=\"\/wp\/wp-content\/uploads\/2023\/07\/DSC04627.jpg\" alt=\"\" class=\"wp-image-415\" \/><\/figure>\n\n\n\n<figure class=\"wp-block-image size-large\"><img decoding=\"async\" data-id=\"314\" src=\"\/wp\/wp-content\/uploads\/2023\/07\/DSC04701.jpg\" alt=\"\" class=\"wp-image-314\" \/><\/figure>\n\n\n\n<figure class=\"wp-block-image size-large\"><img decoding=\"async\" data-id=\"315\" src=\"\/wp\/wp-content\/uploads\/2023\/07\/DSC00727.jpg\" alt=\"\" class=\"wp-image-315\" \/><\/figure>\n<\/figure>\n\n\n\n<h2 class=\"wp-block-heading\">Web<\/h2>\n\n\n\n<h3 class=\"wp-block-heading\">Ti\u1ebfp nh\u1eadn ki\u1ebfn th\u1ee9c v\u00e0 k\u1ef9 n\u0103ng \u0111\u1ec3 d\u1eabn \u0111\u1ea7u trong ng\u00e0nh c\u00f4ng nghi\u1ec7p web<\/h3>\n\n\n\n<p>Ng\u00e0nh c\u00f4ng nghi\u1ec7p web v\u1eabn lu\u00f4n ti\u1ebfp t\u1ee5c ph\u00e1t tri\u1ec3n v\u1edbi m\u1ed9t t\u1ed1c \u0111\u1ed9 nhanh ch\u00f3ng. C\u00f9ng v\u1edbi \u0111\u00f3 l\u00e0 s\u1ef1 ph\u1ed5 bi\u1ebfn c\u1ee7a \u0111i\u1ec7n tho\u1ea1i th\u00f4ng minh v\u00e0 SNS, c\u00e1c d\u1ecbch v\u1ee5 s\u1eed d\u1ee5ng web 3.0 nh\u01b0 NFT v\u00e0 Metaverse \u0111\u01b0\u1ee3c m\u1edf r\u1ed9ng. Th\u1ebf m\u1ea1nh c\u1ee7a DHU l\u00e0 kh\u1ea3 n\u0103ng c\u00f3 \u0111\u01b0\u1ee3c nh\u1eefng ki\u1ebfn th\u1ee9c v\u00e0 k\u1ef9 n\u0103ng c\u1eadp nh\u1eadt nh\u1ea5t trong ng\u00e0nh, bao g\u1ed3m k\u1ef9 thu\u1eadt l\u1eadp tr\u00ecnh m\u00e1y t\u00ednh b\u1eb1ng HTML\/CSS\/JavaScript, k\u1ef9 thu\u1eadt thi\u1ebft k\u1ebf s\u1eed d\u1ee5ng Photoshop v\u00e0 Illustrator, c\u0169ng nh\u01b0 t\u01b0 duy marketing nh\u01b0 SEO; DHU h\u01b0\u1edbng t\u1edbi vi\u1ec7c ph\u00e1t tri\u1ec3n kh\u1ea3 n\u0103ng c\u1ee7a sinh vi\u00ean trong l\u0129nh v\u1ef1c web.<\/p>\n\n\n\n<figure class=\"wp-block-gallery has-nested-images columns-default is-cropped wp-block-gallery-6 is-layout-flex wp-block-gallery-is-layout-flex\">\n<figure class=\"wp-block-image size-large\"><img decoding=\"async\" data-id=\"415\" src=\"\/wp\/wp-content\/uploads\/2023\/07\/DSC04555.jpg\" alt=\"\" class=\"wp-image-415\" \/><\/figure>\n\n\n\n<figure class=\"wp-block-image size-large\"><img decoding=\"async\" data-id=\"315\" src=\"\/wp\/wp-content\/uploads\/2023\/07\/DSC04287.jpg\" alt=\"\" class=\"wp-image-315\" \/><\/figure>\n\n\n\n<figure class=\"wp-block-image size-large\"><img decoding=\"async\" data-id=\"314\" src=\"\/wp\/wp-content\/uploads\/2023\/07\/DSC00595.jpg\" alt=\"\" class=\"wp-image-314\" \/><\/figure>\n<\/figure>\n\n\n\n<h2 class=\"wp-block-heading\">VR \/ AR \/ Ngh\u1ec7 thu\u1eadt s\u1ed1<\/h2>\n\n\n\n<h3 class=\"wp-block-heading\">Th\u00e1ch th\u1ee9c c\u00e1c ng\u00f4n ng\u1eef truy\u1ec1n th\u00f4ng \u0111\u01b0\u01a1ng \u0111\u1ea1i v\u00e0 l\u00e0m phong ph\u00fa th\u00eam hi\u1ec7n th\u1ef1c<\/h3>\n\n\n\n<p>XR (cross-tech) l\u00e0 k\u1ef9 thu\u1eadt dung h\u1ee3p th\u1ebf gi\u1edbi th\u1eadt v\u00e0 th\u1ebf gi\u1edbi \u1ea3o nh\u01b0 VR v\u00e0 AR. Ngh\u1ec7 thu\u1eadt s\u1ed1 l\u00e0 lo\u1ea1i h\u00ecnh ngh\u1ec7t thu\u1eadt m\u1edbi k\u00edch th\u00edch c\u00e1c gi\u00e1c quan c\u1ee7a con ng\u01b0\u1eddi s\u1eed d\u1ee5ng s\u1ee9c m\u1ea1nh c\u00f4ng ngh\u1ec7 nh\u01b0 l\u00e0 m\u00e1y t\u00ednh v\u00e0 c\u00e1c thi\u1ebft b\u1ecb \u0111i\u1ec7n t\u1eed. DHU t\u1eadp h\u1ee3p nh\u1eefng ng\u01b0\u1eddi y\u00eau th\u00edch vi\u1ec7c nghi\u00ean c\u1ee9u v\u00e0 t\u1ea1o ra c\u00e1c ng\u00f4n ng\u1eef truy\u1ec1n th\u00f4ng v\u00e0 n\u1ed9i dung ch\u01b0a t\u1eebng t\u1ed3n t\u1ea1i tr\u00ean th\u1ebf gi\u1edbi. V\u00ec v\u1eady m\u00e0 sinh vi\u00ean c\u00f3 th\u1ec3 th\u1eed s\u1ee9c nhi\u1ec1u l\u1ea7n v\u00e0 \u0111i \u0111\u1ebfn g\u1ea7n v\u1edbi l\u00fd t\u01b0\u1edfng c\u1ee7a m\u00ecnh h\u01a1n.<\/p>\n\n\n\n<figure class=\"wp-block-gallery has-nested-images columns-default is-cropped wp-block-gallery-7 is-layout-flex wp-block-gallery-is-layout-flex\">\n<figure class=\"wp-block-image size-large\"><img decoding=\"async\" data-id=\"415\" src=\"\/wp\/wp-content\/uploads\/2023\/07\/DSC05390.jpg\" alt=\"\" class=\"wp-image-415\" \/><\/figure>\n\n\n\n<figure class=\"wp-block-image size-large\"><img decoding=\"async\" data-id=\"315\" src=\"\/wp\/wp-content\/uploads\/2023\/07\/DSC07133.jpg\" alt=\"\" class=\"wp-image-315\" \/><\/figure>\n\n\n\n<figure class=\"wp-block-image size-large\"><img decoding=\"async\" data-id=\"314\" src=\"\/wp\/wp-content\/uploads\/2023\/07\/3ecd268b0c8fa11acc18c9d800fc4153.jpg\" alt=\"\" class=\"wp-image-314\" \/><\/figure>\n<\/figure>\n\n\n\n<h2 class=\"wp-block-heading\">Qu\u1ea3ng c\u00e1o &amp; Kh\u1edfi nghi\u1ec7p<\/h2>\n\n\n\n<h3 class=\"wp-block-heading\">H\u1ecdc v\u1ec1 qu\u1ea3n l\u00fd, marketing, qu\u1ea3ng c\u00e1o, quan h\u1ec7 c\u00f4ng ch\u00fang \u0111\u1ec3 t\u1ea1o ra c\u00f4ng vi\u1ec7c kinh doanh n\u1ed9i dung m\u1edbi<\/h3>\n\n\n\n<p>Khi b\u1eaft \u0111\u1ea7u m\u1ed9t d\u1ecbch v\u1ee5 ho\u1eb7c m\u1ed9t n\u1ed9i dung m\u1edbi, bi\u1ebft \u0111\u01b0\u1ee3c l\u00e0m th\u1ebf n\u00e0o \u0111\u1ec3 b\u00e1n ch\u00fang l\u00e0 m\u1ed9t k\u1ef9 n\u0103ng quan tr\u1ecdng. T\u1ea1i DHU, sinh vi\u00ean s\u1ebd \u0111\u01b0\u1ee3c h\u1ecdc v\u1ec1 k\u1ebf to\u00e1n, quan h\u1ec7 c\u00f4ng ch\u00fang, qu\u1ea3ng c\u00e1o v\u00e0 c\u00e1c k\u1ef9 n\u0103ng kinh doanh kh\u00e1c c\u1ea7n thi\u1ebft \u0111\u1ec3 t\u1ea1o ra c\u00f4ng vi\u1ec7c n\u1ed9i dung m\u1edbi. Sinh vi\u00ean c\u0169ng s\u1ebd \u0111\u01b0\u1ee3c t\u00ecm hi\u1ec3u v\u1ec1 xu h\u01b0\u1edbng m\u1edbi trong ng\u00e0nh c\u00f4ng nghi\u1ec7p n\u1ed9i dung nh\u01b0 marketing k\u1ef9 thu\u1eadt s\u1ed1 v\u00e0 m\u1ea1ng x\u00e3 h\u1ed9i.<\/p>\n\n\n\n<figure class=\"wp-block-gallery has-nested-images columns-default is-cropped wp-block-gallery-8 is-layout-flex wp-block-gallery-is-layout-flex\">\n<figure class=\"wp-block-image size-large\"><img decoding=\"async\" data-id=\"415\" src=\"\/wp\/wp-content\/uploads\/2023\/07\/DSC06036-scaled.jpg\" alt=\"\" class=\"wp-image-415\" \/><\/figure>\n\n\n\n<figure class=\"wp-block-image size-large\"><img decoding=\"async\" data-id=\"315\" src=\"\/wp\/wp-content\/uploads\/2023\/07\/DSC06293-scaled.jpg\" alt=\"\" class=\"wp-image-315\" \/><\/figure>\n\n\n\n<figure class=\"wp-block-image size-large\"><img decoding=\"async\" data-id=\"314\" src=\"\/wp\/wp-content\/uploads\/2023\/07\/DSC05827-scaled.jpg\" alt=\"\" class=\"wp-image-314\" \/><\/figure>\n<\/figure>\n","protected":false},"excerpt":{"rendered":"<p>H\u1ecdc t\u1eadp nh\u1eefng c\u00e1ch th\u1ee9c bi\u1ec3u \u0111\u1ea1t k\u1ef9 thu\u1eadt s\u1ed1 kh\u00e1c nhau, ti\u1ebfp thu ki\u1ebfn th\u1ee9c v\u00e0 k\u1ef9 n\u0103ng t\u1eeb nh\u1eefng \u0111i\u1ec1u c\u01a1 b\u1ea3n 3DC [&hellip;]<\/p>\n","protected":false},"author":9,"featured_media":0,"parent":172,"menu_order":0,"comment_status":"closed","ping_status":"closed","template":"page-templates\/hanyo.php","meta":{"_acf_changed":false,"inline_featured_image":false,"footnotes":""},"class_list":{"0":"post-227","1":"page","2":"type-page","3":"status-publish","5":"c-entry"},"acf":[],"_links":{"self":[{"href":"https:\/\/www.dhw.ac.jp\/vn\/wp-json\/wp\/v2\/pages\/227","targetHints":{"allow":["GET"]}}],"collection":[{"href":"https:\/\/www.dhw.ac.jp\/vn\/wp-json\/wp\/v2\/pages"}],"about":[{"href":"https:\/\/www.dhw.ac.jp\/vn\/wp-json\/wp\/v2\/types\/page"}],"author":[{"embeddable":true,"href":"https:\/\/www.dhw.ac.jp\/vn\/wp-json\/wp\/v2\/users\/9"}],"replies":[{"embeddable":true,"href":"https:\/\/www.dhw.ac.jp\/vn\/wp-json\/wp\/v2\/comments?post=227"}],"version-history":[{"count":7,"href":"https:\/\/www.dhw.ac.jp\/vn\/wp-json\/wp\/v2\/pages\/227\/revisions"}],"predecessor-version":[{"id":278,"href":"https:\/\/www.dhw.ac.jp\/vn\/wp-json\/wp\/v2\/pages\/227\/revisions\/278"}],"up":[{"embeddable":true,"href":"https:\/\/www.dhw.ac.jp\/vn\/wp-json\/wp\/v2\/pages\/172"}],"wp:attachment":[{"href":"https:\/\/www.dhw.ac.jp\/vn\/wp-json\/wp\/v2\/media?parent=227"}],"curies":[{"name":"wp","href":"https:\/\/api.w.org\/{rel}","templated":true}]}}