{"id":234,"date":"2024-05-24T17:59:35","date_gmt":"2024-05-24T08:59:35","guid":{"rendered":"https:\/\/www.dhw.ac.jp\/vn\/?page_id=234"},"modified":"2024-06-10T14:35:45","modified_gmt":"2024-06-10T05:35:45","slug":"general","status":"publish","type":"page","link":"https:\/\/www.dhw.ac.jp\/vn\/academics\/general\/","title":{"rendered":"Gi\u00e1o d\u1ee5c \u0111\u1ea1i c\u01b0\u01a1ng"},"content":{"rendered":"\n<h1 class=\"wp-block-heading\">Ti\u1ebfp thu c\u00e1c ki\u1ebfn th\u1ee9c \u0111\u1ea1i c\u01b0\u01a1ng gi\u00fap t\u1ea1o ra \u00fd t\u01b0\u1edfng m\u1edbi v\u00e0 n\u1eafm trong tay s\u1ee9c m\u1ea1nh s\u00e1ng t\u1ea1o kh\u00f4ng bao gi\u1edd ch\u1ebft<\/h1>\n\n\n\n<p>C\u00e1c kh\u00f3a h\u1ecdc \u0111\u1ea1i c\u01b0\u01a1ng c\u1ee7a DHU kh\u00f4ng ch\u1ec9 \u0111\u01a1n thu\u1ea7n l\u00e0 gi\u00e1o d\u1ee5c \u0111\u1ea1i c\u01b0\u01a1ng m\u00e0 l\u00e0 c\u00e1c kh\u00f3a h\u1ecdc d\u00e0nh cho c\u00e1c nh\u00e0 s\u00e1ng t\u1ea1o. M\u1ee5c ti\u00eau ch\u00ednh c\u1ee7a c\u00e1c kh\u00f3a h\u1ecdc n\u00e0y l\u00e0 nh\u1eb1m n\u00e2ng cao ki\u1ebfn th\u1ee9c c\u1ee7a sinh vi\u00ean v\u1ec1 b\u1ea3n ch\u1ea5t c\u1ee7a con ng\u01b0\u1eddi, x\u00e3 h\u1ed9i h\u1ecdc, v\u00e0 khoa h\u1ecdc t\u1ef1 nhi\u00ean. \u0110\u1ed3ng th\u1eddi c\u0169ng \u0111\u1ec3 n\u00e2ng cao s\u1ed1 l\u01b0\u1ee3ng \u00fd t\u01b0\u1edfng s\u00e1ng t\u1ea1o c\u1ee7a sinh vi\u00ean. Sinh vi\u00ean s\u1ebd \u0111\u01b0\u1ee3c h\u1ecdc nh\u1eefng kh\u00f3a h\u1ecdc n\u00e0y t\u1eeb n\u0103m th\u1ee9 hai, sau khi \u0111\u00e3 h\u1ecdc xong c\u00e1c kh\u00f3a h\u1ecdc c\u01a1 b\u1ea3n trong \u0111\u00e0o t\u1ea1o chuy\u00ean nghi\u1ec7p v\u00e0 \u0111\u00e0o t\u1ea1o qu\u1ed1c t\u1ebf. Sinh vi\u00ean c\u00f3 th\u1ec3 ch\u1ecdn kh\u00f3a h\u1ecdc ph\u1ee5 thu\u1ed9c v\u00e0o s\u1edf th\u00edch v\u00e0 l\u1ed9 tr\u00ecnh h\u1ecdc c\u1ee7a m\u00ecnh.<\/p>\n\n\n\n<h2 class=\"wp-block-heading\">H\u1ecdc t\u1eeb n\u0103m th\u1ee9 hai<\/h2>\n\n\n\n<p>T\u1ea1i DHU, sinh vi\u00ean c\u00f3 th\u1ec3 h\u1ecdc c\u00e1c l\u1edbp \u0111\u1ea1i c\u01b0\u01a1ng t\u1eeb n\u0103m th\u1ee9 hai \u0111\u1ebfn n\u0103m th\u1ee9 t\u01b0, thay v\u00ec trong n\u0103m th\u1ee9 nh\u1ea5t v\u00e0 th\u1ee9 hai nh\u01b0 c\u00e1c tr\u01b0\u1eddng \u0111\u1ea1i h\u1ecdc kh\u00e1c. Ch\u00fang t\u00f4i tin r\u1eb1ng trong n\u0103m \u0111\u1ea7u ti\u00ean, \u0111i\u1ec1u quan tr\u1ecdng nh\u1ea5t l\u00e0 sinh vi\u00ean c\u00f3 th\u1ec3 t\u1eadp trung v\u00e0o vi\u1ec7c r\u00e8n luy\u1ec7n k\u1ef9 thu\u1eadt nh\u01b0 l\u00e0m c\u00e1c b\u00e0i t\u1eadp s\u00e1ng t\u1ea1o c\u1ee7a c\u00e1c l\u1edbp \u0111\u00e0o t\u1ea1o chuy\u00ean nghi\u1ec7p. \u0110i\u1ec1u n\u00e0y cho ph\u00e9p sinh vi\u00ean nh\u1eadn ra r\u1eb1ng h\u1ecd c\u1ea7n m\u1ed9t ngu\u1ed3n ki\u1ebfn th\u1ee9c r\u1ed9ng l\u1edbn v\u00e0 t\u1eeb \u0111\u00f3 n\u1ea3y sinh ra mong mu\u1ed1n ti\u1ebfp thu ki\u1ebfn th\u1ee9c.<\/p>\n\n\n\n<h2 class=\"wp-block-heading\">M\u1ed7i m\u00f4n 8 bu\u1ed5i h\u1ecdc: H\u1ea5p thu nh\u1eefng ki\u1ebfn th\u1ee9c c\u00f4 \u0111\u1ecdng nh\u1ea5t trong kho\u1ea3ng th\u1eddi gian ng\u1eafn<\/h2>\n\n\n\n<p>C\u00e1c l\u1edbp h\u1ecdc \u0111\u1ea1i c\u01b0\u01a1ng \u0111\u01b0\u1ee3c chia ra l\u00e0m 3 ph\u00e2n lo\u1ea1i ch\u00ednh: &#8220;N\u1ec1n t\u1ea3ng&#8221;, &#8220;Ngu\u1ed3n ki\u1ebfn th\u1ee9c&#8221; v\u00e0 &#8220;X\u00e3 h\u1ed9i&#8221; c\u00f9ng v\u1edbi c\u00e1c l\u0129nh v\u1ef1c nh\u1ecf h\u01a1n nh\u01b0 l\u1ecbch s\u1eed, khoa h\u1ecdc t\u1ef1 nhi\u00ean, v\u0103n h\u00f3a \u0111\u01b0\u01a1ng \u0111\u1ea1i, t\u00f4n gi\u00e1o v\u00e0 lu\u1eadt ph\u00e1p. Th\u00f4ng th\u01b0\u1eddng, kh\u00f3a h\u1ecdc s\u1ebd \u0111\u01b0\u1ee3c ho\u00e0n th\u00e0nh trong 8 bu\u1ed5i h\u1ecdc \u0111\u1ec3 sinh vi\u00ean c\u00f3 th\u1ec3 ti\u1ebfp thu \u0111\u01b0\u1ee3c nhi\u1ec1u ki\u1ebfn th\u1ee9c trong m\u1ed9t kho\u1ea3ng th\u1eddi gian ng\u1eafn. C\u00f9ng v\u1edbi h\u1ec7 th\u1ed1ng 1\/4 &#8211; h\u1ec7 th\u1ed1ng chia m\u1ed9t n\u0103m h\u1ecdc th\u00e0nh b\u1ed1n h\u1ecdc k\u1ef3 nh\u1ecf, vi\u1ec7c n\u00e0y c\u0169ng gi\u00fap m\u1edf r\u1ed9ng c\u00e1c l\u0129nh v\u1ef1c ki\u1ebfn th\u1ee9c v\u00e0 nu\u00f4i d\u01b0\u1ee1ng nh\u1eefng gi\u00e1 tr\u1ecb quan \u0111\u1ed9c \u0111\u00e1o.<\/p>\n\n\n\n<h2 class=\"wp-block-heading\">Gia t\u0103ng v\u1ed1n \u00fd t\u01b0\u1edfng c\u1ea7n thi\u1ebft cho c\u00f4ng vi\u1ec7c s\u00e1ng t\u1ea1o<\/h2>\n\n\n\n<p>V\u00ed d\u1ee5, ngay c\u1ea3 trong k\u1ef7 nguy\u00ean v\u0103n h\u00f3a, v\u1eabn c\u00f3 r\u1ea5t nhi\u1ec1u l\u1edbp h\u1ecdc c\u00f3 ch\u1ee7 \u0111\u1ec1 li\u00ean quan ch\u1eb7t ch\u1ebd \u0111\u1ebfn c\u00e1c m\u00f4n \u0111\u00e0o t\u1ea1o chuy\u00ean nghi\u1ec7p nh\u01b0 l\u1ecbch s\u1eed v\u0103n h\u00f3a Nh\u1eadt B\u1ea3n v\u00e0 th\u1ebf gi\u1edbi, v\u0103n h\u00f3a otaku \u0111\u1ea1i di\u1ec7n b\u1edfi Akihabara, th\u1eddi trang v.v. Th\u1eadm ch\u00ed \u0111\u1ed1i v\u1edbi nh\u1eefng l\u0129nh v\u1ef1c tho\u1ea1t nh\u00ecn c\u00f3 th\u1ec3 kh\u00f4ng li\u00ean quan \u0111\u1ebfn c\u00e1c ho\u1ea1t \u0111\u1ed9ng s\u00e1ng t\u1ea1o, nh\u01b0ng b\u00ean trong \u0111\u00f3 v\u1eabn c\u00f3 nh\u1eefng h\u1ea1t gi\u1ed1ng \u00fd t\u01b0\u1edfng \u1ea9n gi\u1ea5u. \u0110\u00e2y l\u00e0 nh\u1eefng ngu\u1ed3n \u00fd t\u01b0\u1edfng s\u1ebd gi\u00fap cho sinh ti\u1ebfp t\u1ee5c s\u00e1ng t\u1ea1o trong nhi\u1ec1u n\u0103m sau.<\/p>\n","protected":false},"excerpt":{"rendered":"<p>Ti\u1ebfp thu c\u00e1c ki\u1ebfn th\u1ee9c \u0111\u1ea1i c\u01b0\u01a1ng gi\u00fap t\u1ea1o ra \u00fd t\u01b0\u1edfng m\u1edbi v\u00e0 n\u1eafm trong tay s\u1ee9c m\u1ea1nh s\u00e1ng t\u1ea1o kh\u00f4ng bao gi\u1edd ch\u1ebft [&hellip;]<\/p>\n","protected":false},"author":9,"featured_media":0,"parent":172,"menu_order":0,"comment_status":"closed","ping_status":"closed","template":"page-templates\/hanyo.php","meta":{"_acf_changed":false,"inline_featured_image":false,"footnotes":""},"class_list":{"0":"post-234","1":"page","2":"type-page","3":"status-publish","5":"c-entry"},"acf":[],"_links":{"self":[{"href":"https:\/\/www.dhw.ac.jp\/vn\/wp-json\/wp\/v2\/pages\/234","targetHints":{"allow":["GET"]}}],"collection":[{"href":"https:\/\/www.dhw.ac.jp\/vn\/wp-json\/wp\/v2\/pages"}],"about":[{"href":"https:\/\/www.dhw.ac.jp\/vn\/wp-json\/wp\/v2\/types\/page"}],"author":[{"embeddable":true,"href":"https:\/\/www.dhw.ac.jp\/vn\/wp-json\/wp\/v2\/users\/9"}],"replies":[{"embeddable":true,"href":"https:\/\/www.dhw.ac.jp\/vn\/wp-json\/wp\/v2\/comments?post=234"}],"version-history":[{"count":8,"href":"https:\/\/www.dhw.ac.jp\/vn\/wp-json\/wp\/v2\/pages\/234\/revisions"}],"predecessor-version":[{"id":315,"href":"https:\/\/www.dhw.ac.jp\/vn\/wp-json\/wp\/v2\/pages\/234\/revisions\/315"}],"up":[{"embeddable":true,"href":"https:\/\/www.dhw.ac.jp\/vn\/wp-json\/wp\/v2\/pages\/172"}],"wp:attachment":[{"href":"https:\/\/www.dhw.ac.jp\/vn\/wp-json\/wp\/v2\/media?parent=234"}],"curies":[{"name":"wp","href":"https:\/\/api.w.org\/{rel}","templated":true}]}}