{"id":240,"date":"2024-05-24T18:07:03","date_gmt":"2024-05-24T09:07:03","guid":{"rendered":"https:\/\/www.dhw.ac.jp\/vn\/?page_id=240"},"modified":"2024-06-10T14:36:21","modified_gmt":"2024-06-10T05:36:21","slug":"intl","status":"publish","type":"page","link":"https:\/\/www.dhw.ac.jp\/vn\/academics\/intl\/","title":{"rendered":"Gi\u00e1o d\u1ee5c qu\u1ed1c t\u1ebf"},"content":{"rendered":"\n<h1 class=\"wp-block-heading\">N\u00e2ng cao kh\u1ea3 n\u0103ng ng\u00f4n ng\u1eef, v\u1eeba ph\u00e1t tri\u1ec3n t\u1ea7m nh\u00ecn qu\u1ed1c t\u1ebf v\u1eeba t\u1eadn h\u01b0\u1edfng<\/h1>\n\n\n\n<p>Ngo\u00e0i vi\u1ec7c n\u00e2ng cao kh\u1ea3 n\u0103ng ti\u1ebfng Nh\u1eadt c\u1ee7a sinh vi\u00ean, \u0111i\u1ec1u r\u1ea5t tr\u1ecdng \u0111\u1ec3 t\u1ed3n t\u1ea1i \u1edf n\u01b0\u1edbc Nh\u1eadt xa l\u1ea1; sinh vi\u00ean c\u00f3 th\u1ec3 h\u1ecdc c\u00e1c ng\u00f4n ng\u1eef kh\u00e1c, \u0111\u1eb7c bi\u1ec7t l\u00e0 ti\u1ebfng Anh. \u0110\u1ea1i h\u1ecdc Digital Hollywood cung c\u1ea5p c\u00e1c kh\u00f3a h\u1ecdc ti\u1ebfng Anh v\u00e0 ti\u1ebfng Nh\u1eadt d\u1ef1a theo tr\u00ecnh \u0111\u1ed9 c\u1ee7a sinh vi\u00ean, v\u00ec th\u1ebf m\u00e0 d\u00f9 kh\u00f4ng gi\u1ecfi ngo\u1ea1i ng\u1eef, sinh vi\u00ean v\u1eabn c\u00f3 th\u1ec3 t\u1eeb t\u1eeb n\u00e2ng cao tr\u00ecnh \u0111\u1ed9 b\u1ea3n th\u00e2n.<\/p>\n\n\n\n<h2 class=\"wp-block-heading\">L\u1edbp h\u1ecdc d\u1ef1a theo tr\u00ecnh \u0111\u1ed9<\/h2>\n\n\n\n<p>DHU c\u00f3 m\u1ed9t t\u1eadp th\u1ec3 sinh vi\u00ean \u0111a d\u1ea1ng v\u1edbi c\u00e1c sinh vi\u00ean Nh\u1eadt t\u1eebng sinh s\u1ed1ng \u1edf n\u01b0\u1edbc ngo\u00e0i ho\u1eb7c c\u00e1c du h\u1ecdc sinh, ch\u00ednh v\u00ec th\u1ebf m\u00e0 tr\u00ecnh \u0111\u1ed9 ti\u1ebfng Nh\u1eadt, ti\u1ebfng Anh c\u1ee7a c\u00e1c sinh vi\u00ean t\u1ea1i th\u1eddi \u0111i\u1ec3m nh\u1eadp h\u1ecdc c\u0169ng kh\u00e1c nhau. T\u1ea1i DHU, c\u00e1c l\u1edbp h\u1ecdc \u0111\u01b0\u1ee3c chia theo k\u1ebft qu\u1ea3 c\u1ee7a b\u00e0i thi x\u1ebfp l\u1edbp v\u00e0o \u0111\u1ea7u n\u0103m h\u1ecdc. V\u00ec v\u1eady sinh vi\u00ean s\u1ebd kh\u00f4ng g\u1eb7p kh\u00f3 kh\u0103n l\u1edbn khi theo h\u1ecdc c\u00e1c l\u1edbp \u0111\u00fang tr\u00ecnh \u0111\u1ed9.<\/p>\n\n\n\n<h2 class=\"wp-block-heading\">H\u1ecdc t\u1eadp qua c\u00e1c ch\u1ee7 \u0111\u1ec1 thu\u1ed9c ch\u01b0\u01a1ng tr\u00ecnh \u0111\u00e0o t\u1ea1o chuy\u00ean nghi\u1ec7p nh\u01b0 video v\u00e0 game<\/h2>\n\n\n\n<p>\u1ede c\u00e1c l\u1edbp Ti\u1ebfng Anh n\u1ed9i dung m\u00e0 sinh vi\u00ean c\u00f3 th\u1ec3 h\u1ecdc t\u1eeb n\u0103m hai, c\u00e1c b\u1ea1n c\u00f3 th\u1ec3 h\u1ecdc c\u00e1c thu\u1eadt ng\u1eef ti\u1ebfng Anh chuy\u00ean ng\u00e0nh li\u00ean quan \u0111\u1ebfn phim, game, ngh\u1ec7 thu\u1eadt v\u00e0 h\u01a1n th\u1ebf n\u1eefa. Gi\u1ea3 s\u1eed, trong l\u0129nh v\u1ef1c phim, sinh vi\u00ean s\u1ebd h\u1ecdc v\u1ec1 qu\u00e1 tr\u00ecnh s\u1ea3n xu\u1ea5t m\u1ed9t b\u1ed9 phim, l\u1ecbch s\u1eed phim \u1ea3nh v\u00e0 vai tr\u00f2 c\u1ee7a c\u00e1c v\u1ecb tr\u00ed nh\u01b0 \u0111\u1ea1o di\u1ec5n, bi\u00ean k\u1ecbch v\u00e0 nh\u00e0 s\u1ea3n xu\u1ea5t b\u1eb1ng ti\u1ebfng Anh. Anime v\u00e0 manga c\u0169ng \u0111\u01b0\u1ee3c s\u1eed dung l\u00e0m t\u00e0i li\u1ec7u gi\u1ea3ng d\u1ea1y trong c\u00e1c gi\u1edd ti\u1ebfng Nh\u1eadt \u0111\u1ec3 sinh vi\u00ean c\u00f3 th\u1ec3 c\u00f3 h\u1ee9ng th\u00fa h\u1ecdc t\u1eadp.<\/p>\n\n\n\n<h2 class=\"wp-block-heading\">R\u1ea5t nhi\u1ec1u sinh vi\u00ean \u0111\u1ebfn t\u1eeb c\u00e1c n\u01b0\u1edbc c\u0169ng nh\u1eadp h\u1ecdc, v\u00ec th\u1ebf sinh vi\u00ean c\u00f3 th\u1ec3 tr\u1ea3i nghi\u1ec7m m\u00f4i tr\u01b0\u1eddng qu\u1ed1c t\u1ebf<\/h2>\n\n\n\n<p>Ngo\u00e0i vi\u1ec7c h\u1ecdc th\u00eam m\u1ed9t ngo\u1ea1i ng\u1eef n\u1eefa nh\u01b0 ti\u1ebfng Trung ho\u1eb7c ti\u1ebfng H\u00e0n, DHU c\u0169ng \u0111em \u0111\u1ebfn cho sinh vi\u00ean c\u01a1 h\u1ed9i \u0111\u1ed9c \u0111\u00e1o \u0111\u1ec3 giao l\u01b0u v\u1edbi c\u00e1c sinh vi\u00ean qu\u1ed1c t\u1ebf \u0111\u1ebfn t\u1eeb h\u01a1n 40 qu\u1ed1c gia v\u00e0 v\u00f9ng l\u00e3nh th\u1ed5 tr\u00ean th\u1ebf gi\u1edbi. Cu\u1ed9c s\u1ed1ng sinh vi\u00ean n\u01a1i ng\u00f4n ng\u1eef v\u00e0 v\u0103n h\u00f3a c\u1ee7a c\u00e1c qu\u1ed1c gia giao thoa, s\u1ebd tr\u1edf th\u00e0nh tr\u1ea3i nghi\u1ec7m qu\u00fd gi\u00e1 v\u1ec1 to\u00e0n c\u1ea7u h\u00f3a.<\/p>\n","protected":false},"excerpt":{"rendered":"<p>N\u00e2ng cao kh\u1ea3 n\u0103ng ng\u00f4n ng\u1eef, v\u1eeba ph\u00e1t tri\u1ec3n t\u1ea7m nh\u00ecn qu\u1ed1c t\u1ebf v\u1eeba t\u1eadn h\u01b0\u1edfng Ngo\u00e0i vi\u1ec7c n\u00e2ng cao kh\u1ea3 n\u0103ng ti\u1ebfng N [&hellip;]<\/p>\n","protected":false},"author":9,"featured_media":0,"parent":172,"menu_order":0,"comment_status":"closed","ping_status":"closed","template":"page-templates\/hanyo.php","meta":{"_acf_changed":false,"inline_featured_image":false,"footnotes":""},"class_list":{"0":"post-240","1":"page","2":"type-page","3":"status-publish","5":"c-entry"},"acf":[],"_links":{"self":[{"href":"https:\/\/www.dhw.ac.jp\/vn\/wp-json\/wp\/v2\/pages\/240","targetHints":{"allow":["GET"]}}],"collection":[{"href":"https:\/\/www.dhw.ac.jp\/vn\/wp-json\/wp\/v2\/pages"}],"about":[{"href":"https:\/\/www.dhw.ac.jp\/vn\/wp-json\/wp\/v2\/types\/page"}],"author":[{"embeddable":true,"href":"https:\/\/www.dhw.ac.jp\/vn\/wp-json\/wp\/v2\/users\/9"}],"replies":[{"embeddable":true,"href":"https:\/\/www.dhw.ac.jp\/vn\/wp-json\/wp\/v2\/comments?post=240"}],"version-history":[{"count":5,"href":"https:\/\/www.dhw.ac.jp\/vn\/wp-json\/wp\/v2\/pages\/240\/revisions"}],"predecessor-version":[{"id":316,"href":"https:\/\/www.dhw.ac.jp\/vn\/wp-json\/wp\/v2\/pages\/240\/revisions\/316"}],"up":[{"embeddable":true,"href":"https:\/\/www.dhw.ac.jp\/vn\/wp-json\/wp\/v2\/pages\/172"}],"wp:attachment":[{"href":"https:\/\/www.dhw.ac.jp\/vn\/wp-json\/wp\/v2\/media?parent=240"}],"curies":[{"name":"wp","href":"https:\/\/api.w.org\/{rel}","templated":true}]}}