{"id":245,"date":"2024-05-24T18:21:09","date_gmt":"2024-05-24T09:21:09","guid":{"rendered":"https:\/\/www.dhw.ac.jp\/vn\/?page_id=245"},"modified":"2024-05-30T11:50:49","modified_gmt":"2024-05-30T02:50:49","slug":"flow","status":"publish","type":"page","link":"https:\/\/www.dhw.ac.jp\/vn\/academics\/flow\/","title":{"rendered":"Ch\u01b0\u01a1ng tr\u00ecnh h\u1ecdc\/ Danh s\u00e1ch m\u00f4n h\u1ecdc"},"content":{"rendered":"\n<h2 class=\"wp-block-heading\">Ch\u01b0\u01a1ng tr\u00ecnh h\u1ecdc<\/h2>\n\n\n\n<p>S\u01a1 \u0111\u1ed3 ch\u01b0\u01a1ng tr\u00ecnh h\u1ecdc cho th\u1ea5y qu\u00e1 tr\u00ecnh h\u1ecdc trong b\u1ed1n n\u0103m t\u1ea1i \u0110\u1ea1i h\u1ecdc Digital Hollywood. S\u01a1 \u0111\u1ed3 bao g\u1ed3m ba th\u00e0nh ph\u1ea7n ch\u00ednh &#8220;\u0110\u00e0o t\u1ea1o chuy\u00ean nghi\u1ec7p&#8221;, &#8220;Gi\u00e1o d\u1ee5c qu\u1ed1c t\u1ebf&#8221;, &#8220;Gi\u00e1o d\u1ee5c \u0111\u1ea1i c\u01b0\u01a1ng&#8221;. Ch\u01b0\u01a1ng tr\u00ecnh h\u1ecdc c\u0169ng bao g\u1ed3m &#8220;Gi\u00e1o d\u1ee5c cho sinh vi\u00ean n\u0103m nh\u1ea5t&#8221;, bao g\u1ed3m c\u00e1c m\u00f4n t\u1ef1 ph\u00e1t tri\u1ec3n b\u1ea3n th\u00e2n v\u00e0 m\u1ed9t s\u1ed1 kh\u00f3a h\u1ecdc nh\u1eadp m\u00f4n v\u00e0 &#8220;Gi\u00e1o d\u1ee5c th\u1ef1c h\u00e0nh&#8221; c\u00f3 ch\u01b0\u01a1ng tr\u00ecnh th\u1ef1c t\u1eadp v\u00e0 h\u1ed9i th\u1ea3o doanh nghi\u1ec7p. <\/p>\n\n\n\n<div class=\"wp-block-buttons is-layout-flex wp-block-buttons-is-layout-flex\">\n<div class=\"wp-block-button\"><a class=\"wp-block-button__link wp-element-button\" href=\"\/faculty\/flow\/\">Ch\u01b0\u01a1ng tr\u00ecnh h\u1ecdc (Ch\u1ec9 c\u00f3 ti\u1ebfng Nh\u1eadt)<\/a><\/div>\n<\/div>\n\n\n\n<h2 class=\"wp-block-heading\">Danh s\u00e1ch m\u00f4n h\u1ecdc<\/h2>\n\n\n\n<div class=\"wp-block-buttons is-layout-flex wp-block-buttons-is-layout-flex\">\n<div class=\"wp-block-button\"><a class=\"wp-block-button__link wp-element-button\" href=\"\/faculty\/subject\/\">Danh s\u00e1ch m\u00f4n h\u1ecdc<\/a><\/div>\n<\/div>\n","protected":false},"excerpt":{"rendered":"<p>Ch\u01b0\u01a1ng tr\u00ecnh h\u1ecdc S\u01a1 \u0111\u1ed3 ch\u01b0\u01a1ng tr\u00ecnh h\u1ecdc cho th\u1ea5y qu\u00e1 tr\u00ecnh h\u1ecdc trong b\u1ed1n n\u0103m t\u1ea1i \u0110\u1ea1i h\u1ecdc Digital Hollywood. S\u01a1 [&hellip;]<\/p>\n","protected":false},"author":9,"featured_media":0,"parent":172,"menu_order":0,"comment_status":"closed","ping_status":"closed","template":"page-templates\/hanyo.php","meta":{"_acf_changed":false,"inline_featured_image":false,"footnotes":""},"class_list":{"0":"post-245","1":"page","2":"type-page","3":"status-publish","5":"c-entry"},"acf":[],"_links":{"self":[{"href":"https:\/\/www.dhw.ac.jp\/vn\/wp-json\/wp\/v2\/pages\/245","targetHints":{"allow":["GET"]}}],"collection":[{"href":"https:\/\/www.dhw.ac.jp\/vn\/wp-json\/wp\/v2\/pages"}],"about":[{"href":"https:\/\/www.dhw.ac.jp\/vn\/wp-json\/wp\/v2\/types\/page"}],"author":[{"embeddable":true,"href":"https:\/\/www.dhw.ac.jp\/vn\/wp-json\/wp\/v2\/users\/9"}],"replies":[{"embeddable":true,"href":"https:\/\/www.dhw.ac.jp\/vn\/wp-json\/wp\/v2\/comments?post=245"}],"version-history":[{"count":4,"href":"https:\/\/www.dhw.ac.jp\/vn\/wp-json\/wp\/v2\/pages\/245\/revisions"}],"predecessor-version":[{"id":279,"href":"https:\/\/www.dhw.ac.jp\/vn\/wp-json\/wp\/v2\/pages\/245\/revisions\/279"}],"up":[{"embeddable":true,"href":"https:\/\/www.dhw.ac.jp\/vn\/wp-json\/wp\/v2\/pages\/172"}],"wp:attachment":[{"href":"https:\/\/www.dhw.ac.jp\/vn\/wp-json\/wp\/v2\/media?parent=245"}],"curies":[{"name":"wp","href":"https:\/\/api.w.org\/{rel}","templated":true}]}}