{"id":249,"date":"2024-05-24T19:47:38","date_gmt":"2024-05-24T10:47:38","guid":{"rendered":"https:\/\/www.dhw.ac.jp\/vn\/?page_id=249"},"modified":"2024-08-01T15:11:37","modified_gmt":"2024-08-01T06:11:37","slug":"domestic","status":"publish","type":"page","link":"https:\/\/www.dhw.ac.jp\/vn\/admissions\/domestic\/","title":{"rendered":"Th\u00f4ng tin tuy\u1ec3n sinh cho du h\u1ecdc sinh \u0111ang \u1edf Nh\u1eadt B\u1ea3n"},"content":{"rendered":"\n<h2 class=\"wp-block-heading\">\u0110i\u1ec1u ki\u1ec7n \u0111\u0103ng k\u00fd<\/h2>\n\n\n\n<p>Th\u00ed sinh \u0111\u1ea3m b\u1ea3o th\u1ecfa m\u00e3n c\u00e1c y\u00eau c\u1ea7u sau:<\/p>\n\n\n\n<ol class=\"wp-block-list\">\n<li>Th\u1ecfa m\u00e3n m\u1ed9t trong nh\u1eefng \u0111i\u1ec1u ki\u1ec7n sau.<br>\n&#8211; \u0110\u00e3 t\u1ed1t nghi\u1ec7p ho\u1eb7c d\u1ef1 ki\u1ebfn s\u1ebd t\u1ed1t nghi\u1ec7p c\u1ea5p 3 v\u00e0o th\u1eddi \u0111i\u1ec3m d\u1ef1 ki\u1ebfn nh\u1eadp h\u1ecdc.<br>\n&#8211; \u0110\u00e3 ho\u00e0n th\u00e0nh ho\u1eb7c s\u1ebd ho\u00e0n th\u00e0nh 12 n\u0103m h\u1ecdc v\u00e0o th\u1eddi \u0111i\u1ec3m d\u1ef1 ki\u1ebfn nh\u1eadp h\u1ecdc.<br>\n&#8211; \u0110\u1ee7 18 tu\u1ed5i t\u00ednh \u0111\u1ebfn ng\u00e0y th\u1eddi \u0111i\u1ec3m nh\u1eadp h\u1ecdc v\u00e0 \u0111\u01b0\u1ee3c hi\u1ec7u tr\u01b0\u1edfng nh\u00e0 tr\u01b0\u1eddng c\u00f4ng nh\u1eadn c\u00f3 \u0111\u1ee7 n\u0103ng l\u1ef1c h\u1ecdc t\u1eadp.<\/li>\n\n\n\n<li>Ng\u01b0\u1eddi c\u00f3 th\u1ec3 xin t\u01b0 c\u00e1ch l\u01b0u tr\u00fa l\u00e0 &#8220;du h\u1ecdc&#8221; v\u1edbi m\u1ee5c \u0111\u00edch h\u1ecdc t\u1eadp t\u1ea1i tr\u01b0\u1eddng theo lu\u1eadt di d\u00e2n v\u00e0 qu\u1ea3n l\u00fd xu\u1ea5t nh\u1eadp c\u1ea3nh sau khi nh\u1eadp h\u1ecdc.<\/li>\n\n\n\n<li>C\u00f3 n\u0103ng l\u1ef1c ti\u1ebfng Nh\u1eadt t\u01b0\u01a1ng \u0111\u01b0\u01a1ng tr\u00ecnh \u0111\u1ed9 JLPT N2 ho\u1eb7c \u0111\u1ea1t \u0111\u01b0\u1ee3c EJU t\u1eeb 220 \u0111i\u1ec3m tr\u1edf l\u00ean (kh\u00f4ng t\u00ednh ph\u1ea7n thi ti\u1ebfng Nh\u1eadt v\u00e0 thi vi\u1ebft)<\/li>\n<\/ol>\n\n\n\n<p>L\u01b0u \u00fd:<br> &#8211; \u0110\u1ed1i v\u1edbi th\u00ed sinh \u0111ang ho\u1eb7c \u0111\u00e3 theo h\u1ecdc t\u1ea1i c\u00e1c tr\u01b0\u1eddng ti\u1ebfng Nh\u1eadt ho\u1eb7c tr\u01b0\u1eddng senmon ph\u1ea3i c\u00f3 t\u1ec9 l\u1ec7 l\u00ean l\u1edbp tr\u00ean 80%.<br> &#8211; Kh\u00f4ng b\u1eaft bu\u1ed9c n\u1ed9p b\u1eb1ng EJU ho\u1eb7c JLPT.<\/p>\n\n\n\n<h2 class=\"wp-block-heading\">H\u00ecnh th\u1ee9c d\u1ef1 thi<\/h2>\n\n\n\n<p>Th\u00ed sinh c\u00f3 quy\u1ec1n \u0111\u01b0\u1ee3c ch\u1ecdn h\u00ecnh th\u1ee9c d\u1ef1 thi ph\u00f9 h\u1ee3p v\u1edbi th\u1ebf m\u1ea1nh c\u1ee7a m\u00ecnh, b\u1ea5t k\u1ec3 qu\u1ed1c t\u1ecbch.<br>\nN\u1ebfu th\u00ed sinh kh\u00f4ng r\u00f5 n\u00ean \u0111\u0103ng k\u00fd h\u00ecnh th\u1ee9c d\u1ef1 thi n\u00e0o, ch\u00fang t\u00f4i khuy\u1ebfn kh\u00edch b\u1ea1n tham d\u1ef1 Ng\u00e0y h\u1ed9i th\u00f4ng tin tuy\u1ec3n sinh ho\u1eb7c Open Campus. B\u1ea1n c\u0169ng c\u00f3 th\u1ec3 li\u00ean h\u1ec7 v\u1edbi ch\u00fang t\u00f4i qua email nyushi@dhw.ac.jp \u0111\u1ec3 trao \u0111\u1ed5i v\u1ec1 h\u00ecnh th\u1ee9c tuy\u1ec3n sinh.<\/p>\n\n\n\n<figure class=\"wp-block-flexible-table-block-table is-scroll-on-pc is-scroll-on-mobile\"><table class=\"\" style=\"width:1000px\"><thead><tr><th style=\"width:25%\">H\u00ecnh th\u1ee9 d\u1ef1 thi<\/th><th style=\"width:25%\">C\u00e1ch th\u1ee9c \u0111\u00e1nh gi\u00e1<\/th><th style=\"width:40%\">\u0110\u1eb7c tr\u01b0ng<\/th><th>S\u1ed1 l\u01b0\u1ee3ng<\/th><\/tr><\/thead><tbody><tr><td>K\u1ef3 thi t\u1ed5ng h\u1ee3p<\/td><td>\u30fbCh\u1ea5m \u0111i\u1ec3m h\u1ed3 s\u01a1<br>\n\u30fbB\u00e0i tr\u1eafc nghi\u1ec7m ki\u1ebfn th\u1ee9c t\u1ed5ng h\u1ee3p<br>\n\u30fbPh\u1ecfng v\u1ea5n<\/td><td>Y\u1ebfu t\u1ed1 \u0111\u00e1nh gi\u00e1:<br>\n&#8211; \u0110\u1ed9ng l\u1ef1c h\u1ecdc t\u1eadp<br>\n&#8211; K\u1ebf ho\u1ea1ch t\u01b0\u01a1ng lai<br>\n&#8211; T\u1eadp trung v\u00e0o ho\u1ea1t \u0111\u1ed9ng: Kinh nghi\u1ec7m v\u00e0 k\u1ef9 n\u0103ng giao ti\u1ebfp<br>\n&#8211; T\u1eadp trung v\u00e0o t\u00e1c ph\u1ea9m: Portfolio<\/td><td>65<\/td><\/tr><tr><td>K\u1ef3 thi t\u1ed5ng h\u1ee3p<br>\n(K\u1ef3 thi gi\u00e0nh h\u1ecdc b\u1ed5ng)<br>\n(D\u1ef1a v\u00e0o t\u00e1c ph\u1ea9m)<br>\n(D\u1ef1a v\u00e0o thuy\u1ebft tr\u00ecnh k\u1ebf ho\u1ea1ch)<br>\n(D\u1ef1a v\u00e0o e-sports)\n<\/td><td>\u30fbX\u00e9t h\u1ed3 s\u01a1<br>\n\u30fbB\u00e0i tr\u1eafc nghi\u1ec7m ki\u1ebfn th\u1ee9c t\u1ed5ng h\u1ee3p<br>\n\u30fbPh\u1ecfng v\u1ea5n (ch\u1ec9 c\u00e1c th\u00ed sinh qua v\u00f2ng h\u1ed3 s\u01a1 m\u1edbi \u0111\u01b0\u1ee3c v\u00e0o v\u00f2ng ph\u1ecfng v\u1ea5n)<\/td><td>C\u00e1c th\u00ed sinh v\u01b0\u1ee3t qua k\u1ef3 thi gi\u00e0nh h\u1ecdc b\u1ed5ng c\u00f3 th\u1ec3 \u0111\u01b0\u1ee3c mi\u1ec5n t\u1ed1i \u0111a to\u00e0n b\u1ed9 h\u1ecdc ph\u00ed (1,040,000 yen) trong v\u00f2ng 4 n\u0103m.<br>\nC\u00e1c th\u00ed sinh kh\u00f4ng nh\u1eadn \u0111\u01b0\u1ee3c h\u1ecdc b\u1ed5ng nh\u01b0ng v\u1eabn \u0111\u1ee7 \u0111i\u1ec1u ki\u1ec7n nh\u1eadp h\u1ecdc s\u1ebd \u0111\u01b0\u1ee3c nh\u1eadn d\u01b0\u1edbi d\u1ea1ng sinh vi\u00ean th\u01b0\u1eddng kh\u00f4ng c\u00f3 mi\u1ec5n gi\u1ea3m h\u1ecdc ph\u00ed.<\/td><td>20<\/td><\/tr><tr><td>K\u1ef3 thi vi\u1ebft<br>(D\u1ea1ng A)<\/td><td>\u30fbCh\u1ea5m \u0111i\u1ec3m h\u1ed3 s\u01a1<br>\n\u30fbTr\u1eafc nghi\u1ec7m ki\u1ebfn th\u1ee9c<\/td><td>C\u00e1ch th\u1ee9c \u0111\u00e1nh gi\u00e1: Th\u00ed sinh l\u1ef1a ch\u1ecdn 3 m\u00f4n h\u1ecdc tham d\u1ef1 thi, l\u1ea5y t\u1eeb th\u00ed sinh c\u00f3 t\u1ed5ng \u0111i\u1ec3m cao nh\u1ea5t cho \u0111\u1ebfn h\u1ebft ch\u1ec9 ti\u00eau.<br>\nN\u0103m th\u00ed sinh c\u00f3 \u0111i\u1ec3m cao nh\u1ea5t s\u1ebd \u0111\u01b0\u1ee3c nh\u1eadn h\u1ecdc b\u1ed5ng.<\/td><td>40<\/td><\/tr><tr><td>K\u1ef3 thi vi\u1ebft<br>(D\u1ea1ng B)<\/td><td>\u30fbCh\u1ea5m \u0111i\u1ec3m h\u1ed3 s\u01a1<br>\n\u30fbTr\u1eafc nghi\u1ec7m ki\u1ebfn th\u1ee9c<\/td><td>C\u00e1ch th\u1ee9c \u0111\u00e1nh gi\u00e1: Th\u00ed sinh l\u1ef1a ch\u1ecdn 2 m\u00f4n h\u1ecdc tham d\u1ef1 thi, l\u1ea5y t\u1eeb th\u00ed sinh c\u00f3 t\u1ed5ng \u0111i\u1ec3m cao nh\u1ea5t cho \u0111\u1ebfn h\u1ebft ch\u1ec9 ti\u00eau.<br>\nTh\u00ed sinh \u0111\u0103ng k\u00fd thi v\u1ebd ch\u00ec ho\u1eb7c l\u1eadp tr\u00ecnh s\u1ebd c\u00f3 c\u01a1 h\u1ed9i nh\u1eadn \u0111\u01b0\u1ee3c h\u1ecdc b\u1ed5ng.<\/td><td>15<\/td><\/tr><tr><td>K\u1ef3 thi chuy\u1ec3n ti\u1ebfp t\u1eeb n\u0103m 3<\/td><td>\u30fbCh\u1ea5m \u0111i\u1ec3m h\u1ed3 s\u01a1<br>\n\u30fbB\u00e0i tr\u1eafc nghi\u1ec7m ki\u1ebfn th\u1ee9c t\u1ed5ng h\u1ee3p<br>\n\u30fbPh\u1ecfng v\u1ea5n<\/td><td>Y\u1ebfu t\u1ed1 \u0111\u00e1nh gi\u00e1:<br>\n&#8211; \u0110\u1ed9ng l\u1ef1c h\u1ecdc t\u1eadp<br>\n&#8211; K\u1ef9 n\u0103ng giao ti\u1ebfp<br>\n&#8211; Kh\u1ea3 n\u0103ng s\u00e1ng t\u1ea1o<br>\n&#8211; Kh\u1ea3 n\u0103ng h\u1ecdc chuy\u1ec3n ti\u1ebfp t\u1eeb n\u0103m 3<br>\n\u0110\u1ed1i t\u01b0\u1ee3ng \u0111\u1ee7 \u0111i\u1ec1u ki\u1ec7n:<br>\n&#8211; C\u00e1c th\u00ed sinh \u0111\u00e3 ho\u1eb7c s\u1ebd t\u1ed1t nghi\u1ec7p tr\u01b0\u1eddng senmon<br>\n&#8211; C\u00e1c th\u00ed sinh \u0111\u00e3 ho\u00e0n th\u00e0nh t\u1ed1i thi\u1ec3u 2 n\u0103m t\u1ea1i \u0111\u1ea1i h\u1ecdc<\/td><td>10<\/td><\/tr><\/tbody><\/table><\/figure>\n\n\n\n<h2 class=\"wp-block-heading\">H\u1ed3 s\u01a1 d\u1ef1 thi<\/h2>\n\n\n\n<p>Tham kh\u1ea3o \u0111\u01a1n \u0111\u0103ng k\u00fd \u0111\u1ec3 c\u00f3 th\u00eam chi ti\u1ebft v\u1ec1 gi\u1ea5y t\u1edd c\u1ea7n n\u1ed9p cho m\u1ed7i h\u00ecnh th\u1ee9c d\u1ef1 thi. <\/p>\n\n\n\n<div class=\"wp-block-buttons is-layout-flex wp-block-buttons-is-layout-flex\">\n<div class=\"wp-block-button\"><a class=\"wp-block-button__link wp-element-button\" href=\"\/wp\/wp-content\/uploads\/2023\/08\/international_in_japan2024.pdf\" target=\"_blank\" rel=\"noreferrer noopener\">\u0110\u01a1n d\u1ef1 thi cho k\u1ef3 nh\u1eadp h\u1ecdc th\u00e1ng 4\/2024<\/a><\/div>\n<\/div>\n\n\n\n<div class=\"wp-block-buttons is-layout-flex wp-block-buttons-is-layout-flex\">\n<div class=\"wp-block-button\"><a class=\"wp-block-button__link wp-element-button\" href=\"\" target=\"_blank\" rel=\"noreferrer noopener\">\u0110\u01a1n d\u1ef1 thi cho k\u1ef3 nh\u1eadp h\u1ecdc th\u00e1ng 4\/2024 (Chuy\u1ec3n ti\u1ebfp t\u1eeb n\u0103m 3) <\/a><\/div>\n<\/div>\n\n\n\n<h2 class=\"wp-block-heading\">\u0110\u0103ng k\u00fd online<\/h2>\n\n\n\n<p>Tr\u01b0\u1edbc khi n\u1ed9p h\u1ed3 s\u01a1 d\u1ef1 thi ph\u1ea3i ho\u00e0n th\u00e0nh vi\u1ec7c \u0111\u0103ng k\u00fd d\u1ef1 thi online v\u00e0 \u0111\u00f3ng l\u1ec7 ph\u00ed d\u1ef1 thi.<\/p>\n\n\n\n<div class=\"wp-block-buttons is-layout-flex wp-block-buttons-is-layout-flex\">\n<div class=\"wp-block-button\"><a class=\"wp-block-button__link wp-element-button\" href=\"https:\/\/e-apply.jp\/ds\/dhw\/\" target=\"_blank\" rel=\"noreferrer noopener\">\u0110\u0103ng k\u00fd online<\/a><\/div>\n<\/div>\n\n\n\n<h2 class=\"wp-block-heading\">T\u01b0 v\u1ea5n ri\u00eang<\/h2>\n\n\n\n<p>&#8220;\u0110\u1ea1i h\u1ecdc Digital Hollywood c\u00f3 th\u1ec3 s\u1eafp x\u1ebfp l\u1ecbch t\u01b0 v\u1ea5n ri\u00eang trong 30 ph\u00fat b\u1eb1ng nhi\u1ec1u ng\u00f4n ng\u1eef th\u00f4ng qua Zoom m\u1ed7i th\u1ee9 4 h\u00e0ng tu\u1ea7n.<br> B\u1ea1n c\u00f3 th\u1ec3 \u0111\u0103ng k\u00fd <a rel=\"noreferrer noopener\" href=\"https:\/\/onlineconsultation.youcanbook.me\/\" target=\"_blank\">th\u00f4ng qua m\u1eabu d\u01b0\u1edbi <\/a>\u0111\u00e2y n\u1ebfu c\u00f3 nhu c\u1ea7u \u0111\u1eb7t c\u00e2u h\u1ecfi tr\u1ef1c ti\u1ebfp cho c\u00e1n b\u1ed9 tuy\u1ec3n sinh nh\u00e0 tr\u01b0\u1eddng.<br> Ng\u00f4n ng\u1eef: Ti\u1ebfng Vi\u1ec7t, ti\u1ebfng Nh\u1eadt, ti\u1ebfng Anh, ti\u1ebfng Trung, ti\u1ebfng H\u00e0n.<br> Ng\u00e0y: Th\u1ee9 T\u01b0 h\u00e0ng tu\u1ea7n<br> Th\u1eddi gian: 11:00~19:00 (Gi\u1edd Nh\u1eadt)<br> L\u01b0u \u00fd: &#8211; C\u00f3 th\u1ec3 \u0111\u1eb7t tr\u01b0\u1edbc t\u1ed1i thi\u1ec3u m\u1ed9t ng\u00e0y<br>            &#8211; C\u1ea7n c\u00f3 Zoom \u0111\u1ec3 tham gia bu\u1ed5i t\u01b0 v\u1ea5n<\/p>\n\n\n\n<h2 class=\"wp-block-heading\">Th\u1eafc m\u1eafc<\/h2>\n\n\n\n<p>M\u1ecdi th\u1eafc m\u1eafc li\u00ean quan \u0111\u1ebfn quy tr\u00ecnh tuy\u1ec3n sinh b\u1eadc \u0111\u1ea1i h\u1ecdc xin g\u1eedi v\u1ec1: <br>E-mail: <a href=\"mailto:nyushi@dhw.ac.jp\" target=\"_blank\" rel=\"noreferrer noopener\">nyushi@dhw.ac.jp<\/a><br>\n(Ng\u00f4n ng\u1eef s\u1eed d\u1ee5ng: Ti\u1ebfng Vi\u1ec7t, ti\u1ebfng Nh\u1eadt, ti\u1ebfng Anh, ti\u1ebfng Trung, ti\u1ebfng H\u00e0n)<\/p>\n","protected":false},"excerpt":{"rendered":"<p>\u0110i\u1ec1u ki\u1ec7n \u0111\u0103ng k\u00fd Th\u00ed sinh \u0111\u1ea3m b\u1ea3o th\u1ecfa m\u00e3n c\u00e1c y\u00eau c\u1ea7u sau: L\u01b0u \u00fd: &#8211; \u0110\u1ed1i v\u1edbi th\u00ed sinh \u0111ang ho\u1eb7c \u0111\u00e3 theo h\u1ecdc t [&hellip;]<\/p>\n","protected":false},"author":9,"featured_media":0,"parent":178,"menu_order":0,"comment_status":"closed","ping_status":"closed","template":"page-templates\/hanyo.php","meta":{"_acf_changed":false,"inline_featured_image":false,"footnotes":""},"class_list":{"0":"post-249","1":"page","2":"type-page","3":"status-publish","5":"c-entry"},"acf":[],"_links":{"self":[{"href":"https:\/\/www.dhw.ac.jp\/vn\/wp-json\/wp\/v2\/pages\/249","targetHints":{"allow":["GET"]}}],"collection":[{"href":"https:\/\/www.dhw.ac.jp\/vn\/wp-json\/wp\/v2\/pages"}],"about":[{"href":"https:\/\/www.dhw.ac.jp\/vn\/wp-json\/wp\/v2\/types\/page"}],"author":[{"embeddable":true,"href":"https:\/\/www.dhw.ac.jp\/vn\/wp-json\/wp\/v2\/users\/9"}],"replies":[{"embeddable":true,"href":"https:\/\/www.dhw.ac.jp\/vn\/wp-json\/wp\/v2\/comments?post=249"}],"version-history":[{"count":7,"href":"https:\/\/www.dhw.ac.jp\/vn\/wp-json\/wp\/v2\/pages\/249\/revisions"}],"predecessor-version":[{"id":340,"href":"https:\/\/www.dhw.ac.jp\/vn\/wp-json\/wp\/v2\/pages\/249\/revisions\/340"}],"up":[{"embeddable":true,"href":"https:\/\/www.dhw.ac.jp\/vn\/wp-json\/wp\/v2\/pages\/178"}],"wp:attachment":[{"href":"https:\/\/www.dhw.ac.jp\/vn\/wp-json\/wp\/v2\/media?parent=249"}],"curies":[{"name":"wp","href":"https:\/\/api.w.org\/{rel}","templated":true}]}}