{"id":255,"date":"2024-05-24T19:57:16","date_gmt":"2024-05-24T10:57:16","guid":{"rendered":"https:\/\/www.dhw.ac.jp\/vn\/?page_id=255"},"modified":"2024-08-01T15:11:04","modified_gmt":"2024-08-01T06:11:04","slug":"abroad","status":"publish","type":"page","link":"https:\/\/www.dhw.ac.jp\/vn\/admissions\/abroad\/","title":{"rendered":"Cho th\u00ed sinh c\u01b0 tr\u00fa t\u1ea1i n\u01b0\u1edbc ngo\u00e0i (kh\u00f4ng \u1edf Nh\u1eadt B\u1ea3n)"},"content":{"rendered":"\n<h2 class=\"wp-block-heading\">\u0110i\u1ec1u ki\u1ec7n \u0111\u0103ng k\u00fd (Nh\u1eadp h\u1ecdc th\u00e1ng 4)<\/h2>\n\n\n\n<h3 class=\"wp-block-heading\">Ph\u00ed d\u1ef1 thi<\/h3>\n\n\n\n<p>Th\u00ed sinh \u0111\u1ea3m b\u1ea3o th\u1ecfa m\u00e3n c\u00e1c y\u00eau c\u1ea7u sau:<\/p>\n\n\n\n<ul class=\"wp-block-list\">\n<li>Th\u1ecfa m\u00e3n m\u1ed9t trong nh\u1eefng \u0111i\u1ec1u ki\u1ec7n sau.\n<\/li>\n\n\n\n<li>\u0110\u00e3 t\u1ed1t nghi\u1ec7p ho\u1eb7c d\u1ef1 ki\u1ebfn s\u1ebd t\u1ed1t nghi\u1ec7p c\u1ea5p 3 v\u00e0o th\u1eddi \u0111i\u1ec3m d\u1ef1 ki\u1ebfn nh\u1eadp h\u1ecdc.<\/li>\n\n\n\n<li>\u0110\u00e3 ho\u00e0n th\u00e0nh ho\u1eb7c s\u1ebd ho\u00e0n th\u00e0nh 12 n\u0103m h\u1ecdc v\u00e0o th\u1eddi \u0111i\u1ec3m d\u1ef1 ki\u1ebfn nh\u1eadp h\u1ecdc.<\/li>\n\n\n\n<li>\u0110\u1ee7 18 tu\u1ed5i t\u00ednh \u0111\u1ebfn ng\u00e0y th\u1eddi \u0111i\u1ec3m nh\u1eadp h\u1ecdc v\u00e0 \u0111\u01b0\u1ee3c hi\u1ec7u tr\u01b0\u1edfng nh\u00e0 tr\u01b0\u1eddng c\u00f4ng nh\u1eadn c\u00f3 \u0111\u1ee7 n\u0103ng l\u1ef1c h\u1ecdc t\u1eadp.<\/li>\n\n\n\n<li>Ng\u01b0\u1eddi c\u00f3 th\u1ec3 xin t\u01b0 c\u00e1ch l\u01b0u tr\u00fa l\u00e0 &#8220;du h\u1ecdc&#8221; v\u1edbi m\u1ee5c \u0111\u00edch h\u1ecdc t\u1eadp t\u1ea1i tr\u01b0\u1eddng theo lu\u1eadt di d\u00e2n v\u00e0 qu\u1ea3n l\u00fd xu\u1ea5t nh\u1eadp c\u1ea3nh sau khi nh\u1eadp h\u1ecdc.<\/li>\n\n\n\n<li>C\u00f3 n\u0103ng l\u1ef1c ti\u1ebfng Nh\u1eadt t\u01b0\u01a1ng \u0111\u01b0\u01a1ng tr\u00ecnh \u0111\u1ed9 JLPT N2 ho\u1eb7c \u0111\u1ea1t \u0111\u01b0\u1ee3c EJU t\u1eeb 220 \u0111i\u1ec3m tr\u1edf l\u00ean (kh\u00f4ng t\u00ednh ph\u1ea7n thi ti\u1ebfng Nh\u1eadt v\u00e0 thi vi\u1ebft)<\/li>\n<\/ul>\n\n\n\n<p>L\u01b0u \u00fd:<br>\n\u30fb\u0110\u1ed1i v\u1edbi th\u00ed sinh \u0111ang ho\u1eb7c \u0111\u00e3 theo h\u1ecdc t\u1ea1i c\u00e1c tr\u01b0\u1eddng ti\u1ebfng Nh\u1eadt ho\u1eb7c tr\u01b0\u1eddng senmon ph\u1ea3i c\u00f3 t\u1ec9 l\u1ec7 l\u00ean l\u1edbp tr\u00ean 80%.<br>\n\u30fbKh\u00f4ng b\u1eaft bu\u1ed9c n\u1ed9p b\u1eb1ng EJU ho\u1eb7c JLPT.<\/p>\n\n\n\n<h2 class=\"wp-block-heading\">H\u1ed3 s\u01a1 d\u1ef1 thi<\/h2>\n\n\n\n<p>Xem h\u01b0\u1edbng d\u1eabn tuy\u1ec3n sinh \u0111\u1ec3 bi\u1ebft th\u00eam chi ti\u1ebft y\u00eau c\u1ea7u tuy\u1ec3n sinh v\u00e0 h\u1ed3 s\u01a1 cho t\u1eebng h\u00ecnh th\u1ee9c d\u1ef1 thi.<\/p>\n\n\n\n<div class=\"wp-block-buttons is-layout-flex wp-block-buttons-is-layout-flex\">\n<div class=\"wp-block-button\"><a class=\"wp-block-button__link wp-element-button\" href=\"https:\/\/www.dhw.ac.jp\/wp\/wp-content\/uploads\/2024\/07\/DHU_2025_Youkou_residing_outside_japan_0725.pdf\">H\u01b0\u1edbng d\u1eabn tuy\u1ec3n sinh (k\u1ef3 th\u00e1ng 4\/2025)<\/a><\/div>\n<\/div>\n\n\n\n<h2 class=\"wp-block-heading\">L\u1ecbch thi d\u00e0nh cho th\u00ed sinh c\u01b0 tr\u00fa t\u1ea1i n\u01b0\u1edbc ngo\u00e0i<\/h2>\n\n\n\n<p>Ng\u00e0y thi ch\u00ednh th\u1ee9c cho t\u1eebng th\u00ed sinh s\u1ebd \u0111\u01b0\u1ee3c th\u00f4ng b\u00e1o sau h\u1ea1n n\u1ed9p h\u1ed3 s\u01a1. Th\u00ed sinh KH\u00d4NG \u0110\u01af\u1ee2C ch\u1ecdn ng\u00e0y thi.<\/p>\n\n\n\n<h2 class=\"wp-block-heading\">\u0110\u0103ng k\u00fd online<\/h2>\n\n\n\n<p>Th\u00ed sinh ph\u1ea3i ho\u00e0n th\u00e0nh vi\u1ec7c \u0111\u0103ng k\u00fd d\u1ef1 thi tr\u00ean website v\u00e0 thanh to\u00e1n ph\u00ed d\u1ef1 thi tr\u01b0\u1edbc khi n\u1ed9p h\u1ed3 s\u01a1.<\/p>\n\n\n\n<div class=\"wp-block-buttons is-layout-flex wp-block-buttons-is-layout-flex\">\n<div class=\"wp-block-button\"><a class=\"wp-block-button__link wp-element-button\" href=\"https:\/\/e-apply.jp\/ds\/dhw\/\" target=\"_blank\" rel=\"noreferrer noopener\">\u0110\u0103ng k\u00fd online<\/a><\/div>\n<\/div>\n\n\n\n<h2 class=\"wp-block-heading\">L\u1ec7 ph\u00ed d\u1ef1 thi<\/h2>\n\n\n\n<h3 class=\"wp-block-heading\">33,000 yen<\/h3>\n\n\n\n<h2 class=\"wp-block-heading\">T\u01b0 v\u1ea5n ri\u00eang<\/h2>\n\n\n\n<p>\u0110\u1ea1i h\u1ecdc Digital Hollywood c\u00f3 th\u1ec3 s\u1eafp x\u1ebfp l\u1ecbch t\u01b0 v\u1ea5n ri\u00eang trong 30 ph\u00fat b\u1eb1ng nhi\u1ec1u ng\u00f4n ng\u1eef th\u00f4ng qua Zoom m\u1ed7i th\u1ee9 4 h\u00e0ng tu\u1ea7n.<br>B\u1ea1n c\u00f3 th\u1ec3 \u0111\u0103ng k\u00fd <a rel=\"noreferrer noopener\" href=\"https:\/\/onlineconsultation.youcanbook.me\/\" target=\"_blank\">th\u00f4ng qua m\u1eabu d\u01b0\u1edbi \u0111\u00e2y<\/a> <\/p>\n\n\n\n<p>Ng\u00f4n ng\u1eef: Ti\u1ebfng Vi\u1ec7t, ti\u1ebfng Nh\u1eadt, ti\u1ebfng Anh, ti\u1ebfng Trung, ti\u1ebfng H\u00e0n.<br>Ng\u00e0y: Th\u1ee9 T\u01b0 h\u00e0ng tu\u1ea7n<br>Th\u1eddi gian: 11:00~19:00 (Gi\u1edd Nh\u1eadt)<br>L\u01b0u \u00fd: &#8211; C\u00f3 th\u1ec3 \u0111\u1eb7t tr\u01b0\u1edbc t\u1ed1i thi\u1ec3u m\u1ed9t ng\u00e0y<br>           &#8211; C\u1ea7n c\u00f3 Zoom \u0111\u1ec3 tham gia bu\u1ed5i t\u01b0 v\u1ea5n<\/p>\n\n\n\n<h2 class=\"wp-block-heading\">Th\u1eafc m\u1eafc<\/h2>\n\n\n\n<p>M\u1ecdi th\u1eafc m\u1eafc li\u00ean quan \u0111\u1ebfn quy tr\u00ecnh tuy\u1ec3n sinh b\u1eadc \u0111\u1ea1i h\u1ecdc xin g\u1eedi v\u1ec1: <br>E-mail: <a href=\"mailto:nyushi@dhw.ac.jp\">nyushi@dhw.ac.jp<\/a><br>\n(Ng\u00f4n ng\u1eef s\u1eed d\u1ee5ng: Ti\u1ebfng Vi\u1ec7t, ti\u1ebfng Nh\u1eadt, ti\u1ebfng Anh, ti\u1ebfng Trung, ti\u1ebfng H\u00e0n)<\/p>\n","protected":false},"excerpt":{"rendered":"<p>\u0110i\u1ec1u ki\u1ec7n \u0111\u0103ng k\u00fd (Nh\u1eadp h\u1ecdc th\u00e1ng 4) Ph\u00ed d\u1ef1 thi Th\u00ed sinh \u0111\u1ea3m b\u1ea3o th\u1ecfa m\u00e3n c\u00e1c y\u00eau c\u1ea7u sau: L\u01b0u \u00fd: \u30fb\u0110\u1ed1i v\u1edbi th\u00ed [&hellip;]<\/p>\n","protected":false},"author":9,"featured_media":0,"parent":178,"menu_order":0,"comment_status":"closed","ping_status":"closed","template":"page-templates\/hanyo.php","meta":{"_acf_changed":false,"inline_featured_image":false,"footnotes":""},"class_list":{"0":"post-255","1":"page","2":"type-page","3":"status-publish","5":"c-entry"},"acf":[],"_links":{"self":[{"href":"https:\/\/www.dhw.ac.jp\/vn\/wp-json\/wp\/v2\/pages\/255","targetHints":{"allow":["GET"]}}],"collection":[{"href":"https:\/\/www.dhw.ac.jp\/vn\/wp-json\/wp\/v2\/pages"}],"about":[{"href":"https:\/\/www.dhw.ac.jp\/vn\/wp-json\/wp\/v2\/types\/page"}],"author":[{"embeddable":true,"href":"https:\/\/www.dhw.ac.jp\/vn\/wp-json\/wp\/v2\/users\/9"}],"replies":[{"embeddable":true,"href":"https:\/\/www.dhw.ac.jp\/vn\/wp-json\/wp\/v2\/comments?post=255"}],"version-history":[{"count":9,"href":"https:\/\/www.dhw.ac.jp\/vn\/wp-json\/wp\/v2\/pages\/255\/revisions"}],"predecessor-version":[{"id":339,"href":"https:\/\/www.dhw.ac.jp\/vn\/wp-json\/wp\/v2\/pages\/255\/revisions\/339"}],"up":[{"embeddable":true,"href":"https:\/\/www.dhw.ac.jp\/vn\/wp-json\/wp\/v2\/pages\/178"}],"wp:attachment":[{"href":"https:\/\/www.dhw.ac.jp\/vn\/wp-json\/wp\/v2\/media?parent=255"}],"curies":[{"name":"wp","href":"https:\/\/api.w.org\/{rel}","templated":true}]}}