{"id":261,"date":"2024-05-24T20:01:29","date_gmt":"2024-05-24T11:01:29","guid":{"rendered":"https:\/\/www.dhw.ac.jp\/vn\/?page_id=261"},"modified":"2025-08-19T18:09:46","modified_gmt":"2025-08-19T09:09:46","slug":"tuition","status":"publish","type":"page","link":"https:\/\/www.dhw.ac.jp\/vn\/admissions\/tuition\/","title":{"rendered":"H\u1ecdc ph\u00ed"},"content":{"rendered":"\n<p>H\u1ecdc ph\u00ed d\u01b0\u1edbi \u0111\u00e2y d\u00e0nh cho t\u1ea5t c\u1ea3 sinh vi\u00ean<\/p>\n\n\n\n<h2 class=\"wp-block-heading\">H\u1ecdc ph\u00ed (N\u0103m \u0111\u1ea7u)<\/h2>\n\n\n\n<figure class=\"wp-block-flexible-table-block-table\"><table class=\"has-fixed-layout\" style=\"width:100%\"><tbody><tr><th style=\"vertical-align:top;width:33%\"><\/th><th style=\"vertical-align:top;width:33%\">K\u1ef3 \u0111\u1ea7u<\/th><th style=\"vertical-align:top\">K\u1ef3 sau<\/th><\/tr><tr><th style=\"vertical-align:top\"><strong>Ph\u00ed nh\u1eadp h\u1ecdc<\/strong><\/th><td style=\"vertical-align:top\">250,000 yen<\/td><td>&#8211;<\/td><\/tr><tr><th style=\"vertical-align:top\"><strong>H\u1ecdc ph\u00ed<\/strong><\/th><td style=\"vertical-align:top\">520,000 yen<\/td><td>520,000 yen<\/td><\/tr><tr><th style=\"vertical-align:top\"><strong><strong>C\u01a1 s\u1edf v\u1eadt ch\u1ea5t<\/strong><\/strong><\/th><td style=\"vertical-align:top\">250,000 yen<\/td><td>&#8211;<\/td><\/tr><tr><th style=\"vertical-align:top\"><strong>Ph\u00ed th\u1ef1c h\u00e0nh<\/strong><\/th><td style=\"width:75%\">250,000 yen<\/td><td>&#8211;<\/td><\/tr><tr><th style=\"vertical-align:top\"><strong>T\u1ed5ng<\/strong><\/th><td style=\"vertical-align:top\">1,270,000 yen<\/td><td>520,000 yen<\/td><\/tr><\/tbody><\/table><\/figure>\n\n\n\n<h2 class=\"wp-block-heading\">H\u1ecdc ph\u00ed (t\u1eeb n\u0103m hai tr\u1edf \u0111i)<\/h2>\n\n\n\n<figure class=\"wp-block-flexible-table-block-table\"><table class=\"has-fixed-layout\" style=\"width:100%\"><tbody><tr><th style=\"vertical-align:top;width:33%\"><\/th><th style=\"vertical-align:top;width:33%\">K\u1ef3 \u0111\u1ea7u<\/th><th style=\"vertical-align:top\">K\u1ef3 sau<\/th><\/tr><tr><th style=\"vertical-align:top;width:33%\"><strong>H\u1ecdc ph\u00ed<\/strong><\/th><td style=\"vertical-align:top;width:33%\">520,000 yen<\/td><td>520,000 yen<\/td><\/tr><tr><th style=\"vertical-align:top;width:33%\"><strong>C\u01a1 s\u1edf v\u1eadt ch\u1ea5t<\/strong><\/th><td>250,000 yen<\/td><td>&#8211;<\/td><\/tr><tr><th style=\"vertical-align:top;width:33%\"><strong>Ph\u00ed th\u1ef1c h\u00e0nh<\/strong><\/th><td style=\"vertical-align:top;width:33%\">250,000 yen<\/td><td>&#8211;<\/td><\/tr><tr><th style=\"vertical-align:top;width:33%\"><strong>T\u1ed5ng<\/strong><\/th><td>1,020,000 yen<\/td><td>520,000 yen<\/td><\/tr><\/tbody><\/table><\/figure>\n\n\n\n<p>\u203b H\u1ecdc ph\u00ed c\u00f3 th\u1ec3 \u0111\u00f3ng theo n\u0103m ho\u1eb7c chia th\u00e0nh 2 k\u1ef3 \u0111\u1ec3 \u0111\u00f3ng: Cu\u1ed1i th\u00e1ng T\u01b0 (K\u1ef3 \u0111\u1ea7u) v\u00e0 cu\u1ed1i th\u00e1ng Ch\u00edn (k\u1ef3 sau).<br> \u203b Sinh vi\u00ean s\u1ebd ph\u1ea3i n\u1ed9p b\u1ea3o hi\u1ec3m sinh vi\u00ean (4,660yen), ph\u00ed h\u1ed9i h\u1ecdc sinh (30,000 yen) trong n\u0103m \u0111\u1ea7u ti\u00ean.<br> \u203b Sinh vi\u00ean s\u1ebd ph\u1ea3i t\u1ef1 chu\u1ea9n b\u1ecb m\u00e1y t\u00ednh v\u00e0 ph\u1ea7n m\u1ec1m. Sinh vi\u00ean nh\u1eadp h\u1ecdc s\u1ebd \u0111\u01b0\u1ee3c \u00e1p d\u1ee5ng ch\u01b0\u01a1ng tr\u00ecnh gi\u1ea3m gi\u00e1 sinh vi\u00ean.<br> \u203b Ph\u00ed nh\u1eadp h\u1ecdc sau khi \u0111\u00f3ng s\u1ebd kh\u00f4ng \u0111\u01b0\u1ee3c tr\u1ea3 l\u1ea1i.<br> \u203b Trong tr\u01b0\u1eddng h\u1ee3p th\u00ed sinh t\u1eeb ch\u1ed1i nh\u1eadp h\u1ecdc sau khi ho\u00e0n th\u00e0nh vi\u1ec7c \u0111\u00f3ng ti\u1ec1n h\u1ecdc, ph\u00ed c\u01a1 s\u1edf v\u1eadt ch\u1ea5t v\u00e0 ph\u00ed th\u1ef1c h\u00e0nh; th\u00ed sinh c\u00f3 ngh\u0129a v\u1ee5 li\u00ean l\u1ea1c v\u1edbi nh\u00e0 tr\u01b0\u1eddng tr\u01b0\u1edbc ng\u00e0y 31\/3 \u0111\u1ec3 \u0111\u01b0\u1ee3c ho\u00e0n tr\u1ea3 l\u1ea1i c\u00e1c kho\u1ea3n ph\u00ed \u0111\u00e3 \u0111\u00f3ng. Tuy nhi\u00ean, ph\u00ed nh\u1eadp h\u1ecdc s\u1ebd kh\u00f4ng \u0111\u01b0\u1ee3c ho\u00e0n tr\u1ea3.<br> \u203b C\u00e1c lo\u1ea1i ph\u00ed \u1edf tr\u00ean c\u00f3 th\u1ec3 thay \u0111\u1ed5i ph\u1ee5 thu\u1ed9c v\u00e0o t\u00ecnh h\u00ecnh x\u00e3 h\u1ed9i.<\/p>\n\n\n\n<h2 class=\"wp-block-heading\">H\u1ecdc b\u1ed5ng cho du h\u1ecdc sinh<\/h2>\n\n\n\n<p>Tr\u01b0\u1eddng c\u00f3 ch\u01b0\u01a1ng tr\u00ecnh mi\u1ec5n gi\u1ea3m h\u1ecdc ph\u00ed v\u00e0 h\u1ecdc b\u1ed5ng cho c\u00e1c sinh vi\u00ean di\u1ec7n t\u01b0 ph\u00ed nh\u01b0 sau:<\/p>\n\n\n\n<figure class=\"wp-block-flexible-table-block-table is-scroll-on-mobile\"><table class=\"\" style=\"width:1000px\"><tbody><tr><th>Lo\u1ea1i h\u1ecdc b\u1ed5ng<\/th><th>Th\u1eddi gian<\/th><th>Y\u00eau c\u1ea7u<\/th><th>C\u00e1ch th\u1ee9c tuy\u1ec3n ch\u1ecdn<\/th><\/tr><tr><th><strong>H\u1ecdc b\u1ed5ng cho sinh vi\u00ean xu\u1ea5t s\u1eafc (1)<\/strong><br>\n<strong>Mi\u1ec5n gi\u1ea3m 100% h\u1ecdc ph\u00ed (1,040,000 yen)<\/strong><\/th><td>T\u1ed1i \u0111a 4 n\u0103m<\/td><td rowspan=\"4\"><br>\n1. Th\u00ed sinh ph\u1ea3i \u0111\u00e1p \u1ee9ng t\u1ea5t c\u1ea3 c\u00e1c y\u00eau c\u1ea7u d\u01b0\u1edbi \u0111\u00e2y.<br>\n<a rel=\"noreferrer noopener\" href=\"\/vn\/admissions\/domestic\/\">Y\u00eau c\u1ea7u c\u1ee5 th\u1ec3<\/a><br>\n2. Th\u00ed sinh ph\u1ea3i n\u1ed9p \u0111\u1ea7u \u0111\u1ee7 h\u1ed3 s\u01a1 ph\u1ee5 thu\u1ed9c v\u00e0o h\u00ecnh th\u1ee9c d\u1ef1 thi b\u1ea3n th\u00e2n l\u1ef1a ch\u1ecdn.<br>\nH\u00ecnh th\u1ee9c 1: D\u1ef1 thi b\u1eb1ng t\u00e1c ph\u1ea9m<br>\nH\u00ecnh th\u1ee9c 2: D\u1ef1 thi b\u1eb1ng k\u1ebf ho\u1ea1ch<br>\nH\u00ecnh th\u1ee9c 3: D\u1ef1 thi b\u1eb1ng ti\u1ebfng Anh (ch\u1ec9 th\u00ed sinh ng\u01b0\u1eddi Nh\u1eadt)<br>\nH\u00ecnh th\u1ee9c 4: D\u1ef1 thi b\u1eb1ng e-sports<br>\n<a rel=\"noreferrer noopener\" href=\"\/entrance\/exam\/scholarship\/\">Y\u00eau c\u1ea7u c\u1ee5 th\u1ec3 c\u1ee7a t\u1eebng h\u00ecnh th\u1ee9c<\/a>\n<\/td><td rowspan=\"4\">\n\u30fbX\u00e9t tuy\u1ec3n h\u1ed3 s\u01a1<br>\n\u30fbB\u00e0i tr\u1eafc nghi\u1ec7m ki\u1ebfn th\u1ee9c t\u1ed5ng h\u1ee3p<br>\n\u30fbPh\u1ecfng v\u1ea5n\n<\/td><\/tr><tr><th><strong>H\u1ecdc b\u1ed5ng cho sinh vi\u00ean xu\u1ea5t s\u1eafc (2)<br>\nMi\u1ec5n gi\u1ea3m 50% h\u1ecdc ph\u00ed (520,000 yen)<\/strong><\/th><td>T\u1ed1i \u0111a 4 n\u0103m<\/td><\/tr><tr><th><strong>H\u1ecdc b\u1ed5ng cho sinh vi\u00ean xu\u1ea5t s\u1eafc (3)<br>\nMi\u1ec5n gi\u1ea3m 25% h\u1ecdc ph\u00ed (260,000 yen)<\/strong><\/th><td>T\u1ed1i \u0111a 4 n\u0103m<\/td><\/tr><tr><th><strong>H\u1ecdc b\u1ed5ng cho sinh vi\u00ean xu\u1ea5t s\u1eafc (4)<br>\nMi\u1ec5n gi\u1ea3m 25% h\u1ecdc ph\u00ed (260,000 yen)<\/strong><\/th><td>Ch\u1ec9 n\u0103m \u0111\u1ea7u ti\u00ean<\/td><\/tr><tr><th><strong>H\u1ecdc b\u1ed5ng ASEAN<br>\nMi\u1ec5n gi\u1ea3m 50% h\u1ecdc ph\u00ed (520,000 yen)<\/strong><\/th><td>T\u1ed1i \u0111a 4 n\u0103m<\/td><td>1. Th\u00ed sinh ph\u1ea3i \u0111\u00e1p \u1ee9ng \u0111\u1ea7y \u0111\u1ee7 c\u00e1c \u0111i\u1ec1u ki\u1ec7n d\u01b0\u1edbi \u0111\u00e2y.<br> <a rel=\"noreferrer noopener\" href=\"\/vn\/admissions\/domestic\/\">Chi ti\u1ebft \u0111i\u1ec1u ki\u1ec7n<\/a><br> 2. Th\u00ed sinh ph\u1ea3i c\u00f3 qu\u1ed1c t\u1ecbch c\u1ee7a qu\u1ed1c gia thu\u1ed9c kh\u1ed1i ASEAN.<br> 3. Thu nh\u1eadp h\u00e0ng n\u0103m c\u1ee7a ng\u01b0\u1eddi b\u1ea3o h\u1ed9 ph\u1ea3i d\u01b0\u1edbi 4 tri\u1ec7u yen.<br> L\u01b0u \u00fd: C\u00e1c th\u00ed sinh c\u00f3 th\u1ec3 \u0111\u01b0\u1ee3c y\u00eau c\u1ea7u n\u1ed9p b\u1ed5 sung ch\u1ee9ng minh thu nh\u1eadp c\u1ee7a ng\u01b0\u1eddi b\u1ea3o h\u1ed9<\/td><td>\u30fbX\u00e9t tuy\u1ec3n h\u1ed3 s\u01a1<br>\u30fbB\u00e0i tr\u1eafc nghi\u1ec7m ki\u1ebfn th\u1ee9c t\u1ed5ng h\u1ee3p<br>\u30fbPh\u1ecfng v\u1ea5n<\/td><\/tr><tr><th><strong>H\u1ecdc b\u1ed5ng DHU tr\u1ee3 c\u1ea5p 50,000 yen\/ th\u00e1ng<\/strong><\/th><td>T\u1ed1i \u0111a 4 n\u0103m<\/td><td>\u203bH\u1ecdc b\u1ed5ng n\u00e0y ch\u1ec9 c\u00f3 th\u1ec3 n\u1ed9p \u0111\u01a1n sau khi \u0111\u00e3 nh\u1eadp h\u1ecdc.<br>1. H\u1ecdc sinh ph\u1ea3i c\u00f3 k\u1ebft qu\u1ea3 h\u1ecdc t\u1eadp v\u00e0 t\u1ec9 l\u1ec7 l\u00ean l\u1edbp xu\u1ea5t s\u1eafc.<\/td><td>\u30fbTh\u00e0nh t\u00edch h\u1ecdc t\u1eadp<br>\u30fbT\u1ec9 l\u1ec7 l\u00ean l\u1edbp<\/td><\/tr><\/tbody><\/table><\/figure>\n\n\n\n<h2 class=\"wp-block-heading\">L\u1ecbch n\u1ed9p h\u1ed3 s\u01a1 gi\u00e0nh h\u1ecdc b\u1ed5ng<\/h2>\n\n\n\n<p>Th\u00f4ng tin chi ti\u1ebft v\u1ec1 y\u00eau c\u1ea7u c\u1ee7a h\u1ecdc b\u1ed5ng v\u00e0 k\u1ef3 thi c\u00f3 th\u1ec3 t\u00ecm th\u1ea5y trong H\u01b0\u1edbng d\u1eabn tuy\u1ec3n sinh cho th\u00ed sinh trong v\u00e0 ngo\u00e0i Nh\u1eadt B\u1ea3n.<\/p>\n\n\n\n<p>\u203bH\u01b0\u1edbng d\u1eabn tuy\u1ec3n sinh k\u1ef3 nh\u1eadp h\u1ecdc th\u00e1ng 4\/2025 d\u1ef1 ki\u1ebfn s\u1ebd ra m\u1eaft v\u00e0o th\u00e1ng 7\/2024.<\/p>\n\n\n\n<h2 class=\"wp-block-heading\">Th\u1eafc m\u1eafc<\/h2>\n\n\n\n<p>Li\u00ean h\u1ec7 v\u1edbi ch\u00fang t\u00f4i qua email \u0111\u1ec3 \u0111\u01b0\u1ee3c gi\u1ea3i \u0111\u00e1p th\u1eafc m\u1eafc v\u1ec1 h\u1ecdc b\u1ed5ng ho\u1eb7c h\u1ecdc ph\u00ed: <\/p>\n\n\n\n<p>E-mail: <a href=\"mailto:nyushi@dhw.ac.jp\">nyushi@dhw.ac.jp<\/a><br>\n(Ng\u00f4n ng\u1eef: ti\u1ebfng Vi\u1ec7t, ti\u1ebfng Nh\u1eadt, ti\u1ebfng Anh, ti\u1ebfng Trung, ti\u1ebfng H\u00e0n)<\/p>\n","protected":false},"excerpt":{"rendered":"<p>H\u1ecdc ph\u00ed d\u01b0\u1edbi \u0111\u00e2y d\u00e0nh cho t\u1ea5t c\u1ea3 sinh vi\u00ean H\u1ecdc ph\u00ed (N\u0103m \u0111\u1ea7u) H\u1ecdc ph\u00ed (t\u1eeb n\u0103m hai tr\u1edf \u0111i) \u203b H\u1ecdc ph\u00ed c\u00f3 th\u1ec3 \u0111\u00f3ng [&hellip;]<\/p>\n","protected":false},"author":9,"featured_media":0,"parent":178,"menu_order":0,"comment_status":"closed","ping_status":"closed","template":"page-templates\/hanyo.php","meta":{"_acf_changed":false,"inline_featured_image":false,"footnotes":""},"class_list":{"0":"post-261","1":"page","2":"type-page","3":"status-publish","5":"c-entry"},"acf":[],"_links":{"self":[{"href":"https:\/\/www.dhw.ac.jp\/vn\/wp-json\/wp\/v2\/pages\/261","targetHints":{"allow":["GET"]}}],"collection":[{"href":"https:\/\/www.dhw.ac.jp\/vn\/wp-json\/wp\/v2\/pages"}],"about":[{"href":"https:\/\/www.dhw.ac.jp\/vn\/wp-json\/wp\/v2\/types\/page"}],"author":[{"embeddable":true,"href":"https:\/\/www.dhw.ac.jp\/vn\/wp-json\/wp\/v2\/users\/9"}],"replies":[{"embeddable":true,"href":"https:\/\/www.dhw.ac.jp\/vn\/wp-json\/wp\/v2\/comments?post=261"}],"version-history":[{"count":7,"href":"https:\/\/www.dhw.ac.jp\/vn\/wp-json\/wp\/v2\/pages\/261\/revisions"}],"predecessor-version":[{"id":343,"href":"https:\/\/www.dhw.ac.jp\/vn\/wp-json\/wp\/v2\/pages\/261\/revisions\/343"}],"up":[{"embeddable":true,"href":"https:\/\/www.dhw.ac.jp\/vn\/wp-json\/wp\/v2\/pages\/178"}],"wp:attachment":[{"href":"https:\/\/www.dhw.ac.jp\/vn\/wp-json\/wp\/v2\/media?parent=261"}],"curies":[{"name":"wp","href":"https:\/\/api.w.org\/{rel}","templated":true}]}}