{"id":58,"date":"2024-03-19T11:38:43","date_gmt":"2024-03-19T02:38:43","guid":{"rendered":"https:\/\/www.dhw.ac.jp\/vn\/?page_id=58"},"modified":"2024-07-04T10:09:54","modified_gmt":"2024-07-04T01:09:54","slug":"top","status":"publish","type":"page","link":"https:\/\/www.dhw.ac.jp\/vn\/","title":{"rendered":"TOP"},"content":{"rendered":"\n<section class=\"wp-block-group c-recommend is-layout-constrained wp-block-group-is-layout-constrained\">\n<h2 class=\"wp-block-heading is-style-default\">N\u1ed9i dung g\u1ee3i \u00fd<\/h2>\n\n\n\n<div class=\"wp-block-group c-recommend__slider is-nowrap is-layout-flex wp-container-core-group-is-layout-f66f9956 wp-block-group-is-layout-flex\">\n<div class=\"wp-block-group is-vertical is-layout-flex wp-container-core-group-is-layout-fe9cc265 wp-block-group-is-layout-flex\">\n<figure class=\"wp-block-image size-full\"><img loading=\"lazy\" decoding=\"async\" width=\"1380\" height=\"920\" src=\"https:\/\/www.dhw.ac.jp\/vn\/wp-content\/uploads\/sites\/5\/2024\/06\/p66_entrance.jpg\" alt=\"\" class=\"wp-image-320\" \/><\/figure>\n\n\n\n<h3 class=\"wp-block-heading\"><a href=\"https:\/\/www.dhw.ac.jp\/vn\/about\/facility\/\">C\u01a1 s\u1edf v\u1eadt ch\u1ea5t<\/a><\/h3>\n\n\n\n<p>\u0110\u1ea1i h\u1ecdc Digital Hollywood t\u1ecda l\u1ea1c t\u1ea1i trung t\u00e2m Tokyo gi\u1eefa ga Ochanomizu v\u00e0 Akihabara. Ochanomizu l\u00e0 khu v\u1ef1c trung t\u00e2m Tokyo, c\u00f2n Akihabara l\u00e0 c\u00e1i n\u00f4i v\u0103n h\u00f3a \u0111\u1ea1i ch\u00fang Nh\u1eadt B\u1ea3n. DHU \u0111\u01b0\u1ee3c trang b\u1ecb c\u00e1c c\u01a1 s\u1edf v\u1eadt ch\u1ea5t hi\u1ec7n \u0111\u1ea1i gi\u00fap sinh vi\u00ean c\u00f3 th\u1ec3 c\u00f3 nh\u1eefng tr\u1ea3i nghi\u1ec7m t\u1ed1t nh\u1ea5t khi h\u1ecdc t\u1eadp.<\/p>\n<\/div>\n\n\n\n<div class=\"wp-block-group is-vertical is-layout-flex wp-container-core-group-is-layout-fe9cc265 wp-block-group-is-layout-flex\">\n<figure class=\"wp-block-image size-full\"><img loading=\"lazy\" decoding=\"async\" width=\"1380\" height=\"920\" src=\"https:\/\/www.dhw.ac.jp\/vn\/wp-content\/uploads\/sites\/5\/2024\/03\/img03.jpg\" alt=\"\" class=\"wp-image-47\" \/><\/figure>\n\n\n\n<h3 class=\"wp-block-heading\"><a href=\"\/now\">DHU NOW<\/a><\/h3>\n\n\n\n<p>C\u1eadp nh\u1eadt nh\u1eefng th\u00f4ng tin m\u1edbi nh\u1ea5t v\u1ec1 \u0110\u1ea1i h\u1ecdc Digital Hollywood<\/p>\n<\/div>\n\n\n\n<div class=\"wp-block-group is-vertical is-layout-flex wp-container-core-group-is-layout-fe9cc265 wp-block-group-is-layout-flex\">\n<figure class=\"wp-block-image size-full\"><img loading=\"lazy\" decoding=\"async\" width=\"1380\" height=\"920\" src=\"https:\/\/www.dhw.ac.jp\/vn\/wp-content\/uploads\/sites\/5\/2024\/06\/img36.jpg\" alt=\"\" class=\"wp-image-321\" \/><\/figure>\n\n\n\n<h3 class=\"wp-block-heading\"><a href=\"https:\/\/www.dhw.ac.jp\/vn\/about\/message\/\">Th\u00f4ng \u0111i\u1ec7p t\u1eeb th\u1ea7y hi\u1ec7u tr\u01b0\u1edfng<\/a><\/h3>\n\n\n\n<p>D\u01b0\u1eddng nh\u01b0 ch\u00fang ta \u0111\u00e3 \u0111\u1ebfn \u0111i\u1ec3m b\u1eaft \u0111\u1ea7u c\u1ee7a t\u01b0\u01a1ng lai.<\/p>\n<\/div>\n<\/div>\n<\/section>\n\n\n\n<div class=\"wp-block-group c-tour is-layout-constrained wp-block-group-is-layout-constrained\">\n<h2 class=\"wp-block-heading has-text-align-center\">Campus tour<\/h2>\n\n\n\n<figure class=\"wp-block-embed is-type-video is-provider-youtube wp-block-embed-youtube wp-embed-aspect-16-9 wp-has-aspect-ratio\"><div class=\"wp-block-embed__wrapper\">\n<div class=\"c-responsive-container-16-9\"><iframe loading=\"lazy\" title=\"\u3010DHU\u3011\u30ad\u30e3\u30f3\u30d1\u30b9\u30c4\u30a2\u30fc2022\u3010\u30c7\u30b8\u30bf\u30eb\u30cf\u30ea\u30a6\u30c3\u30c9\u5927\u5b66\u3011\" width=\"1220\" height=\"686\" src=\"https:\/\/www.youtube.com\/embed\/3zJWzpF6bto?feature=oembed\" frameborder=\"0\" allow=\"accelerometer; autoplay; clipboard-write; encrypted-media; gyroscope; picture-in-picture; web-share\" referrerpolicy=\"strict-origin-when-cross-origin\" allowfullscreen><\/iframe><\/div>\n<\/div><figcaption class=\"wp-element-caption\">DHU Campus Tour 2023<\/figcaption><\/figure>\n\n\n\n<h3 class=\"wp-block-heading has-text-align-center\">Mu\u1ed1n hi\u1ec3u th\u00eam v\u1ec1 DHU\uff1f<\/h3>\n\n\n\n<div class=\"wp-block-columns is-not-stacked-on-mobile is-layout-flex wp-container-core-columns-is-layout-28f84493 wp-block-columns-is-layout-flex\">\n<div class=\"wp-block-column is-layout-flow wp-block-column-is-layout-flow\">\n<figure class=\"wp-block-embed is-type-video is-provider-youtube wp-block-embed-youtube wp-embed-aspect-16-9 wp-has-aspect-ratio\"><div class=\"wp-block-embed__wrapper\">\n<div class=\"c-responsive-container-16-9\"><iframe loading=\"lazy\" title=\"\u521d\u590f\u306e\u30aa\u30fc\u30d7\u30f3\u30ad\u30e3\u30f3\u30d1\u30b92024day2\u3010\u30c7\u30b8\u30bf\u30eb\u30cf\u30ea\u30a6\u30c3\u30c9\u5927\u5b66\/DHU\u3011\" width=\"1220\" height=\"686\" src=\"https:\/\/www.youtube.com\/embed\/FqbgI1Ku2Bk?feature=oembed\" frameborder=\"0\" allow=\"accelerometer; autoplay; clipboard-write; encrypted-media; gyroscope; picture-in-picture; web-share\" referrerpolicy=\"strict-origin-when-cross-origin\" allowfullscreen><\/iframe><\/div>\n<\/div><figcaption class=\"wp-element-caption\">Open Campus h\u00e8<\/figcaption><\/figure>\n<\/div>\n\n\n\n<div class=\"wp-block-column is-layout-flow wp-block-column-is-layout-flow\">\n<figure class=\"wp-block-embed is-type-video is-provider-youtube wp-block-embed-youtube wp-embed-aspect-16-9 wp-has-aspect-ratio\"><div class=\"wp-block-embed__wrapper\">\n<div class=\"c-responsive-container-16-9\"><iframe loading=\"lazy\" title=\"DIGITAL FRONTIER GRAND PRIX 2024 AFTERMOVIE\" width=\"1220\" height=\"686\" src=\"https:\/\/www.youtube.com\/embed\/lXvNRskbV7w?feature=oembed\" frameborder=\"0\" allow=\"accelerometer; autoplay; clipboard-write; encrypted-media; gyroscope; picture-in-picture; web-share\" referrerpolicy=\"strict-origin-when-cross-origin\" allowfullscreen><\/iframe><\/div>\n<\/div><figcaption class=\"wp-element-caption\">Digital Frontier Prix 2024<\/figcaption><\/figure>\n<\/div>\n<\/div>\n\n\n\n<div class=\"wp-block-buttons is-content-justification-center is-layout-flex wp-container-core-buttons-is-layout-a89b3969 wp-block-buttons-is-layout-flex\">\n<div class=\"wp-block-button\"><a class=\"wp-block-button__link has-text-align-left wp-element-button\" href=\"https:\/\/www.youtube.com\/@dhwtv\/featured\" target=\"_blank\" rel=\"noreferrer noopener\"><strong>Youtube ch\u00ednh th\u1ee9c<\/strong><\/a><\/div>\n<\/div>\n<\/div>\n\n\n\n<section class=\"wp-block-group c-admissions is-vertical is-layout-flex wp-container-core-group-is-layout-fe9cc265 wp-block-group-is-layout-flex\">\n<h2 class=\"wp-block-heading\">Tuy\u1ec3n sinh<\/h2>\n\n\n\n<h3 class=\"wp-block-heading\">Quy tr\u00ecnh tuy\u1ec3n sinh<\/h3>\n\n\n\n<div class=\"wp-block-group c-admissions__slider is-nowrap is-layout-flex wp-container-core-group-is-layout-f66f9956 wp-block-group-is-layout-flex\">\n<div class=\"wp-block-group is-vertical is-layout-flex wp-container-core-group-is-layout-fe9cc265 wp-block-group-is-layout-flex\">\n<div class=\"wp-block-group c-admissions__slider-step is-layout-constrained wp-block-group-is-layout-constrained\">\n<p class=\"has-text-align-center\"><strong>STEP<\/strong><\/p>\n\n\n\n<p class=\"has-text-align-center\"><strong>1<\/strong><\/p>\n<\/div>\n\n\n\n<h4 class=\"wp-block-heading\">Tham gia Open Campus v\u00e0 Ng\u00e0y h\u1ed9i th\u00f4ng tin tuy\u1ec3n sinh<\/h4>\n\n\n\n<p>&#8211; Tham gia c\u00e1c s\u1ef1 ki\u1ec7n online v\u00e0 offline c\u1ee7a tr\u01b0\u1eddng. <br>&#8211; Th\u00f4ng tin chi ti\u1ebft tham kh\u1ea3o website ho\u1eb7c Facebook ch\u00ednh th\u1ee9c.<\/p>\n<\/div>\n\n\n\n<div class=\"wp-block-group is-vertical is-layout-flex wp-container-core-group-is-layout-fe9cc265 wp-block-group-is-layout-flex\">\n<div class=\"wp-block-group c-admissions__slider-step is-layout-constrained wp-block-group-is-layout-constrained\">\n<p class=\"has-text-align-center\"><strong>STEP<\/strong><\/p>\n\n\n\n<p class=\"has-text-align-center\"><strong>2<\/strong><\/p>\n<\/div>\n\n\n\n<h4 class=\"wp-block-heading\">Thi ti\u1ebfng Nh\u1eadt<\/h4>\n\n\n\n<p>D\u1ef1 thi JLPT ho\u1eb7c EJU (kh\u00f4ng b\u1eaft bu\u1ed9c n\u1ed9p b\u1eb1ng).<\/p>\n<\/div>\n\n\n\n<div class=\"wp-block-group is-vertical is-layout-flex wp-container-core-group-is-layout-fe9cc265 wp-block-group-is-layout-flex\">\n<div class=\"wp-block-group c-admissions__slider-step is-layout-constrained wp-block-group-is-layout-constrained\">\n<p class=\"has-text-align-center\"><strong>STEP<\/strong><\/p>\n\n\n\n<p class=\"has-text-align-center\"><strong>3<\/strong><\/p>\n<\/div>\n\n\n\n<h4 class=\"wp-block-heading\">Tra l\u1ecbch thi v\u00e0 c\u00e1c m\u1ee5c d\u1ef1 thi<\/h4>\n\n\n\n<p>Ki\u1ec3m tra c\u00e1c th\u00f4ng tin chi ti\u1ebft trong H\u01b0\u1edbng d\u1eabn tuy\u1ec3n sinh (b\u1eb1ng ti\u1ebfng Nh\u1eadt).<\/p>\n<\/div>\n\n\n\n<div class=\"wp-block-group is-vertical is-layout-flex wp-container-core-group-is-layout-fe9cc265 wp-block-group-is-layout-flex\">\n<div class=\"wp-block-group c-admissions__slider-step is-layout-constrained wp-block-group-is-layout-constrained\">\n<p class=\"has-text-align-center\"><strong>STEP<\/strong><\/p>\n\n\n\n<p class=\"has-text-align-center\"><strong>4<\/strong><\/p>\n<\/div>\n\n\n\n<h4 class=\"wp-block-heading\">Chu\u1ea9n b\u1ecb h\u1ed3 s\u01a1 gi\u1ea5y t\u1edd<\/h4>\n\n\n\n<p>&#8211; M\u1eabu \u0111\u01a1n d\u1ef1 thi c\u00f3 s\u1eb5n c\u1ee7a tr\u01b0\u1eddng.<br>&#8211; C\u00e1c h\u1ed3 s\u01a1 c\u1ea7n thi\u1ebft kh\u00e1c.<\/p>\n<\/div>\n\n\n\n<div class=\"wp-block-group is-vertical is-layout-flex wp-container-core-group-is-layout-fe9cc265 wp-block-group-is-layout-flex\">\n<div class=\"wp-block-group c-admissions__slider-step is-layout-constrained wp-block-group-is-layout-constrained\">\n<p class=\"has-text-align-center\"><strong>STEP<\/strong><\/p>\n\n\n\n<p class=\"has-text-align-center\"><strong>5<\/strong><\/p>\n<\/div>\n\n\n\n<h4 class=\"wp-block-heading\">\u0110\u0103ng k\u00fd h\u1ed3 s\u01a1 tr\u00ean internet v\u00e0 n\u1ed9p h\u1ed3 s\u01a1<\/h4>\n\n\n\n<p>T\u1ea5t c\u1ea3 c\u00e1c ng\u00e0y d\u1ef1 thi \u0111\u1ec1u ph\u1ea3i \u0111\u01b0\u1ee3c \u0111\u0103ng k\u00fd thi online tr\u01b0\u1edbc ti\u00ean. <br>\u0110\u0103ng k\u00fd t\u00e0i kho\u1ea3n tr\u00ean h\u1ec7 th\u1ed1ng, sau \u0111\u00f3 \u0111\u0103ng k\u00fd k\u1ef3 d\u1ef1 thi.<\/p>\n<\/div>\n<\/div>\n\n\n\n<div class=\"wp-block-buttons is-layout-flex wp-block-buttons-is-layout-flex\">\n<div class=\"wp-block-button\"><a class=\"wp-block-button__link has-text-align-left wp-element-button\" href=\"https:\/\/www.dhw.ac.jp\/vn\/admissions\/\"><strong>Th\u00f4ng tin tuy\u1ec3n sinh<\/strong><\/a><\/div>\n\n\n\n<div class=\"wp-block-button\"><a class=\"wp-block-button__link has-text-align-left wp-element-button\" href=\"https:\/\/www.dhw.ac.jp\/vn\/admissions\/tuition\/\"><strong>Th\u00f4ng tin h\u1ecdc b\u1ed5ng<\/strong><\/a><\/div>\n<\/div>\n\n\n\n<div class=\"wp-block-group c-admissions__ready is-vertical is-layout-flex wp-container-core-group-is-layout-fe9cc265 wp-block-group-is-layout-flex\">\n<div class=\"wp-block-group c-admissions__ready-bg is-layout-constrained wp-block-group-is-layout-constrained\">\n<p>Are<\/p>\n\n\n\n<p>You<\/p>\n\n\n\n<p>Ready<\/p>\n<\/div>\n\n\n\n<h3 class=\"wp-block-heading\">C\u00f9ng tham gia Open Campus<\/h3>\n\n\n\n<figure class=\"wp-block-image size-full\"><img loading=\"lazy\" decoding=\"async\" width=\"1920\" height=\"1080\" src=\"https:\/\/www.dhw.ac.jp\/vn\/wp-content\/uploads\/sites\/5\/2024\/06\/1920_1080-1-1.png\" alt=\"\" class=\"wp-image-319\" \/><\/figure>\n\n\n\n<div class=\"wp-block-buttons is-layout-flex wp-block-buttons-is-layout-flex\">\n<div class=\"wp-block-button\"><a class=\"wp-block-button__link wp-element-button\" href=\"https:\/\/www.dhw.ac.jp\/opencampus\/\"><strong>B\u1ea5m v\u00e0o \u0111\u1ec3 \u0111\u0103ng k\u00fd<\/strong><\/a><\/div>\n<\/div>\n\n\n\n<div class=\"wp-block-group c-admissions__col2 is-nowrap is-layout-flex wp-container-core-group-is-layout-f66f9956 wp-block-group-is-layout-flex\">\n<div class=\"wp-block-group is-vertical is-content-justification-center is-layout-flex wp-container-core-group-is-layout-ce155fab wp-block-group-is-layout-flex\">\n<p class=\"has-text-align-center\"><strong>B\u1ea1n mu\u1ed1n bi\u1ebft th\u00eam v\u1ec1 DHU\uff1f<\/strong><\/p>\n\n\n\n<h3 class=\"wp-block-heading has-text-align-center\"><a href=\"https:\/\/www.dhw.ac.jp\/vn\/faq\/\">C\u00e2u h\u1ecfi th\u01b0\u1eddng g\u1eb7p<\/a><\/h3>\n<\/div>\n\n\n\n<div class=\"wp-block-group is-vertical is-content-justification-center is-layout-flex wp-container-core-group-is-layout-ce155fab wp-block-group-is-layout-flex\">\n<p class=\"has-text-align-center\"><strong>Tr\u1ea3i nghi\u1ec7m v\u0103n h\u00f3a c\u1ee7a DHU.<\/strong><\/p>\n\n\n\n<h3 class=\"wp-block-heading has-text-align-center\"><a href=\"https:\/\/www.dhw.ac.jp\/form\/shiryo\/\">\u0110\u0103ng k\u00fd nh\u1eadn t\u00e0i li\u1ec7u<\/a><\/h3>\n<\/div>\n\n\n\n<div class=\"wp-block-group is-vertical is-content-justification-center is-layout-flex wp-container-core-group-is-layout-ce155fab wp-block-group-is-layout-flex\">\n<p class=\"has-text-align-center\"><strong>C\u1ea7n li\u00ean h\u1ec7 v\u1edbi ch\u00fang t\u00f4i?<\/strong><\/p>\n\n\n\n<h3 class=\"wp-block-heading has-text-align-center\"><a href=\"https:\/\/www.dhw.ac.jp\/contact\/\">Th\u00f4ng tin li\u00ean h\u1ec7<\/a><\/h3>\n<\/div>\n\n\n\n<div class=\"wp-block-group is-vertical is-content-justification-center is-layout-flex wp-container-core-group-is-layout-ce155fab wp-block-group-is-layout-flex\">\n<p class=\"has-text-align-center\"><strong>Trao \u0111\u1ed5i tr\u1ef1c ti\u1ebfp v\u1edbi DHU<\/strong><\/p>\n\n\n\n<h3 class=\"wp-block-heading has-text-align-center\"><a rel=\"noreferrer noopener\" href=\"https:\/\/onlineconsultation.youcanbook.me\/\" target=\"_blank\">\u0110\u1eb7t l\u1ecbch t\u01b0 v\u1ea5n<br>tr\u1ef1c tuy\u1ebfn<\/a><\/h3>\n<\/div>\n<\/div>\n<\/div>\n<\/section>\n","protected":false},"excerpt":{"rendered":"<p>N\u1ed9i dung g\u1ee3i \u00fd C\u01a1 s\u1edf v\u1eadt ch\u1ea5t \u0110\u1ea1i h\u1ecdc Digital Hollywood t\u1ecda l\u1ea1c t\u1ea1i trung t\u00e2m Tokyo gi\u1eefa ga Ochanomizu v\u00e0 Akih [&hellip;]<\/p>\n","protected":false},"author":1,"featured_media":0,"parent":0,"menu_order":0,"comment_status":"closed","ping_status":"closed","template":"page-templates\/top.php","meta":{"_acf_changed":false,"inline_featured_image":false,"footnotes":""},"class_list":{"0":"post-58","1":"page","2":"type-page","3":"status-publish","5":"c-entry"},"acf":[],"_links":{"self":[{"href":"https:\/\/www.dhw.ac.jp\/vn\/wp-json\/wp\/v2\/pages\/58","targetHints":{"allow":["GET"]}}],"collection":[{"href":"https:\/\/www.dhw.ac.jp\/vn\/wp-json\/wp\/v2\/pages"}],"about":[{"href":"https:\/\/www.dhw.ac.jp\/vn\/wp-json\/wp\/v2\/types\/page"}],"author":[{"embeddable":true,"href":"https:\/\/www.dhw.ac.jp\/vn\/wp-json\/wp\/v2\/users\/1"}],"replies":[{"embeddable":true,"href":"https:\/\/www.dhw.ac.jp\/vn\/wp-json\/wp\/v2\/comments?post=58"}],"version-history":[{"count":12,"href":"https:\/\/www.dhw.ac.jp\/vn\/wp-json\/wp\/v2\/pages\/58\/revisions"}],"predecessor-version":[{"id":333,"href":"https:\/\/www.dhw.ac.jp\/vn\/wp-json\/wp\/v2\/pages\/58\/revisions\/333"}],"wp:attachment":[{"href":"https:\/\/www.dhw.ac.jp\/vn\/wp-json\/wp\/v2\/media?parent=58"}],"curies":[{"name":"wp","href":"https:\/\/api.w.org\/{rel}","templated":true}]}}